{"id":2209,"date":"2025-02-25T10:26:00","date_gmt":"2025-02-25T02:26:00","guid":{"rendered":"https:\/\/shenhuexcavator.com\/?post_type=product&#038;p=2209"},"modified":"2025-07-17T15:09:51","modified_gmt":"2025-07-17T07:09:51","slug":"used-sany-sy75-75c-excavator","status":"publish","type":"product","link":"https:\/\/shenhuexcavator.com\/de\/produkt\/used-sany-sy75-75c-excavator\/","title":{"rendered":"Gebrauchter Sany SY75 75C Bagger"},"content":{"rendered":"<p><img fetchpriority=\"high\" decoding=\"async\" class=\"aligncenter size-full wp-image-2216\" src=\"https:\/\/shenhuexcavator.com\/wp-content\/uploads\/2025\/02\/1-3.jpg\" alt=\"\" width=\"850\" height=\"650\"> <img decoding=\"async\" class=\"aligncenter size-full wp-image-2217\" src=\"https:\/\/shenhuexcavator.com\/wp-content\/uploads\/2025\/02\/2-3.jpg\" alt=\"\" width=\"850\" height=\"650\"> <img decoding=\"async\" class=\"aligncenter size-full wp-image-2218\" src=\"https:\/\/shenhuexcavator.com\/wp-content\/uploads\/2025\/02\/3-3.jpg\" alt=\"\" width=\"850\" height=\"650\"> <img loading=\"lazy\" decoding=\"async\" class=\"aligncenter size-full wp-image-2219\" src=\"https:\/\/shenhuexcavator.com\/wp-content\/uploads\/2025\/02\/4-2.jpg\" alt=\"\" width=\"850\" height=\"650\"> <img loading=\"lazy\" decoding=\"async\" class=\"aligncenter size-full wp-image-2220\" src=\"https:\/\/shenhuexcavator.com\/wp-content\/uploads\/2025\/02\/5-2.jpg\" alt=\"\" width=\"850\" height=\"650\"> <img loading=\"lazy\" decoding=\"async\" class=\"aligncenter size-full wp-image-2221\" src=\"https:\/\/shenhuexcavator.com\/wp-content\/uploads\/2025\/02\/6-1.jpg\" alt=\"\" width=\"850\" height=\"650\"> <img loading=\"lazy\" decoding=\"async\" class=\"aligncenter size-full wp-image-2222\" src=\"https:\/\/shenhuexcavator.com\/wp-content\/uploads\/2025\/02\/7-1.jpg\" alt=\"\" width=\"850\" height=\"650\"><\/p>","protected":false},"excerpt":{"rendered":"<p>Der gebrauchte Sany SY75 75C Bagger ist eine Hochleistungsmaschine, die f\u00fcr anspruchsvolle Bauprojekte gebaut wurde. Mit einem Betriebsgewicht von 10 Tonnen und einer Schaufelkapazit\u00e4t von 0,23 Kubikmetern ist er ideal f\u00fcr gro\u00dfe Aushub- und Erdbewegungsaufgaben. Angetrieben von einem 49,8 bis 54,8 kW starken Dieselmotor, bietet dieser Bagger eine au\u00dfergew\u00f6hnliche Grabkraft und Pr\u00e4zision. Sein fortschrittliches Hydrauliksystem sorgt f\u00fcr einen reibungslosen Betrieb, auch unter schwierigen Bedingungen. Ganz gleich, ob Sie im Stra\u00dfenbau oder beim Bau von Fundamenten arbeiten, der SY75 75C bietet die Zuverl\u00e4ssigkeit und Leistung, die Sie brauchen, um die Arbeit effizient zu erledigen.<\/p>","protected":false},"featured_media":2210,"template":"","meta":[],"product_brand":[37],"product_cat":[120,77,38],"product_tag":[],"class_list":{"0":"post-2209","1":"product","2":"type-product","3":"status-publish","4":"has-post-thumbnail","6":"product_brand-sany","7":"product_cat-2020-2023","8":"product_cat-7-5t","9":"product_cat-used-sany-excavator","11":"first","12":"instock","13":"shipping-taxable","14":"purchasable","15":"product-type-simple"},"_links":{"self":[{"href":"https:\/\/shenhuexcavator.com\/de\/wp-json\/wp\/v2\/product\/2209","targetHints":{"allow":["GET"]}}],"collection":[{"href":"https:\/\/shenhuexcavator.com\/de\/wp-json\/wp\/v2\/product"}],"about":[{"href":"https:\/\/shenhuexcavator.com\/de\/wp-json\/wp\/v2\/types\/product"}],"wp:featuredmedia":[{"embeddable":true,"href":"https:\/\/shenhuexcavator.com\/de\/wp-json\/wp\/v2\/media\/2210"}],"wp:attachment":[{"href":"https:\/\/shenhuexcavator.com\/de\/wp-json\/wp\/v2\/media?parent=2209"}],"wp:term":[{"taxonomy":"product_brand","embeddable":true,"href":"https:\/\/shenhuexcavator.com\/de\/wp-json\/wp\/v2\/product_brand?post=2209"},{"taxonomy":"product_cat","embeddable":true,"href":"https:\/\/shenhuexcavator.com\/de\/wp-json\/wp\/v2\/product_cat?post=2209"},{"taxonomy":"product_tag","embeddable":true,"href":"https:\/\/shenhuexcavator.com\/de\/wp-json\/wp\/v2\/product_tag?post=2209"}],"curies":[{"name":"wp","href":"https:\/\/api.w.org\/{rel}","templated":true}]}}