{"id":2223,"date":"2025-02-25T10:32:00","date_gmt":"2025-02-25T02:32:00","guid":{"rendered":"https:\/\/shenhuexcavator.com\/?post_type=product&#038;p=2223"},"modified":"2025-07-17T15:09:51","modified_gmt":"2025-07-17T07:09:51","slug":"used-sany-sy215c-excavator","status":"publish","type":"product","link":"https:\/\/shenhuexcavator.com\/de\/produkt\/used-sany-sy215c-excavator\/","title":{"rendered":"Gebrauchter Sany SY215C Bagger"},"content":{"rendered":"<p><img fetchpriority=\"high\" decoding=\"async\" class=\"aligncenter size-full wp-image-3240\" src=\"https:\/\/shenhuexcavator.com\/wp-content\/uploads\/2025\/02\/dashjhj.png\" alt=\"\" width=\"850\" height=\"650\"> <img decoding=\"async\" class=\"aligncenter size-full wp-image-3241\" src=\"https:\/\/shenhuexcavator.com\/wp-content\/uploads\/2025\/02\/qwuybehj-.png\" alt=\"\" width=\"850\" height=\"650\"> <img decoding=\"async\" class=\"aligncenter size-full wp-image-3242\" src=\"https:\/\/shenhuexcavator.com\/wp-content\/uploads\/2025\/02\/sadffd351563.png\" alt=\"\" width=\"850\" height=\"650\"> <img loading=\"lazy\" decoding=\"async\" class=\"aligncenter size-full wp-image-3243\" src=\"https:\/\/shenhuexcavator.com\/wp-content\/uploads\/2025\/02\/wqegh-j.png\" alt=\"\" width=\"850\" height=\"650\"> <img loading=\"lazy\" decoding=\"async\" class=\"aligncenter size-full wp-image-3244\" src=\"https:\/\/shenhuexcavator.com\/wp-content\/uploads\/2025\/02\/astgasda.png\" alt=\"\" width=\"850\" height=\"650\"><\/p>","protected":false},"excerpt":{"rendered":"<p>Der gebrauchte Sany SY215C Bagger ist eine Hochleistungsmaschine, die f\u00fcr schwere Eins\u00e4tze konzipiert wurde. Mit einem Betriebsgewicht von 9 Tonnen und einem Schaufelvolumen von 0,27 Kubikmetern ist er perfekt f\u00fcr den Bergbau, Steinbr\u00fcche und gro\u00dfe Bauprojekte geeignet. Sein 48,3-kW-Motor sorgt f\u00fcr eine konstante Leistung, w\u00e4hrend seine robuste Bauweise eine lange Lebensdauer unter harten Arbeitsbedingungen gew\u00e4hrleistet. Der SY215C ist mit einer fortschrittlichen Hydrauliksteuerung ausgestattet, die einen pr\u00e4zisen Betrieb und verbesserte Effizienz erm\u00f6glicht. Dieses Modell ist eine zuverl\u00e4ssige Wahl f\u00fcr Bauunternehmer, die einen leistungsstarken Bagger suchen, der auch die anspruchsvollsten Aufgaben bew\u00e4ltigen kann.<\/p>","protected":false},"featured_media":3236,"template":"","meta":[],"product_brand":[37],"product_cat":[120,78,38],"product_tag":[],"class_list":{"0":"post-2223","1":"product","2":"type-product","3":"status-publish","4":"has-post-thumbnail","6":"product_brand-sany","7":"product_cat-2020-2023","8":"product_cat-21t","9":"product_cat-used-sany-excavator","11":"first","12":"instock","13":"shipping-taxable","14":"purchasable","15":"product-type-simple"},"_links":{"self":[{"href":"https:\/\/shenhuexcavator.com\/de\/wp-json\/wp\/v2\/product\/2223","targetHints":{"allow":["GET"]}}],"collection":[{"href":"https:\/\/shenhuexcavator.com\/de\/wp-json\/wp\/v2\/product"}],"about":[{"href":"https:\/\/shenhuexcavator.com\/de\/wp-json\/wp\/v2\/types\/product"}],"wp:featuredmedia":[{"embeddable":true,"href":"https:\/\/shenhuexcavator.com\/de\/wp-json\/wp\/v2\/media\/3236"}],"wp:attachment":[{"href":"https:\/\/shenhuexcavator.com\/de\/wp-json\/wp\/v2\/media?parent=2223"}],"wp:term":[{"taxonomy":"product_brand","embeddable":true,"href":"https:\/\/shenhuexcavator.com\/de\/wp-json\/wp\/v2\/product_brand?post=2223"},{"taxonomy":"product_cat","embeddable":true,"href":"https:\/\/shenhuexcavator.com\/de\/wp-json\/wp\/v2\/product_cat?post=2223"},{"taxonomy":"product_tag","embeddable":true,"href":"https:\/\/shenhuexcavator.com\/de\/wp-json\/wp\/v2\/product_tag?post=2223"}],"curies":[{"name":"wp","href":"https:\/\/api.w.org\/{rel}","templated":true}]}}