{"id":2250,"date":"2025-02-25T14:25:00","date_gmt":"2025-02-25T06:25:00","guid":{"rendered":"https:\/\/shenhuexcavator.com\/?post_type=product&#038;p=2250"},"modified":"2025-07-17T15:09:52","modified_gmt":"2025-07-17T07:09:52","slug":"used-hitachi-zx50-excavator","status":"publish","type":"product","link":"https:\/\/shenhuexcavator.com\/de\/produkt\/used-hitachi-zx50-excavator\/","title":{"rendered":"Gebrauchter Hitachi ZX50 Bagger"},"content":{"rendered":"<p><img fetchpriority=\"high\" decoding=\"async\" class=\"aligncenter size-full wp-image-2257\" src=\"https:\/\/shenhuexcavator.com\/wp-content\/uploads\/2025\/02\/32743b1a060b7157a29dd2943166352.jpg\" alt=\"\" width=\"850\" height=\"650\"> <img decoding=\"async\" class=\"aligncenter size-full wp-image-2258\" src=\"https:\/\/shenhuexcavator.com\/wp-content\/uploads\/2025\/02\/a5fc97a36d28d16105a4da3aecee6f8.jpg\" alt=\"\" width=\"850\" height=\"650\"> <img decoding=\"async\" class=\"aligncenter size-full wp-image-2259\" src=\"https:\/\/shenhuexcavator.com\/wp-content\/uploads\/2025\/02\/bef072fce00b0a6bb34d10dbeb6e519.jpg\" alt=\"\" width=\"850\" height=\"650\"> <img loading=\"lazy\" decoding=\"async\" class=\"aligncenter size-full wp-image-2260\" src=\"https:\/\/shenhuexcavator.com\/wp-content\/uploads\/2025\/02\/f47b1cfd628940fdb0d4370c8f3276f.jpg\" alt=\"\" width=\"850\" height=\"650\"><\/p>","protected":false},"excerpt":{"rendered":"<p>Der gebrauchte Hitachi ZX50 Bagger ist eine Steigerung der Gr\u00f6\u00dfe und Leistung und wurde f\u00fcr mittelschwere Aufgaben entwickelt. Mit einem Betriebsgewicht von 3830 kg und einem Schaufelinhalt von 0,11 Kubikmetern ist er ideal f\u00fcr Grab-, Hebe- und Ladearbeiten. Sein 21,2-kW-Motor sorgt f\u00fcr zuverl\u00e4ssige Leistung, w\u00e4hrend seine kompakte Bauweise einen problemlosen Einsatz auf engstem Raum erm\u00f6glicht. Der ZX50 eignet sich besonders f\u00fcr st\u00e4dtische Baustellen, auf denen nur wenig Platz zur Verf\u00fcgung steht, aber dennoch Leistung und Effizienz gefragt sind.<\/p>","protected":false},"featured_media":2251,"template":"","meta":[],"product_brand":[40],"product_cat":[120,80,39],"product_tag":[],"class_list":{"0":"post-2250","1":"product","2":"type-product","3":"status-publish","4":"has-post-thumbnail","6":"product_brand-hitachi","7":"product_cat-2020-2023","8":"product_cat-5t","9":"product_cat-used-hitachi-excavator","11":"first","12":"instock","13":"shipping-taxable","14":"purchasable","15":"product-type-simple"},"_links":{"self":[{"href":"https:\/\/shenhuexcavator.com\/de\/wp-json\/wp\/v2\/product\/2250","targetHints":{"allow":["GET"]}}],"collection":[{"href":"https:\/\/shenhuexcavator.com\/de\/wp-json\/wp\/v2\/product"}],"about":[{"href":"https:\/\/shenhuexcavator.com\/de\/wp-json\/wp\/v2\/types\/product"}],"wp:featuredmedia":[{"embeddable":true,"href":"https:\/\/shenhuexcavator.com\/de\/wp-json\/wp\/v2\/media\/2251"}],"wp:attachment":[{"href":"https:\/\/shenhuexcavator.com\/de\/wp-json\/wp\/v2\/media?parent=2250"}],"wp:term":[{"taxonomy":"product_brand","embeddable":true,"href":"https:\/\/shenhuexcavator.com\/de\/wp-json\/wp\/v2\/product_brand?post=2250"},{"taxonomy":"product_cat","embeddable":true,"href":"https:\/\/shenhuexcavator.com\/de\/wp-json\/wp\/v2\/product_cat?post=2250"},{"taxonomy":"product_tag","embeddable":true,"href":"https:\/\/shenhuexcavator.com\/de\/wp-json\/wp\/v2\/product_tag?post=2250"}],"curies":[{"name":"wp","href":"https:\/\/api.w.org\/{rel}","templated":true}]}}