{"id":2262,"date":"2025-02-25T14:35:00","date_gmt":"2025-02-25T06:35:00","guid":{"rendered":"https:\/\/shenhuexcavator.com\/?post_type=product&#038;p=2262"},"modified":"2025-07-17T15:09:52","modified_gmt":"2025-07-17T07:09:52","slug":"used-hitachi-zx55rsr-excavator","status":"publish","type":"product","link":"https:\/\/shenhuexcavator.com\/de\/produkt\/used-hitachi-zx55rsr-excavator\/","title":{"rendered":"Gebrauchter Hitachi ZX55RSR Bagger"},"content":{"rendered":"<p><img fetchpriority=\"high\" decoding=\"async\" class=\"aligncenter size-full wp-image-2264\" src=\"https:\/\/shenhuexcavator.com\/wp-content\/uploads\/2025\/02\/1201c19daec906c569f3f7242183c6d.jpg\" alt=\"\" width=\"1024\" height=\"1024\"> <img decoding=\"async\" class=\"aligncenter size-full wp-image-2265\" src=\"https:\/\/shenhuexcavator.com\/wp-content\/uploads\/2025\/02\/e5139dcce2683081f73d39cd774297a.jpg\" alt=\"\" width=\"1024\" height=\"1024\"> <img decoding=\"async\" class=\"aligncenter size-full wp-image-2266\" src=\"https:\/\/shenhuexcavator.com\/wp-content\/uploads\/2025\/02\/2fe5f16b22d4f36eb6bc52771d56a59.jpg\" alt=\"\" width=\"850\" height=\"650\"> <img loading=\"lazy\" decoding=\"async\" class=\"aligncenter size-full wp-image-2267\" src=\"https:\/\/shenhuexcavator.com\/wp-content\/uploads\/2025\/02\/9f75f1636867e9aa0b9093715915ac6.jpg\" alt=\"\" width=\"850\" height=\"650\"> <img loading=\"lazy\" decoding=\"async\" class=\"aligncenter size-full wp-image-2268\" src=\"https:\/\/shenhuexcavator.com\/wp-content\/uploads\/2025\/02\/832ec7f2875e0c4799ee217a95b794a.jpg\" alt=\"\" width=\"850\" height=\"650\"><\/p>","protected":false},"excerpt":{"rendered":"<p>Der gebrauchte Hitachi ZX55RSR Bagger ist eine vielseitige Maschine, die f\u00fcr eine Vielzahl von Bauaufgaben ausgelegt ist. Mit einem Betriebsgewicht von 5160 kg und einem Schaufelvolumen von 0,19 Kubikmetern ist er perfekt f\u00fcr mittelschwere Projekte wie Stra\u00dfen- und Landschaftsbau geeignet. Sein 28,1-kW-Motor liefert eine robuste Leistung, w\u00e4hrend sein fortschrittliches Hydrauliksystem einen reibungslosen und pr\u00e4zisen Betrieb gew\u00e4hrleistet. Der ZX55RSR ist f\u00fcr seine Langlebigkeit und Kraftstoffeffizienz bekannt und damit eine zuverl\u00e4ssige Wahl f\u00fcr Bauunternehmer, die ihre Produktivit\u00e4t maximieren m\u00f6chten.<\/p>","protected":false},"featured_media":2263,"template":"","meta":[],"product_brand":[40],"product_cat":[120,75,39],"product_tag":[],"class_list":{"0":"post-2262","1":"product","2":"type-product","3":"status-publish","4":"has-post-thumbnail","6":"product_brand-hitachi","7":"product_cat-2020-2023","8":"product_cat-5-5t","9":"product_cat-used-hitachi-excavator","11":"first","12":"instock","13":"shipping-taxable","14":"purchasable","15":"product-type-simple"},"_links":{"self":[{"href":"https:\/\/shenhuexcavator.com\/de\/wp-json\/wp\/v2\/product\/2262","targetHints":{"allow":["GET"]}}],"collection":[{"href":"https:\/\/shenhuexcavator.com\/de\/wp-json\/wp\/v2\/product"}],"about":[{"href":"https:\/\/shenhuexcavator.com\/de\/wp-json\/wp\/v2\/types\/product"}],"wp:featuredmedia":[{"embeddable":true,"href":"https:\/\/shenhuexcavator.com\/de\/wp-json\/wp\/v2\/media\/2263"}],"wp:attachment":[{"href":"https:\/\/shenhuexcavator.com\/de\/wp-json\/wp\/v2\/media?parent=2262"}],"wp:term":[{"taxonomy":"product_brand","embeddable":true,"href":"https:\/\/shenhuexcavator.com\/de\/wp-json\/wp\/v2\/product_brand?post=2262"},{"taxonomy":"product_cat","embeddable":true,"href":"https:\/\/shenhuexcavator.com\/de\/wp-json\/wp\/v2\/product_cat?post=2262"},{"taxonomy":"product_tag","embeddable":true,"href":"https:\/\/shenhuexcavator.com\/de\/wp-json\/wp\/v2\/product_tag?post=2262"}],"curies":[{"name":"wp","href":"https:\/\/api.w.org\/{rel}","templated":true}]}}