{"id":2298,"date":"2025-02-25T15:07:00","date_gmt":"2025-02-25T07:07:00","guid":{"rendered":"https:\/\/shenhuexcavator.com\/?post_type=product&#038;p=2298"},"modified":"2025-07-17T15:09:53","modified_gmt":"2025-07-17T07:09:53","slug":"used-hitachi-zx75us-excavator","status":"publish","type":"product","link":"https:\/\/shenhuexcavator.com\/de\/produkt\/used-hitachi-zx75us-excavator\/","title":{"rendered":"Gebrauchter Hitachi ZX75US Bagger"},"content":{"rendered":"<p><img fetchpriority=\"high\" decoding=\"async\" class=\"aligncenter size-full wp-image-2299\" src=\"https:\/\/shenhuexcavator.com\/wp-content\/uploads\/2025\/02\/1-1-2.jpg\" alt=\"\" width=\"850\" height=\"650\"> <img decoding=\"async\" class=\"aligncenter size-full wp-image-2300\" src=\"https:\/\/shenhuexcavator.com\/wp-content\/uploads\/2025\/02\/1-14-1.jpg\" alt=\"\" width=\"850\" height=\"650\"> <img decoding=\"async\" class=\"aligncenter size-full wp-image-2301\" src=\"https:\/\/shenhuexcavator.com\/wp-content\/uploads\/2025\/02\/1-17.jpg\" alt=\"\" width=\"850\" height=\"650\"> <img loading=\"lazy\" decoding=\"async\" class=\"aligncenter size-full wp-image-2302\" src=\"https:\/\/shenhuexcavator.com\/wp-content\/uploads\/2025\/02\/1-20.jpg\" alt=\"\" width=\"850\" height=\"650\"> <img loading=\"lazy\" decoding=\"async\" class=\"aligncenter size-full wp-image-2303\" src=\"https:\/\/shenhuexcavator.com\/wp-content\/uploads\/2025\/02\/1-22.jpg\" alt=\"\" width=\"850\" height=\"650\"> <img loading=\"lazy\" decoding=\"async\" class=\"aligncenter size-full wp-image-2304\" src=\"https:\/\/shenhuexcavator.com\/wp-content\/uploads\/2025\/02\/1-24.jpg\" alt=\"\" width=\"850\" height=\"650\"> <img loading=\"lazy\" decoding=\"async\" class=\"aligncenter size-full wp-image-2305\" src=\"https:\/\/shenhuexcavator.com\/wp-content\/uploads\/2025\/02\/1-26.jpg\" alt=\"\" width=\"850\" height=\"650\"> <img loading=\"lazy\" decoding=\"async\" class=\"aligncenter size-full wp-image-2306\" src=\"https:\/\/shenhuexcavator.com\/wp-content\/uploads\/2025\/02\/1-27.jpg\" alt=\"\" width=\"850\" height=\"650\"> <img loading=\"lazy\" decoding=\"async\" class=\"aligncenter size-full wp-image-2307\" src=\"https:\/\/shenhuexcavator.com\/wp-content\/uploads\/2025\/02\/1-32.jpg\" alt=\"\" width=\"850\" height=\"650\"><\/p>","protected":false},"excerpt":{"rendered":"<p>Der gebrauchte Hitachi ZX75US Bagger ist eine Hochleistungsmaschine, die f\u00fcr schwere Eins\u00e4tze konzipiert wurde. Mit einem Betriebsgewicht von 7100 kg und einem Schaufelinhalt von 0,28 Kubikmetern ist er ideal f\u00fcr den Bergbau, Steinbr\u00fcche und gro\u00dfe Bauprojekte. Sein 40,3-kW-Motor sorgt f\u00fcr eine konstante Leistung, w\u00e4hrend seine robuste Bauweise eine lange Lebensdauer unter harten Arbeitsbedingungen gew\u00e4hrleistet. Der ZX75US ist mit einer fortschrittlichen Hydrauliksteuerung ausgestattet, die einen pr\u00e4zisen Betrieb und verbesserte Effizienz erm\u00f6glicht.<\/p>","protected":false},"featured_media":2308,"template":"","meta":[],"product_brand":[40],"product_cat":[120,77,39],"product_tag":[],"class_list":{"0":"post-2298","1":"product","2":"type-product","3":"status-publish","4":"has-post-thumbnail","6":"product_brand-hitachi","7":"product_cat-2020-2023","8":"product_cat-7-5t","9":"product_cat-used-hitachi-excavator","11":"first","12":"instock","13":"shipping-taxable","14":"purchasable","15":"product-type-simple"},"_links":{"self":[{"href":"https:\/\/shenhuexcavator.com\/de\/wp-json\/wp\/v2\/product\/2298","targetHints":{"allow":["GET"]}}],"collection":[{"href":"https:\/\/shenhuexcavator.com\/de\/wp-json\/wp\/v2\/product"}],"about":[{"href":"https:\/\/shenhuexcavator.com\/de\/wp-json\/wp\/v2\/types\/product"}],"wp:featuredmedia":[{"embeddable":true,"href":"https:\/\/shenhuexcavator.com\/de\/wp-json\/wp\/v2\/media\/2308"}],"wp:attachment":[{"href":"https:\/\/shenhuexcavator.com\/de\/wp-json\/wp\/v2\/media?parent=2298"}],"wp:term":[{"taxonomy":"product_brand","embeddable":true,"href":"https:\/\/shenhuexcavator.com\/de\/wp-json\/wp\/v2\/product_brand?post=2298"},{"taxonomy":"product_cat","embeddable":true,"href":"https:\/\/shenhuexcavator.com\/de\/wp-json\/wp\/v2\/product_cat?post=2298"},{"taxonomy":"product_tag","embeddable":true,"href":"https:\/\/shenhuexcavator.com\/de\/wp-json\/wp\/v2\/product_tag?post=2298"}],"curies":[{"name":"wp","href":"https:\/\/api.w.org\/{rel}","templated":true}]}}