{"id":2325,"date":"2025-02-25T15:22:00","date_gmt":"2025-02-25T07:22:00","guid":{"rendered":"https:\/\/shenhuexcavator.com\/?post_type=product&#038;p=2325"},"modified":"2025-07-17T15:09:53","modified_gmt":"2025-07-17T07:09:53","slug":"used-hitachi-zx130-excavator","status":"publish","type":"product","link":"https:\/\/shenhuexcavator.com\/de\/produkt\/used-hitachi-zx130-excavator\/","title":{"rendered":"Gebrauchter Hitachi ZX130 Bagger"},"content":{"rendered":"<p><img fetchpriority=\"high\" decoding=\"async\" class=\"aligncenter size-full wp-image-2326\" src=\"https:\/\/shenhuexcavator.com\/wp-content\/uploads\/2025\/02\/7fef0facfdcf1e4c60a2608c2807913.jpg\" alt=\"\" width=\"850\" height=\"650\"> <img decoding=\"async\" class=\"aligncenter size-full wp-image-2327\" src=\"https:\/\/shenhuexcavator.com\/wp-content\/uploads\/2025\/02\/265ee096611a3254a5539aaa02f2f20.jpg\" alt=\"\" width=\"850\" height=\"650\"> <img decoding=\"async\" class=\"aligncenter size-full wp-image-2328\" src=\"https:\/\/shenhuexcavator.com\/wp-content\/uploads\/2025\/02\/624e915247f04ea30423218b99fc098.jpg\" alt=\"\" width=\"850\" height=\"650\"> <img loading=\"lazy\" decoding=\"async\" class=\"aligncenter size-full wp-image-2329\" src=\"https:\/\/shenhuexcavator.com\/wp-content\/uploads\/2025\/02\/145428ddf708ea826e9fd812523c6c5.jpg\" alt=\"\" width=\"850\" height=\"650\"> <img loading=\"lazy\" decoding=\"async\" class=\"aligncenter size-full wp-image-2330\" src=\"https:\/\/shenhuexcavator.com\/wp-content\/uploads\/2025\/02\/a0a9b0318c2a91cf388478e47307a41.jpg\" alt=\"\" width=\"850\" height=\"650\"> <img loading=\"lazy\" decoding=\"async\" class=\"aligncenter size-full wp-image-2331\" src=\"https:\/\/shenhuexcavator.com\/wp-content\/uploads\/2025\/02\/a05aa071c894096ae1753a8e717b4c0.jpg\" alt=\"\" width=\"850\" height=\"650\"> <img loading=\"lazy\" decoding=\"async\" class=\"aligncenter size-full wp-image-2332\" src=\"https:\/\/shenhuexcavator.com\/wp-content\/uploads\/2025\/02\/ab85bc7d23f57d2e9e7095085f85e72.jpg\" alt=\"\" width=\"850\" height=\"650\"> <img loading=\"lazy\" decoding=\"async\" class=\"aligncenter size-full wp-image-2333\" src=\"https:\/\/shenhuexcavator.com\/wp-content\/uploads\/2025\/02\/bbd8f0a2a1a797c957ac112f5406fc3.jpg\" alt=\"\" width=\"850\" height=\"650\"> <img loading=\"lazy\" decoding=\"async\" class=\"aligncenter size-full wp-image-2334\" src=\"https:\/\/shenhuexcavator.com\/wp-content\/uploads\/2025\/02\/d031047f9326456ddff56ef36266268.jpg\" alt=\"\" width=\"850\" height=\"650\"><\/p>","protected":false},"excerpt":{"rendered":"<p>Der gebrauchte Hitachi ZX130 Bagger ist eine Hochleistungsmaschine, die f\u00fcr anspruchsvolle Bauprojekte gebaut wurde. Mit einem Betriebsgewicht von 13100 kg und einem Schaufelvolumen von 0,52 Kubikmetern ist er ideal f\u00fcr gro\u00dfe Aushub- und Erdbewegungsarbeiten. Sein 78,5-kW-Motor sorgt f\u00fcr zuverl\u00e4ssige Leistung, w\u00e4hrend sein fortschrittliches Hydrauliksystem einen reibungslosen Betrieb gew\u00e4hrleistet. Der ZX130 ist f\u00fcr seine Langlebigkeit und Kraftstoffeffizienz bekannt und damit eine kosteng\u00fcnstige Wahl f\u00fcr Bauunternehmer, die ihre Produktivit\u00e4t maximieren m\u00f6chten.<\/p>","protected":false},"featured_media":2335,"template":"","meta":[],"product_brand":[40],"product_cat":[83,120,39],"product_tag":[],"class_list":{"0":"post-2325","1":"product","2":"type-product","3":"status-publish","4":"has-post-thumbnail","6":"product_brand-hitachi","7":"product_cat-13t","8":"product_cat-2020-2023","9":"product_cat-used-hitachi-excavator","11":"first","12":"instock","13":"shipping-taxable","14":"purchasable","15":"product-type-simple"},"_links":{"self":[{"href":"https:\/\/shenhuexcavator.com\/de\/wp-json\/wp\/v2\/product\/2325","targetHints":{"allow":["GET"]}}],"collection":[{"href":"https:\/\/shenhuexcavator.com\/de\/wp-json\/wp\/v2\/product"}],"about":[{"href":"https:\/\/shenhuexcavator.com\/de\/wp-json\/wp\/v2\/types\/product"}],"wp:featuredmedia":[{"embeddable":true,"href":"https:\/\/shenhuexcavator.com\/de\/wp-json\/wp\/v2\/media\/2335"}],"wp:attachment":[{"href":"https:\/\/shenhuexcavator.com\/de\/wp-json\/wp\/v2\/media?parent=2325"}],"wp:term":[{"taxonomy":"product_brand","embeddable":true,"href":"https:\/\/shenhuexcavator.com\/de\/wp-json\/wp\/v2\/product_brand?post=2325"},{"taxonomy":"product_cat","embeddable":true,"href":"https:\/\/shenhuexcavator.com\/de\/wp-json\/wp\/v2\/product_cat?post=2325"},{"taxonomy":"product_tag","embeddable":true,"href":"https:\/\/shenhuexcavator.com\/de\/wp-json\/wp\/v2\/product_tag?post=2325"}],"curies":[{"name":"wp","href":"https:\/\/api.w.org\/{rel}","templated":true}]}}