{"id":2430,"date":"2025-02-26T14:06:00","date_gmt":"2025-02-26T06:06:00","guid":{"rendered":"https:\/\/shenhuexcavator.com\/?post_type=product&#038;p=2430"},"modified":"2025-07-17T15:09:54","modified_gmt":"2025-07-17T07:09:54","slug":"used-volvo-ec210b-excavator","status":"publish","type":"product","link":"https:\/\/shenhuexcavator.com\/de\/produkt\/used-volvo-ec210b-excavator\/","title":{"rendered":"Gebrauchter Volvo EC210B Bagger"},"content":{"rendered":"<p><img fetchpriority=\"high\" decoding=\"async\" class=\"aligncenter size-full wp-image-2436\" src=\"https:\/\/shenhuexcavator.com\/wp-content\/uploads\/2025\/02\/1-10-1.jpg\" alt=\"\" width=\"850\" height=\"650\"> <img decoding=\"async\" class=\"aligncenter size-full wp-image-2437\" src=\"https:\/\/shenhuexcavator.com\/wp-content\/uploads\/2025\/02\/1-11.jpg\" alt=\"\" width=\"850\" height=\"650\"> <img decoding=\"async\" class=\"aligncenter size-full wp-image-2438\" src=\"https:\/\/shenhuexcavator.com\/wp-content\/uploads\/2025\/02\/1-12.jpg\" alt=\"\" width=\"850\" height=\"650\"> <img loading=\"lazy\" decoding=\"async\" class=\"aligncenter size-full wp-image-2439\" src=\"https:\/\/shenhuexcavator.com\/wp-content\/uploads\/2025\/02\/1-13-1.jpg\" alt=\"\" width=\"850\" height=\"650\"> <img loading=\"lazy\" decoding=\"async\" class=\"aligncenter size-full wp-image-2440\" src=\"https:\/\/shenhuexcavator.com\/wp-content\/uploads\/2025\/02\/1-16-1.jpg\" alt=\"\" width=\"850\" height=\"650\"> <img loading=\"lazy\" decoding=\"async\" class=\"aligncenter size-full wp-image-2441\" src=\"https:\/\/shenhuexcavator.com\/wp-content\/uploads\/2025\/02\/1-17-1.jpg\" alt=\"\" width=\"850\" height=\"650\"> <img loading=\"lazy\" decoding=\"async\" class=\"aligncenter size-full wp-image-2442\" src=\"https:\/\/shenhuexcavator.com\/wp-content\/uploads\/2025\/02\/1-18-1.jpg\" alt=\"\" width=\"850\" height=\"650\"> <img loading=\"lazy\" decoding=\"async\" class=\"aligncenter size-full wp-image-2443\" src=\"https:\/\/shenhuexcavator.com\/wp-content\/uploads\/2025\/02\/1-19-1.jpg\" alt=\"\" width=\"850\" height=\"650\"><\/p>","protected":false},"excerpt":{"rendered":"<p>Der gebrauchte Volvo EC210B Bagger ist eine robuste und vielseitige Maschine, die f\u00fcr schwere Baggerarbeiten ausgelegt ist. Mit einem Betriebsgewicht von 20500 kg und einem Schaufelinhalt von 0,9 Kubikmetern ist er ideal f\u00fcr gro\u00dfe Bauprojekte. Sein 107-kW-Motor sorgt f\u00fcr zuverl\u00e4ssige Leistung, w\u00e4hrend sein fortschrittliches Hydrauliksystem einen reibungslosen Betrieb gew\u00e4hrleistet. Der EC210B ist f\u00fcr seine Langlebigkeit und Kraftstoffeffizienz bekannt und damit eine kosteng\u00fcnstige Wahl f\u00fcr Bauunternehmen, die ihre Produktivit\u00e4t maximieren wollen.<\/p>","protected":false},"featured_media":2431,"template":"","meta":[],"product_brand":[50],"product_cat":[120,78,44],"product_tag":[],"class_list":{"0":"post-2430","1":"product","2":"type-product","3":"status-publish","4":"has-post-thumbnail","6":"product_brand-volvo","7":"product_cat-2020-2023","8":"product_cat-21t","9":"product_cat-used-volvo-excavator","11":"first","12":"instock","13":"shipping-taxable","14":"purchasable","15":"product-type-simple"},"_links":{"self":[{"href":"https:\/\/shenhuexcavator.com\/de\/wp-json\/wp\/v2\/product\/2430","targetHints":{"allow":["GET"]}}],"collection":[{"href":"https:\/\/shenhuexcavator.com\/de\/wp-json\/wp\/v2\/product"}],"about":[{"href":"https:\/\/shenhuexcavator.com\/de\/wp-json\/wp\/v2\/types\/product"}],"wp:featuredmedia":[{"embeddable":true,"href":"https:\/\/shenhuexcavator.com\/de\/wp-json\/wp\/v2\/media\/2431"}],"wp:attachment":[{"href":"https:\/\/shenhuexcavator.com\/de\/wp-json\/wp\/v2\/media?parent=2430"}],"wp:term":[{"taxonomy":"product_brand","embeddable":true,"href":"https:\/\/shenhuexcavator.com\/de\/wp-json\/wp\/v2\/product_brand?post=2430"},{"taxonomy":"product_cat","embeddable":true,"href":"https:\/\/shenhuexcavator.com\/de\/wp-json\/wp\/v2\/product_cat?post=2430"},{"taxonomy":"product_tag","embeddable":true,"href":"https:\/\/shenhuexcavator.com\/de\/wp-json\/wp\/v2\/product_tag?post=2430"}],"curies":[{"name":"wp","href":"https:\/\/api.w.org\/{rel}","templated":true}]}}