{"id":2455,"date":"2025-02-26T14:23:00","date_gmt":"2025-02-26T06:23:00","guid":{"rendered":"https:\/\/shenhuexcavator.com\/?post_type=product&#038;p=2455"},"modified":"2025-07-17T15:09:54","modified_gmt":"2025-07-17T07:09:54","slug":"used-volvo-ec380-excavator","status":"publish","type":"product","link":"https:\/\/shenhuexcavator.com\/de\/produkt\/used-volvo-ec380-excavator\/","title":{"rendered":"Gebrauchter Volvo EC380 Bagger"},"content":{"rendered":"<p><img fetchpriority=\"high\" decoding=\"async\" class=\"aligncenter size-full wp-image-2463\" src=\"https:\/\/shenhuexcavator.com\/wp-content\/uploads\/2025\/02\/ea32f92d2d08a39bbe731022c73adf3.jpg\" alt=\"\" width=\"850\" height=\"650\"> <img decoding=\"async\" class=\"aligncenter size-full wp-image-2464\" src=\"https:\/\/shenhuexcavator.com\/wp-content\/uploads\/2025\/02\/0f3f01a3b39d613b28f977fde4a0bb5.jpg\" alt=\"\" width=\"850\" height=\"650\"> <img decoding=\"async\" class=\"aligncenter size-full wp-image-2465\" src=\"https:\/\/shenhuexcavator.com\/wp-content\/uploads\/2025\/02\/1b30a34dcf4a655a8c830bdf07dbeb0.jpg\" alt=\"\" width=\"850\" height=\"650\"> <img loading=\"lazy\" decoding=\"async\" class=\"aligncenter size-full wp-image-2466\" src=\"https:\/\/shenhuexcavator.com\/wp-content\/uploads\/2025\/02\/5f7bb249476b8c8977eaf595bc0ea8f.jpg\" alt=\"\" width=\"850\" height=\"650\"> <img loading=\"lazy\" decoding=\"async\" class=\"aligncenter size-full wp-image-2467\" src=\"https:\/\/shenhuexcavator.com\/wp-content\/uploads\/2025\/02\/2458a30442e5e3bb2f674d45d47b746.jpg\" alt=\"\" width=\"850\" height=\"650\"> <img loading=\"lazy\" decoding=\"async\" class=\"aligncenter size-full wp-image-2468\" src=\"https:\/\/shenhuexcavator.com\/wp-content\/uploads\/2025\/02\/3623cdad0e76156129b6f26d8d5867f.jpg\" alt=\"\" width=\"850\" height=\"650\"> <img loading=\"lazy\" decoding=\"async\" class=\"aligncenter size-full wp-image-2469\" src=\"https:\/\/shenhuexcavator.com\/wp-content\/uploads\/2025\/02\/a53d0a5bc92a5e1cec5ceba0f36c5d8.jpg\" alt=\"\" width=\"850\" height=\"650\"> <img loading=\"lazy\" decoding=\"async\" class=\"aligncenter size-full wp-image-2470\" src=\"https:\/\/shenhuexcavator.com\/wp-content\/uploads\/2025\/02\/afb36f8da12a38873b0e8ae120c2899.jpg\" alt=\"\" width=\"850\" height=\"650\"> <img loading=\"lazy\" decoding=\"async\" class=\"aligncenter size-full wp-image-2471\" src=\"https:\/\/shenhuexcavator.com\/wp-content\/uploads\/2025\/02\/b64dfcb0acf7fb9a5bf619ce8a17e36.jpg\" alt=\"\" width=\"850\" height=\"650\"> <img loading=\"lazy\" decoding=\"async\" class=\"aligncenter size-full wp-image-2472\" src=\"https:\/\/shenhuexcavator.com\/wp-content\/uploads\/2025\/02\/b78ffe115a96a8f55be9f6fce0624b5.jpg\" alt=\"\" width=\"850\" height=\"650\"> <img loading=\"lazy\" decoding=\"async\" class=\"aligncenter size-full wp-image-2473\" src=\"https:\/\/shenhuexcavator.com\/wp-content\/uploads\/2025\/02\/cee35ae388655e01b82f6dccd4e31fb.jpg\" alt=\"\" width=\"850\" height=\"650\"><\/p>","protected":false},"excerpt":{"rendered":"<p>Der gebrauchte Volvo EC380 Bagger ist eine leistungsstarke Maschine, die f\u00fcr schwere Aufgaben ausgelegt ist. Mit einem Betriebsgewicht von 41625 kg und einer Schaufelkapazit\u00e4t von 2 Kubikmetern ist er perfekt f\u00fcr gro\u00dfe Aushub- und Erdbewegungsprojekte geeignet. Sein 245-kW-Motor liefert eine au\u00dfergew\u00f6hnliche Leistung, w\u00e4hrend seine robuste Konstruktion f\u00fcr Langlebigkeit unter harten Arbeitsbedingungen sorgt. Der EC380 eignet sich besonders f\u00fcr Baustellen, auf denen Zuverl\u00e4ssigkeit und Leistung entscheidend sind.<\/p>","protected":false},"featured_media":2456,"template":"","meta":[],"product_brand":[50],"product_cat":[120,87,44],"product_tag":[],"class_list":{"0":"post-2455","1":"product","2":"type-product","3":"status-publish","4":"has-post-thumbnail","6":"product_brand-volvo","7":"product_cat-2020-2023","8":"product_cat-38t","9":"product_cat-used-volvo-excavator","11":"first","12":"instock","13":"shipping-taxable","14":"purchasable","15":"product-type-simple"},"_links":{"self":[{"href":"https:\/\/shenhuexcavator.com\/de\/wp-json\/wp\/v2\/product\/2455","targetHints":{"allow":["GET"]}}],"collection":[{"href":"https:\/\/shenhuexcavator.com\/de\/wp-json\/wp\/v2\/product"}],"about":[{"href":"https:\/\/shenhuexcavator.com\/de\/wp-json\/wp\/v2\/types\/product"}],"wp:featuredmedia":[{"embeddable":true,"href":"https:\/\/shenhuexcavator.com\/de\/wp-json\/wp\/v2\/media\/2456"}],"wp:attachment":[{"href":"https:\/\/shenhuexcavator.com\/de\/wp-json\/wp\/v2\/media?parent=2455"}],"wp:term":[{"taxonomy":"product_brand","embeddable":true,"href":"https:\/\/shenhuexcavator.com\/de\/wp-json\/wp\/v2\/product_brand?post=2455"},{"taxonomy":"product_cat","embeddable":true,"href":"https:\/\/shenhuexcavator.com\/de\/wp-json\/wp\/v2\/product_cat?post=2455"},{"taxonomy":"product_tag","embeddable":true,"href":"https:\/\/shenhuexcavator.com\/de\/wp-json\/wp\/v2\/product_tag?post=2455"}],"curies":[{"name":"wp","href":"https:\/\/api.w.org\/{rel}","templated":true}]}}