{"id":2474,"date":"2025-02-26T14:28:00","date_gmt":"2025-02-26T06:28:00","guid":{"rendered":"https:\/\/shenhuexcavator.com\/?post_type=product&#038;p=2474"},"modified":"2025-07-17T15:09:54","modified_gmt":"2025-07-17T07:09:54","slug":"used-volvo-ec480-excavator","status":"publish","type":"product","link":"https:\/\/shenhuexcavator.com\/de\/produkt\/used-volvo-ec480-excavator\/","title":{"rendered":"Gebrauchter Volvo EC480 Bagger"},"content":{"rendered":"<p><img fetchpriority=\"high\" decoding=\"async\" class=\"aligncenter size-full wp-image-2475\" src=\"https:\/\/shenhuexcavator.com\/wp-content\/uploads\/2025\/02\/3c0a496995889dbde58de5bdea44a58.jpg\" alt=\"\" width=\"850\" height=\"650\"> <img decoding=\"async\" class=\"aligncenter size-full wp-image-2476\" src=\"https:\/\/shenhuexcavator.com\/wp-content\/uploads\/2025\/02\/5c6f1682dcccd74cb13e862db470c98.jpg\" alt=\"\" width=\"850\" height=\"650\"> <img decoding=\"async\" class=\"aligncenter size-full wp-image-2477\" src=\"https:\/\/shenhuexcavator.com\/wp-content\/uploads\/2025\/02\/6b26b3730358074e37e027d43cb8c67.jpg\" alt=\"\" width=\"850\" height=\"650\"> <img loading=\"lazy\" decoding=\"async\" class=\"aligncenter size-full wp-image-2478\" src=\"https:\/\/shenhuexcavator.com\/wp-content\/uploads\/2025\/02\/7a2e4bfa40e6de8f767a3ec2124e30b.jpg\" alt=\"\" width=\"850\" height=\"650\"> <img loading=\"lazy\" decoding=\"async\" class=\"aligncenter size-full wp-image-2479\" src=\"https:\/\/shenhuexcavator.com\/wp-content\/uploads\/2025\/02\/7aa0ba3895fd226e70bc69f07a524e9.jpg\" alt=\"\" width=\"850\" height=\"650\"><\/p>","protected":false},"excerpt":{"rendered":"<p>Der gebrauchte Volvo EC480 Bagger ist eine Hochleistungsmaschine, die f\u00fcr anspruchsvolle Bauprojekte gebaut wurde. Mit einem Betriebsgewicht von 48343 kg und einem Schaufelinhalt von 3,03 Kubikmetern ist er ideal f\u00fcr gro\u00dfe Aushub- und Erdbewegungsarbeiten. Sein 270-kW-Motor sorgt f\u00fcr zuverl\u00e4ssige Leistung, w\u00e4hrend sein fortschrittliches Hydrauliksystem einen reibungslosen Betrieb gew\u00e4hrleistet. Der EC480 ist f\u00fcr seine Langlebigkeit und seine Kraftstoffeffizienz bekannt und damit eine kosteng\u00fcnstige Wahl f\u00fcr Bauunternehmen, die ihre Produktivit\u00e4t maximieren wollen.<\/p>","protected":false},"featured_media":2480,"template":"","meta":[],"product_brand":[50],"product_cat":[120,88,44],"product_tag":[],"class_list":{"0":"post-2474","1":"product","2":"type-product","3":"status-publish","4":"has-post-thumbnail","6":"product_brand-volvo","7":"product_cat-2020-2023","8":"product_cat-48t","9":"product_cat-used-volvo-excavator","11":"first","12":"instock","13":"shipping-taxable","14":"purchasable","15":"product-type-simple"},"_links":{"self":[{"href":"https:\/\/shenhuexcavator.com\/de\/wp-json\/wp\/v2\/product\/2474","targetHints":{"allow":["GET"]}}],"collection":[{"href":"https:\/\/shenhuexcavator.com\/de\/wp-json\/wp\/v2\/product"}],"about":[{"href":"https:\/\/shenhuexcavator.com\/de\/wp-json\/wp\/v2\/types\/product"}],"wp:featuredmedia":[{"embeddable":true,"href":"https:\/\/shenhuexcavator.com\/de\/wp-json\/wp\/v2\/media\/2480"}],"wp:attachment":[{"href":"https:\/\/shenhuexcavator.com\/de\/wp-json\/wp\/v2\/media?parent=2474"}],"wp:term":[{"taxonomy":"product_brand","embeddable":true,"href":"https:\/\/shenhuexcavator.com\/de\/wp-json\/wp\/v2\/product_brand?post=2474"},{"taxonomy":"product_cat","embeddable":true,"href":"https:\/\/shenhuexcavator.com\/de\/wp-json\/wp\/v2\/product_cat?post=2474"},{"taxonomy":"product_tag","embeddable":true,"href":"https:\/\/shenhuexcavator.com\/de\/wp-json\/wp\/v2\/product_tag?post=2474"}],"curies":[{"name":"wp","href":"https:\/\/api.w.org\/{rel}","templated":true}]}}