{"id":2495,"date":"2025-02-26T14:52:00","date_gmt":"2025-02-26T06:52:00","guid":{"rendered":"https:\/\/shenhuexcavator.com\/?post_type=product&#038;p=2495"},"modified":"2025-07-17T15:09:55","modified_gmt":"2025-07-17T07:09:55","slug":"used-cat-305-5-excavator","status":"publish","type":"product","link":"https:\/\/shenhuexcavator.com\/de\/produkt\/used-cat-305-5-excavator\/","title":{"rendered":"Gebrauchter Cat 305.5 Bagger"},"content":{"rendered":"<p><img fetchpriority=\"high\" decoding=\"async\" class=\"aligncenter size-full wp-image-2496\" src=\"https:\/\/shenhuexcavator.com\/wp-content\/uploads\/2025\/02\/8-1.jpg\" alt=\"\" width=\"850\" height=\"650\"> <img decoding=\"async\" class=\"aligncenter size-full wp-image-2497\" src=\"https:\/\/shenhuexcavator.com\/wp-content\/uploads\/2025\/02\/1-28.jpg\" alt=\"\" width=\"850\" height=\"650\"> <img decoding=\"async\" class=\"aligncenter size-full wp-image-2498\" src=\"https:\/\/shenhuexcavator.com\/wp-content\/uploads\/2025\/02\/2-6.jpg\" alt=\"\" width=\"850\" height=\"650\"> <img loading=\"lazy\" decoding=\"async\" class=\"aligncenter size-full wp-image-2499\" src=\"https:\/\/shenhuexcavator.com\/wp-content\/uploads\/2025\/02\/3-6.jpg\" alt=\"\" width=\"850\" height=\"650\"> <img loading=\"lazy\" decoding=\"async\" class=\"aligncenter size-full wp-image-2500\" src=\"https:\/\/shenhuexcavator.com\/wp-content\/uploads\/2025\/02\/4-4.jpg\" alt=\"\" width=\"850\" height=\"650\"> <img loading=\"lazy\" decoding=\"async\" class=\"aligncenter size-full wp-image-2501\" src=\"https:\/\/shenhuexcavator.com\/wp-content\/uploads\/2025\/02\/5-4.jpg\" alt=\"\" width=\"850\" height=\"650\"> <img loading=\"lazy\" decoding=\"async\" class=\"aligncenter size-full wp-image-2502\" src=\"https:\/\/shenhuexcavator.com\/wp-content\/uploads\/2025\/02\/6-3.jpg\" alt=\"\" width=\"850\" height=\"650\"> <img loading=\"lazy\" decoding=\"async\" class=\"aligncenter size-full wp-image-2503\" src=\"https:\/\/shenhuexcavator.com\/wp-content\/uploads\/2025\/02\/7-2.jpg\" alt=\"\" width=\"850\" height=\"650\"> <img loading=\"lazy\" decoding=\"async\" class=\"aligncenter size-full wp-image-2504\" src=\"https:\/\/shenhuexcavator.com\/wp-content\/uploads\/2025\/02\/9-1.jpg\" alt=\"\" width=\"850\" height=\"650\"><\/p>","protected":false},"excerpt":{"rendered":"<p>Der gebrauchte Cat 305.5 Bagger ist eine Steigerung von Gr\u00f6\u00dfe und Leistung und f\u00fcr mittelschwere Aufgaben konzipiert. Mit einem Betriebsgewicht von 5350 kg und einem Schaufelinhalt von 0,22 Kubikmetern ist er ideal f\u00fcr Grab-, Hebe- und Ladearbeiten. Sein 34,1-kW-Motor sorgt f\u00fcr zuverl\u00e4ssige Leistung, w\u00e4hrend seine kompakte Bauweise einen problemlosen Einsatz auf engstem Raum erm\u00f6glicht. Der 305.5 eignet sich besonders f\u00fcr st\u00e4dtische Baustellen, auf denen wenig Platz zur Verf\u00fcgung steht, aber dennoch Leistung und Effizienz gefragt sind,<\/p>","protected":false},"featured_media":2505,"template":"","meta":[],"product_brand":[54],"product_cat":[120,75,45],"product_tag":[],"class_list":{"0":"post-2495","1":"product","2":"type-product","3":"status-publish","4":"has-post-thumbnail","6":"product_brand-caterpillar","7":"product_cat-2020-2023","8":"product_cat-5-5t","9":"product_cat-used-caterpillar-excavator","11":"first","12":"instock","13":"shipping-taxable","14":"purchasable","15":"product-type-simple"},"_links":{"self":[{"href":"https:\/\/shenhuexcavator.com\/de\/wp-json\/wp\/v2\/product\/2495","targetHints":{"allow":["GET"]}}],"collection":[{"href":"https:\/\/shenhuexcavator.com\/de\/wp-json\/wp\/v2\/product"}],"about":[{"href":"https:\/\/shenhuexcavator.com\/de\/wp-json\/wp\/v2\/types\/product"}],"wp:featuredmedia":[{"embeddable":true,"href":"https:\/\/shenhuexcavator.com\/de\/wp-json\/wp\/v2\/media\/2505"}],"wp:attachment":[{"href":"https:\/\/shenhuexcavator.com\/de\/wp-json\/wp\/v2\/media?parent=2495"}],"wp:term":[{"taxonomy":"product_brand","embeddable":true,"href":"https:\/\/shenhuexcavator.com\/de\/wp-json\/wp\/v2\/product_brand?post=2495"},{"taxonomy":"product_cat","embeddable":true,"href":"https:\/\/shenhuexcavator.com\/de\/wp-json\/wp\/v2\/product_cat?post=2495"},{"taxonomy":"product_tag","embeddable":true,"href":"https:\/\/shenhuexcavator.com\/de\/wp-json\/wp\/v2\/product_tag?post=2495"}],"curies":[{"name":"wp","href":"https:\/\/api.w.org\/{rel}","templated":true}]}}