{"id":2510,"date":"2025-02-26T14:58:00","date_gmt":"2025-02-26T06:58:00","guid":{"rendered":"https:\/\/shenhuexcavator.com\/?post_type=product&#038;p=2510"},"modified":"2025-07-17T15:09:55","modified_gmt":"2025-07-17T07:09:55","slug":"used-cat-306d-excavator","status":"publish","type":"product","link":"https:\/\/shenhuexcavator.com\/de\/produkt\/used-cat-306d-excavator\/","title":{"rendered":"Gebrauchter Cat 306D Bagger"},"content":{"rendered":"<p><img fetchpriority=\"high\" decoding=\"async\" class=\"aligncenter size-full wp-image-2511\" src=\"https:\/\/shenhuexcavator.com\/wp-content\/uploads\/2025\/02\/0.jpg\" alt=\"\" width=\"850\" height=\"650\"> <img decoding=\"async\" class=\"aligncenter size-full wp-image-2512\" src=\"https:\/\/shenhuexcavator.com\/wp-content\/uploads\/2025\/02\/1-30.jpg\" alt=\"\" width=\"850\" height=\"650\"> <img decoding=\"async\" class=\"aligncenter size-full wp-image-2513\" src=\"https:\/\/shenhuexcavator.com\/wp-content\/uploads\/2025\/02\/3-8.jpg\" alt=\"\" width=\"850\" height=\"650\"> <img loading=\"lazy\" decoding=\"async\" class=\"aligncenter size-full wp-image-2514\" src=\"https:\/\/shenhuexcavator.com\/wp-content\/uploads\/2025\/02\/4-6.jpg\" alt=\"\" width=\"850\" height=\"650\"><\/p>","protected":false},"excerpt":{"rendered":"<p>Der gebrauchte Cat 306D Bagger ist eine vielseitige Maschine, die f\u00fcr eine Vielzahl von Bauaufgaben ausgelegt ist. Mit einem Betriebsgewicht von 5775 kg und einem Schaufelvolumen von 0,22 Kubikmetern ist er perfekt f\u00fcr mittelschwere Projekte wie Stra\u00dfen- und Landschaftsbau geeignet. Sein 41-kW-Motor liefert eine robuste Leistung, w\u00e4hrend sein fortschrittliches Hydrauliksystem einen reibungslosen und pr\u00e4zisen Betrieb gew\u00e4hrleistet. Der 306D ist f\u00fcr seine Langlebigkeit und Kraftstoffeffizienz bekannt und damit eine zuverl\u00e4ssige Wahl f\u00fcr Bauunternehmer, die ihre Produktivit\u00e4t maximieren wollen.<\/p>","protected":false},"featured_media":3576,"template":"","meta":[],"product_brand":[54],"product_cat":[120,76,45],"product_tag":[],"class_list":{"0":"post-2510","1":"product","2":"type-product","3":"status-publish","4":"has-post-thumbnail","6":"product_brand-caterpillar","7":"product_cat-2020-2023","8":"product_cat-6t","9":"product_cat-used-caterpillar-excavator","11":"first","12":"instock","13":"shipping-taxable","14":"purchasable","15":"product-type-simple"},"_links":{"self":[{"href":"https:\/\/shenhuexcavator.com\/de\/wp-json\/wp\/v2\/product\/2510","targetHints":{"allow":["GET"]}}],"collection":[{"href":"https:\/\/shenhuexcavator.com\/de\/wp-json\/wp\/v2\/product"}],"about":[{"href":"https:\/\/shenhuexcavator.com\/de\/wp-json\/wp\/v2\/types\/product"}],"wp:featuredmedia":[{"embeddable":true,"href":"https:\/\/shenhuexcavator.com\/de\/wp-json\/wp\/v2\/media\/3576"}],"wp:attachment":[{"href":"https:\/\/shenhuexcavator.com\/de\/wp-json\/wp\/v2\/media?parent=2510"}],"wp:term":[{"taxonomy":"product_brand","embeddable":true,"href":"https:\/\/shenhuexcavator.com\/de\/wp-json\/wp\/v2\/product_brand?post=2510"},{"taxonomy":"product_cat","embeddable":true,"href":"https:\/\/shenhuexcavator.com\/de\/wp-json\/wp\/v2\/product_cat?post=2510"},{"taxonomy":"product_tag","embeddable":true,"href":"https:\/\/shenhuexcavator.com\/de\/wp-json\/wp\/v2\/product_tag?post=2510"}],"curies":[{"name":"wp","href":"https:\/\/api.w.org\/{rel}","templated":true}]}}