{"id":2531,"date":"2025-02-26T15:07:00","date_gmt":"2025-02-26T07:07:00","guid":{"rendered":"https:\/\/shenhuexcavator.com\/?post_type=product&#038;p=2531"},"modified":"2025-07-17T15:09:55","modified_gmt":"2025-07-17T07:09:55","slug":"used-cat-308-excavator","status":"publish","type":"product","link":"https:\/\/shenhuexcavator.com\/de\/produkt\/used-cat-308-excavator\/","title":{"rendered":"Gebrauchter Cat 308 Bagger"},"content":{"rendered":"<p><img fetchpriority=\"high\" decoding=\"async\" class=\"aligncenter size-full wp-image-2532\" src=\"https:\/\/shenhuexcavator.com\/wp-content\/uploads\/2025\/02\/5-8.jpg\" alt=\"\" width=\"850\" height=\"650\"> <img decoding=\"async\" class=\"aligncenter size-full wp-image-2533\" src=\"https:\/\/shenhuexcavator.com\/wp-content\/uploads\/2025\/02\/1-35.jpg\" alt=\"\" width=\"850\" height=\"650\"> <img decoding=\"async\" class=\"aligncenter size-full wp-image-2534\" src=\"https:\/\/shenhuexcavator.com\/wp-content\/uploads\/2025\/02\/2-11.jpg\" alt=\"\" width=\"850\" height=\"650\"> <img loading=\"lazy\" decoding=\"async\" class=\"aligncenter size-full wp-image-2535\" src=\"https:\/\/shenhuexcavator.com\/wp-content\/uploads\/2025\/02\/3-12.jpg\" alt=\"\" width=\"850\" height=\"650\"> <img loading=\"lazy\" decoding=\"async\" class=\"aligncenter size-full wp-image-2536\" src=\"https:\/\/shenhuexcavator.com\/wp-content\/uploads\/2025\/02\/4-10.jpg\" alt=\"\" width=\"850\" height=\"650\"><\/p>","protected":false},"excerpt":{"rendered":"<p>Der gebrauchte Cat 308 Bagger ist eine Hochleistungsmaschine, die f\u00fcr anspruchsvolle Bauprojekte gebaut wurde. Mit einem Betriebsgewicht von 8035 kg und einem Schaufelinhalt von 0,33 Kubikmetern ist er perfekt f\u00fcr gro\u00dfe Aushub- und Erdbewegungsarbeiten geeignet. Sein 55,2-kW-Motor liefert zuverl\u00e4ssige Leistung, w\u00e4hrend sein fortschrittliches Hydrauliksystem einen reibungslosen Betrieb gew\u00e4hrleistet. Der 308 ist f\u00fcr seine Langlebigkeit und seine Kraftstoffeffizienz bekannt, was ihn zu einer kosteneffizienten Wahl f\u00fcr Bauunternehmer macht, die ihre Produktivit\u00e4t maximieren wollen.<\/p>","protected":false},"featured_media":2537,"template":"","meta":[],"product_brand":[54],"product_cat":[120,90,45],"product_tag":[],"class_list":{"0":"post-2531","1":"product","2":"type-product","3":"status-publish","4":"has-post-thumbnail","6":"product_brand-caterpillar","7":"product_cat-2020-2023","8":"product_cat-8t","9":"product_cat-used-caterpillar-excavator","11":"first","12":"instock","13":"shipping-taxable","14":"purchasable","15":"product-type-simple"},"_links":{"self":[{"href":"https:\/\/shenhuexcavator.com\/de\/wp-json\/wp\/v2\/product\/2531","targetHints":{"allow":["GET"]}}],"collection":[{"href":"https:\/\/shenhuexcavator.com\/de\/wp-json\/wp\/v2\/product"}],"about":[{"href":"https:\/\/shenhuexcavator.com\/de\/wp-json\/wp\/v2\/types\/product"}],"wp:featuredmedia":[{"embeddable":true,"href":"https:\/\/shenhuexcavator.com\/de\/wp-json\/wp\/v2\/media\/2537"}],"wp:attachment":[{"href":"https:\/\/shenhuexcavator.com\/de\/wp-json\/wp\/v2\/media?parent=2531"}],"wp:term":[{"taxonomy":"product_brand","embeddable":true,"href":"https:\/\/shenhuexcavator.com\/de\/wp-json\/wp\/v2\/product_brand?post=2531"},{"taxonomy":"product_cat","embeddable":true,"href":"https:\/\/shenhuexcavator.com\/de\/wp-json\/wp\/v2\/product_cat?post=2531"},{"taxonomy":"product_tag","embeddable":true,"href":"https:\/\/shenhuexcavator.com\/de\/wp-json\/wp\/v2\/product_tag?post=2531"}],"curies":[{"name":"wp","href":"https:\/\/api.w.org\/{rel}","templated":true}]}}