{"id":2540,"date":"2025-02-26T15:13:00","date_gmt":"2025-02-26T07:13:00","guid":{"rendered":"https:\/\/shenhuexcavator.com\/?post_type=product&#038;p=2540"},"modified":"2025-07-17T15:09:55","modified_gmt":"2025-07-17T07:09:55","slug":"used-cat-312d-excavator","status":"publish","type":"product","link":"https:\/\/shenhuexcavator.com\/de\/produkt\/used-cat-312d-excavator\/","title":{"rendered":"Gebrauchter Cat 312D Bagger"},"content":{"rendered":"<p><img fetchpriority=\"high\" decoding=\"async\" class=\"aligncenter size-full wp-image-2541\" src=\"https:\/\/shenhuexcavator.com\/wp-content\/uploads\/2025\/02\/1-37.jpg\" alt=\"\" width=\"850\" height=\"650\"> <img decoding=\"async\" class=\"aligncenter size-full wp-image-2542\" src=\"https:\/\/shenhuexcavator.com\/wp-content\/uploads\/2025\/02\/2-13.jpg\" alt=\"\" width=\"850\" height=\"650\"> <img decoding=\"async\" class=\"aligncenter size-full wp-image-2543\" src=\"https:\/\/shenhuexcavator.com\/wp-content\/uploads\/2025\/02\/3-14.jpg\" alt=\"\" width=\"850\" height=\"650\"> <img loading=\"lazy\" decoding=\"async\" class=\"aligncenter size-full wp-image-2544\" src=\"https:\/\/shenhuexcavator.com\/wp-content\/uploads\/2025\/02\/4-11.jpg\" alt=\"\" width=\"850\" height=\"650\"><\/p>","protected":false},"excerpt":{"rendered":"<p>Der gebrauchte Cat 312D-Bagger ist eine Hochleistungsmaschine, die f\u00fcr schwere Eins\u00e4tze konzipiert wurde. Mit einem Betriebsgewicht von 12920 kg und einem Schaufelinhalt von 0,52 Kubikmetern ist er ideal f\u00fcr den Bergbau, Steinbr\u00fcche und gro\u00dfe Bauprojekte. Sein 72-kW-Motor sorgt f\u00fcr eine konstante Leistung, w\u00e4hrend seine robuste Bauweise eine lange Lebensdauer unter harten Arbeitsbedingungen gew\u00e4hrleistet. Der 312D ist mit einer fortschrittlichen Hydrauliksteuerung ausgestattet, die einen pr\u00e4zisen Betrieb und verbesserte Effizienz erm\u00f6glicht.<\/p>","protected":false},"featured_media":2545,"template":"","meta":[],"product_brand":[54],"product_cat":[82,120,45],"product_tag":[],"class_list":{"0":"post-2540","1":"product","2":"type-product","3":"status-publish","4":"has-post-thumbnail","6":"product_brand-caterpillar","7":"product_cat-12t","8":"product_cat-2020-2023","9":"product_cat-used-caterpillar-excavator","11":"first","12":"instock","13":"shipping-taxable","14":"purchasable","15":"product-type-simple"},"_links":{"self":[{"href":"https:\/\/shenhuexcavator.com\/de\/wp-json\/wp\/v2\/product\/2540","targetHints":{"allow":["GET"]}}],"collection":[{"href":"https:\/\/shenhuexcavator.com\/de\/wp-json\/wp\/v2\/product"}],"about":[{"href":"https:\/\/shenhuexcavator.com\/de\/wp-json\/wp\/v2\/types\/product"}],"wp:featuredmedia":[{"embeddable":true,"href":"https:\/\/shenhuexcavator.com\/de\/wp-json\/wp\/v2\/media\/2545"}],"wp:attachment":[{"href":"https:\/\/shenhuexcavator.com\/de\/wp-json\/wp\/v2\/media?parent=2540"}],"wp:term":[{"taxonomy":"product_brand","embeddable":true,"href":"https:\/\/shenhuexcavator.com\/de\/wp-json\/wp\/v2\/product_brand?post=2540"},{"taxonomy":"product_cat","embeddable":true,"href":"https:\/\/shenhuexcavator.com\/de\/wp-json\/wp\/v2\/product_cat?post=2540"},{"taxonomy":"product_tag","embeddable":true,"href":"https:\/\/shenhuexcavator.com\/de\/wp-json\/wp\/v2\/product_tag?post=2540"}],"curies":[{"name":"wp","href":"https:\/\/api.w.org\/{rel}","templated":true}]}}