{"id":2562,"date":"2025-02-26T15:35:00","date_gmt":"2025-02-26T07:35:00","guid":{"rendered":"https:\/\/shenhuexcavator.com\/?post_type=product&#038;p=2562"},"modified":"2025-07-17T15:09:56","modified_gmt":"2025-07-17T07:09:56","slug":"used-cat-320-excavator","status":"publish","type":"product","link":"https:\/\/shenhuexcavator.com\/de\/produkt\/used-cat-320-excavator\/","title":{"rendered":"Gebrauchter Cat 320 Bagger"},"content":{"rendered":"<p><img fetchpriority=\"high\" decoding=\"async\" class=\"aligncenter size-full wp-image-2563\" src=\"https:\/\/shenhuexcavator.com\/wp-content\/uploads\/2025\/02\/d51b9f342ee8938093679318d9dec5b.jpg\" alt=\"\" width=\"850\" height=\"650\"> <img decoding=\"async\" class=\"aligncenter size-full wp-image-2564\" src=\"https:\/\/shenhuexcavator.com\/wp-content\/uploads\/2025\/02\/0aebd99fcf52b8e24e94c3e2cab7f27.jpg\" alt=\"\" width=\"850\" height=\"650\"> <img decoding=\"async\" class=\"aligncenter size-full wp-image-2565\" src=\"https:\/\/shenhuexcavator.com\/wp-content\/uploads\/2025\/02\/4c408f4f77b34ab75bdd83d08f203ab.jpg\" alt=\"\" width=\"850\" height=\"650\"> <img loading=\"lazy\" decoding=\"async\" class=\"aligncenter size-full wp-image-2566\" src=\"https:\/\/shenhuexcavator.com\/wp-content\/uploads\/2025\/02\/9c9ffec3c2fa132ef0033c182572e14.jpg\" alt=\"\" width=\"850\" height=\"650\"> <img loading=\"lazy\" decoding=\"async\" class=\"aligncenter size-full wp-image-2567\" src=\"https:\/\/shenhuexcavator.com\/wp-content\/uploads\/2025\/02\/032a139e249e6b620f318f52b792b0b.jpg\" alt=\"\" width=\"850\" height=\"650\"> <img loading=\"lazy\" decoding=\"async\" class=\"aligncenter size-full wp-image-2568\" src=\"https:\/\/shenhuexcavator.com\/wp-content\/uploads\/2025\/02\/519b8f2bdc919bc3337b5fbc5014f18.jpg\" alt=\"\" width=\"850\" height=\"650\"> <img loading=\"lazy\" decoding=\"async\" class=\"aligncenter size-full wp-image-2569\" src=\"https:\/\/shenhuexcavator.com\/wp-content\/uploads\/2025\/02\/ab52af80f9d50e71000ebfe1ac15ed6.jpg\" alt=\"\" width=\"850\" height=\"650\"><\/p>","protected":false},"excerpt":{"rendered":"<p>Der gebrauchte Cat 320 Bagger ist eine Hochleistungsmaschine, die f\u00fcr anspruchsvolle Bauprojekte gebaut wurde. Mit einem Betriebsgewicht von 21800 kg und einer Schaufelkapazit\u00e4t von 1,19 Kubikmetern ist er ideal f\u00fcr gro\u00dfe Aushub- und Erdbewegungsarbeiten. Sein 129,4-kW-Motor sorgt f\u00fcr zuverl\u00e4ssige Leistung, w\u00e4hrend sein fortschrittliches Hydrauliksystem einen reibungslosen Betrieb gew\u00e4hrleistet. Der 320 ist f\u00fcr seine Langlebigkeit und seine Kraftstoffeffizienz bekannt, was ihn zu einer kosteneffizienten Wahl f\u00fcr Bauunternehmer macht, die ihre Produktivit\u00e4t maximieren wollen.<\/p>","protected":false},"featured_media":2570,"template":"","meta":[],"product_brand":[54],"product_cat":[120,85,45],"product_tag":[],"class_list":{"0":"post-2562","1":"product","2":"type-product","3":"status-publish","4":"has-post-thumbnail","6":"product_brand-caterpillar","7":"product_cat-2020-2023","8":"product_cat-20t","9":"product_cat-used-caterpillar-excavator","11":"first","12":"instock","13":"shipping-taxable","14":"purchasable","15":"product-type-simple"},"_links":{"self":[{"href":"https:\/\/shenhuexcavator.com\/de\/wp-json\/wp\/v2\/product\/2562","targetHints":{"allow":["GET"]}}],"collection":[{"href":"https:\/\/shenhuexcavator.com\/de\/wp-json\/wp\/v2\/product"}],"about":[{"href":"https:\/\/shenhuexcavator.com\/de\/wp-json\/wp\/v2\/types\/product"}],"wp:featuredmedia":[{"embeddable":true,"href":"https:\/\/shenhuexcavator.com\/de\/wp-json\/wp\/v2\/media\/2570"}],"wp:attachment":[{"href":"https:\/\/shenhuexcavator.com\/de\/wp-json\/wp\/v2\/media?parent=2562"}],"wp:term":[{"taxonomy":"product_brand","embeddable":true,"href":"https:\/\/shenhuexcavator.com\/de\/wp-json\/wp\/v2\/product_brand?post=2562"},{"taxonomy":"product_cat","embeddable":true,"href":"https:\/\/shenhuexcavator.com\/de\/wp-json\/wp\/v2\/product_cat?post=2562"},{"taxonomy":"product_tag","embeddable":true,"href":"https:\/\/shenhuexcavator.com\/de\/wp-json\/wp\/v2\/product_tag?post=2562"}],"curies":[{"name":"wp","href":"https:\/\/api.w.org\/{rel}","templated":true}]}}