{"id":2573,"date":"2025-02-26T15:39:00","date_gmt":"2025-02-26T07:39:00","guid":{"rendered":"https:\/\/shenhuexcavator.com\/?post_type=product&#038;p=2573"},"modified":"2025-07-17T15:09:56","modified_gmt":"2025-07-17T07:09:56","slug":"used-cat-320c-excavator","status":"publish","type":"product","link":"https:\/\/shenhuexcavator.com\/de\/produkt\/used-cat-320c-excavator\/","title":{"rendered":"Gebrauchter Cat 320C Bagger"},"content":{"rendered":"<p><img fetchpriority=\"high\" decoding=\"async\" class=\"aligncenter size-full wp-image-2574\" src=\"https:\/\/shenhuexcavator.com\/wp-content\/uploads\/2025\/02\/1f18e261b12f4c7bfbf0d816b2f4d2a.jpg\" alt=\"\" width=\"850\" height=\"650\"> <img decoding=\"async\" class=\"aligncenter size-full wp-image-2575\" src=\"https:\/\/shenhuexcavator.com\/wp-content\/uploads\/2025\/02\/8e5fe9b1e479bf85dd2123e9eea0483.jpg\" alt=\"\" width=\"850\" height=\"650\"> <img decoding=\"async\" class=\"aligncenter size-full wp-image-2576\" src=\"https:\/\/shenhuexcavator.com\/wp-content\/uploads\/2025\/02\/5227e0dd027ad046950ccab5d2df689.jpg\" alt=\"\" width=\"850\" height=\"650\"> <img loading=\"lazy\" decoding=\"async\" class=\"aligncenter size-full wp-image-2577\" src=\"https:\/\/shenhuexcavator.com\/wp-content\/uploads\/2025\/02\/27748315a106561c2e2e399a24ec1fa.jpg\" alt=\"\" width=\"850\" height=\"650\"> <img loading=\"lazy\" decoding=\"async\" class=\"aligncenter size-full wp-image-2578\" src=\"https:\/\/shenhuexcavator.com\/wp-content\/uploads\/2025\/02\/439346387223311bb4ffd163410152d.jpg\" alt=\"\" width=\"850\" height=\"650\"> <img loading=\"lazy\" decoding=\"async\" class=\"aligncenter size-full wp-image-2579\" src=\"https:\/\/shenhuexcavator.com\/wp-content\/uploads\/2025\/02\/b729f46815bdaa4be6c4adf03c1d597.jpg\" alt=\"\" width=\"850\" height=\"650\"><\/p>","protected":false},"excerpt":{"rendered":"<p>Der gebrauchte Cat 320C Bagger ist eine Hochleistungsmaschine, die f\u00fcr schwere Eins\u00e4tze konzipiert ist. Mit einem Betriebsgewicht von 21115 kg und einem Schaufelvolumen von 0,8 Kubikmetern ist er perfekt f\u00fcr den Bergbau, Steinbr\u00fcche und gro\u00dfe Bauprojekte geeignet. Sein 110-kW-Motor sorgt f\u00fcr eine konstante Leistung, w\u00e4hrend seine robuste Konstruktion eine lange Lebensdauer unter harten Arbeitsbedingungen gew\u00e4hrleistet. Der 320C ist mit einer fortschrittlichen Hydrauliksteuerung ausgestattet, die einen pr\u00e4zisen Betrieb und verbesserte Effizienz erm\u00f6glicht.<\/p>","protected":false},"featured_media":2580,"template":"","meta":[],"product_brand":[54],"product_cat":[120,85,45],"product_tag":[],"class_list":{"0":"post-2573","1":"product","2":"type-product","3":"status-publish","4":"has-post-thumbnail","6":"product_brand-caterpillar","7":"product_cat-2020-2023","8":"product_cat-20t","9":"product_cat-used-caterpillar-excavator","11":"first","12":"instock","13":"shipping-taxable","14":"purchasable","15":"product-type-simple"},"_links":{"self":[{"href":"https:\/\/shenhuexcavator.com\/de\/wp-json\/wp\/v2\/product\/2573","targetHints":{"allow":["GET"]}}],"collection":[{"href":"https:\/\/shenhuexcavator.com\/de\/wp-json\/wp\/v2\/product"}],"about":[{"href":"https:\/\/shenhuexcavator.com\/de\/wp-json\/wp\/v2\/types\/product"}],"wp:featuredmedia":[{"embeddable":true,"href":"https:\/\/shenhuexcavator.com\/de\/wp-json\/wp\/v2\/media\/2580"}],"wp:attachment":[{"href":"https:\/\/shenhuexcavator.com\/de\/wp-json\/wp\/v2\/media?parent=2573"}],"wp:term":[{"taxonomy":"product_brand","embeddable":true,"href":"https:\/\/shenhuexcavator.com\/de\/wp-json\/wp\/v2\/product_brand?post=2573"},{"taxonomy":"product_cat","embeddable":true,"href":"https:\/\/shenhuexcavator.com\/de\/wp-json\/wp\/v2\/product_cat?post=2573"},{"taxonomy":"product_tag","embeddable":true,"href":"https:\/\/shenhuexcavator.com\/de\/wp-json\/wp\/v2\/product_tag?post=2573"}],"curies":[{"name":"wp","href":"https:\/\/api.w.org\/{rel}","templated":true}]}}