{"id":2612,"date":"2025-02-26T15:51:00","date_gmt":"2025-02-26T07:51:00","guid":{"rendered":"https:\/\/shenhuexcavator.com\/?post_type=product&#038;p=2612"},"modified":"2025-07-17T15:09:56","modified_gmt":"2025-07-17T07:09:56","slug":"used-cat-330d-excavator","status":"publish","type":"product","link":"https:\/\/shenhuexcavator.com\/de\/produkt\/used-cat-330d-excavator\/","title":{"rendered":"Gebrauchter Cat 330D Bagger"},"content":{"rendered":"<p><img fetchpriority=\"high\" decoding=\"async\" class=\"aligncenter size-full wp-image-2613\" src=\"https:\/\/shenhuexcavator.com\/wp-content\/uploads\/2025\/02\/16339362381.jpg\" alt=\"\" width=\"850\" height=\"650\"> <img decoding=\"async\" class=\"aligncenter size-full wp-image-2614\" src=\"https:\/\/shenhuexcavator.com\/wp-content\/uploads\/2025\/02\/1-2-3.jpg\" alt=\"\" width=\"850\" height=\"650\"> <img decoding=\"async\" class=\"aligncenter size-full wp-image-2615\" src=\"https:\/\/shenhuexcavator.com\/wp-content\/uploads\/2025\/02\/1-4-2.jpg\" alt=\"\" width=\"850\" height=\"650\"> <img loading=\"lazy\" decoding=\"async\" class=\"aligncenter size-full wp-image-2616\" src=\"https:\/\/shenhuexcavator.com\/wp-content\/uploads\/2025\/02\/1-9-1.jpg\" alt=\"\" width=\"850\" height=\"650\"> <img loading=\"lazy\" decoding=\"async\" class=\"aligncenter size-full wp-image-2617\" src=\"https:\/\/shenhuexcavator.com\/wp-content\/uploads\/2025\/02\/1-13-2.jpg\" alt=\"\" width=\"850\" height=\"650\"> <img loading=\"lazy\" decoding=\"async\" class=\"aligncenter size-full wp-image-2618\" src=\"https:\/\/shenhuexcavator.com\/wp-content\/uploads\/2025\/02\/16339359741.jpg\" alt=\"\" width=\"850\" height=\"650\"> <img loading=\"lazy\" decoding=\"async\" class=\"aligncenter size-full wp-image-2619\" src=\"https:\/\/shenhuexcavator.com\/wp-content\/uploads\/2025\/02\/16339359901.jpg\" alt=\"\" width=\"850\" height=\"650\"> <img loading=\"lazy\" decoding=\"async\" class=\"aligncenter size-full wp-image-2620\" src=\"https:\/\/shenhuexcavator.com\/wp-content\/uploads\/2025\/02\/16339360301.jpg\" alt=\"\" width=\"850\" height=\"650\"> <img loading=\"lazy\" decoding=\"async\" class=\"aligncenter size-full wp-image-2621\" src=\"https:\/\/shenhuexcavator.com\/wp-content\/uploads\/2025\/02\/16339361381.jpg\" alt=\"\" width=\"850\" height=\"650\"><\/p>","protected":false},"excerpt":{"rendered":"<p>Der gebrauchte Cat 330D Bagger ist eine Hochleistungsmaschine, die f\u00fcr schwere Eins\u00e4tze konzipiert ist. Mit einem Betriebsgewicht von 33750 kg und einem Schaufelvolumen von 1,4 bis 2 Kubikmetern ist er perfekt f\u00fcr den Bergbau, Steinbr\u00fcche und gro\u00dfe Bauprojekte geeignet. Sein 200-kW-Motor sorgt f\u00fcr eine konstante Leistung, w\u00e4hrend seine robuste Bauweise eine lange Lebensdauer unter harten Arbeitsbedingungen gew\u00e4hrleistet. Der 330D ist mit einer fortschrittlichen Hydrauliksteuerung ausgestattet, die einen pr\u00e4zisen Betrieb und verbesserte Effizienz erm\u00f6glicht.<\/p>","protected":false},"featured_media":2622,"template":"","meta":[],"product_brand":[54],"product_cat":[120,93,45],"product_tag":[],"class_list":{"0":"post-2612","1":"product","2":"type-product","3":"status-publish","4":"has-post-thumbnail","6":"product_brand-caterpillar","7":"product_cat-2020-2023","8":"product_cat-30t","9":"product_cat-used-caterpillar-excavator","11":"first","12":"instock","13":"shipping-taxable","14":"purchasable","15":"product-type-simple"},"_links":{"self":[{"href":"https:\/\/shenhuexcavator.com\/de\/wp-json\/wp\/v2\/product\/2612","targetHints":{"allow":["GET"]}}],"collection":[{"href":"https:\/\/shenhuexcavator.com\/de\/wp-json\/wp\/v2\/product"}],"about":[{"href":"https:\/\/shenhuexcavator.com\/de\/wp-json\/wp\/v2\/types\/product"}],"wp:featuredmedia":[{"embeddable":true,"href":"https:\/\/shenhuexcavator.com\/de\/wp-json\/wp\/v2\/media\/2622"}],"wp:attachment":[{"href":"https:\/\/shenhuexcavator.com\/de\/wp-json\/wp\/v2\/media?parent=2612"}],"wp:term":[{"taxonomy":"product_brand","embeddable":true,"href":"https:\/\/shenhuexcavator.com\/de\/wp-json\/wp\/v2\/product_brand?post=2612"},{"taxonomy":"product_cat","embeddable":true,"href":"https:\/\/shenhuexcavator.com\/de\/wp-json\/wp\/v2\/product_cat?post=2612"},{"taxonomy":"product_tag","embeddable":true,"href":"https:\/\/shenhuexcavator.com\/de\/wp-json\/wp\/v2\/product_tag?post=2612"}],"curies":[{"name":"wp","href":"https:\/\/api.w.org\/{rel}","templated":true}]}}