{"id":2721,"date":"2025-02-27T10:24:00","date_gmt":"2025-02-27T02:24:00","guid":{"rendered":"https:\/\/shenhuexcavator.com\/?post_type=product&#038;p=2721"},"modified":"2025-07-17T15:10:01","modified_gmt":"2025-07-17T07:10:01","slug":"used-kobelco-sk50sr-excavator","status":"publish","type":"product","link":"https:\/\/shenhuexcavator.com\/de\/produkt\/used-kobelco-sk50sr-excavator\/","title":{"rendered":"Gebrauchter Kobelco SK50SR Bagger"},"content":{"rendered":"<p><img fetchpriority=\"high\" decoding=\"async\" class=\"aligncenter size-full wp-image-2722\" src=\"https:\/\/shenhuexcavator.com\/wp-content\/uploads\/2025\/02\/1-3-5.jpg\" alt=\"\" width=\"850\" height=\"650\"> <img decoding=\"async\" class=\"aligncenter size-full wp-image-2723\" src=\"https:\/\/shenhuexcavator.com\/wp-content\/uploads\/2025\/02\/1-7-4.jpg\" alt=\"\" width=\"850\" height=\"650\"><\/p>","protected":false},"excerpt":{"rendered":"<p>Der gebrauchte Kobelco SK50SR Bagger ist eine vielseitige Maschine f\u00fcr kleine bis mittelschwere Aufgaben. Mit einem Betriebsgewicht von 4730 kg und einer Schaufelkapazit\u00e4t von 0,16 Kubikmetern ist er perfekt f\u00fcr Grab-, Hebe- und Ladearbeiten geeignet. Sein 29,3-kW-Motor sorgt f\u00fcr zuverl\u00e4ssige Leistung, w\u00e4hrend seine kompakte Bauweise einen problemlosen Einsatz auf engstem Raum erm\u00f6glicht. Der SK50SR eignet sich besonders f\u00fcr st\u00e4dtische Baustellen, auf denen nur wenig Platz zur Verf\u00fcgung steht, aber dennoch Leistung und Effizienz gefragt sind.<\/p>","protected":false},"featured_media":2724,"template":"","meta":[],"product_brand":[53],"product_cat":[120,80,49],"product_tag":[],"class_list":{"0":"post-2721","1":"product","2":"type-product","3":"status-publish","4":"has-post-thumbnail","6":"product_brand-kobelco","7":"product_cat-2020-2023","8":"product_cat-5t","9":"product_cat-used-kobelco-excavator","11":"first","12":"instock","13":"shipping-taxable","14":"purchasable","15":"product-type-simple"},"_links":{"self":[{"href":"https:\/\/shenhuexcavator.com\/de\/wp-json\/wp\/v2\/product\/2721","targetHints":{"allow":["GET"]}}],"collection":[{"href":"https:\/\/shenhuexcavator.com\/de\/wp-json\/wp\/v2\/product"}],"about":[{"href":"https:\/\/shenhuexcavator.com\/de\/wp-json\/wp\/v2\/types\/product"}],"wp:featuredmedia":[{"embeddable":true,"href":"https:\/\/shenhuexcavator.com\/de\/wp-json\/wp\/v2\/media\/2724"}],"wp:attachment":[{"href":"https:\/\/shenhuexcavator.com\/de\/wp-json\/wp\/v2\/media?parent=2721"}],"wp:term":[{"taxonomy":"product_brand","embeddable":true,"href":"https:\/\/shenhuexcavator.com\/de\/wp-json\/wp\/v2\/product_brand?post=2721"},{"taxonomy":"product_cat","embeddable":true,"href":"https:\/\/shenhuexcavator.com\/de\/wp-json\/wp\/v2\/product_cat?post=2721"},{"taxonomy":"product_tag","embeddable":true,"href":"https:\/\/shenhuexcavator.com\/de\/wp-json\/wp\/v2\/product_tag?post=2721"}],"curies":[{"name":"wp","href":"https:\/\/api.w.org\/{rel}","templated":true}]}}