{"id":2729,"date":"2025-02-27T10:27:00","date_gmt":"2025-02-27T02:27:00","guid":{"rendered":"https:\/\/shenhuexcavator.com\/?post_type=product&#038;p=2729"},"modified":"2025-07-17T15:10:01","modified_gmt":"2025-07-17T07:10:01","slug":"used-kobelco-sk55sr-excavator","status":"publish","type":"product","link":"https:\/\/shenhuexcavator.com\/de\/produkt\/used-kobelco-sk55sr-excavator\/","title":{"rendered":"Gebrauchter Kobelco SK55SR Bagger"},"content":{"rendered":"<p><img fetchpriority=\"high\" decoding=\"async\" class=\"aligncenter size-full wp-image-2730\" src=\"https:\/\/shenhuexcavator.com\/wp-content\/uploads\/2025\/02\/1-1-7.jpg\" alt=\"\" width=\"850\" height=\"650\"> <img decoding=\"async\" class=\"aligncenter size-full wp-image-2731\" src=\"https:\/\/shenhuexcavator.com\/wp-content\/uploads\/2025\/02\/1-18-2.jpg\" alt=\"\" width=\"850\" height=\"650\"> <img decoding=\"async\" class=\"aligncenter size-full wp-image-2732\" src=\"https:\/\/shenhuexcavator.com\/wp-content\/uploads\/2025\/02\/1-19-2.jpg\" alt=\"\" width=\"850\" height=\"650\"> <img loading=\"lazy\" decoding=\"async\" class=\"aligncenter size-full wp-image-2733\" src=\"https:\/\/shenhuexcavator.com\/wp-content\/uploads\/2025\/02\/1-20-3.jpg\" alt=\"\" width=\"850\" height=\"650\"> <img loading=\"lazy\" decoding=\"async\" class=\"aligncenter size-full wp-image-2734\" src=\"https:\/\/shenhuexcavator.com\/wp-content\/uploads\/2025\/02\/1-23-1.jpg\" alt=\"\" width=\"850\" height=\"650\"> <img loading=\"lazy\" decoding=\"async\" class=\"aligncenter size-full wp-image-2735\" src=\"https:\/\/shenhuexcavator.com\/wp-content\/uploads\/2025\/02\/1-25-1.jpg\" alt=\"\" width=\"850\" height=\"650\"> <img loading=\"lazy\" decoding=\"async\" class=\"aligncenter size-full wp-image-2736\" src=\"https:\/\/shenhuexcavator.com\/wp-content\/uploads\/2025\/02\/1-27-1.jpg\" alt=\"\" width=\"850\" height=\"650\"><\/p>","protected":false},"excerpt":{"rendered":"<p>Der gebrauchte Kobelco SK55SR Bagger ist in Gr\u00f6\u00dfe und Leistung ein Schritt nach oben und wurde f\u00fcr mittelschwere Aufgaben entwickelt. Mit einem Betriebsgewicht von 5260 kg und einem Schaufelinhalt von 0,21 Kubikmetern ist er ideal f\u00fcr Grab-, Hebe- und Ladearbeiten. Sein 29,3-kW-Motor liefert eine robuste Leistung, w\u00e4hrend sein fortschrittliches Hydrauliksystem einen reibungslosen und pr\u00e4zisen Betrieb gew\u00e4hrleistet. Der SK55SR ist f\u00fcr seine Langlebigkeit und Kraftstoffeffizienz bekannt und damit eine zuverl\u00e4ssige Wahl f\u00fcr Bauunternehmer, die ihre Produktivit\u00e4t maximieren wollen.<\/p>","protected":false},"featured_media":2737,"template":"","meta":[],"product_brand":[53],"product_cat":[120,75,49],"product_tag":[],"class_list":{"0":"post-2729","1":"product","2":"type-product","3":"status-publish","4":"has-post-thumbnail","6":"product_brand-kobelco","7":"product_cat-2020-2023","8":"product_cat-5-5t","9":"product_cat-used-kobelco-excavator","11":"first","12":"instock","13":"shipping-taxable","14":"purchasable","15":"product-type-simple"},"_links":{"self":[{"href":"https:\/\/shenhuexcavator.com\/de\/wp-json\/wp\/v2\/product\/2729","targetHints":{"allow":["GET"]}}],"collection":[{"href":"https:\/\/shenhuexcavator.com\/de\/wp-json\/wp\/v2\/product"}],"about":[{"href":"https:\/\/shenhuexcavator.com\/de\/wp-json\/wp\/v2\/types\/product"}],"wp:featuredmedia":[{"embeddable":true,"href":"https:\/\/shenhuexcavator.com\/de\/wp-json\/wp\/v2\/media\/2737"}],"wp:attachment":[{"href":"https:\/\/shenhuexcavator.com\/de\/wp-json\/wp\/v2\/media?parent=2729"}],"wp:term":[{"taxonomy":"product_brand","embeddable":true,"href":"https:\/\/shenhuexcavator.com\/de\/wp-json\/wp\/v2\/product_brand?post=2729"},{"taxonomy":"product_cat","embeddable":true,"href":"https:\/\/shenhuexcavator.com\/de\/wp-json\/wp\/v2\/product_cat?post=2729"},{"taxonomy":"product_tag","embeddable":true,"href":"https:\/\/shenhuexcavator.com\/de\/wp-json\/wp\/v2\/product_tag?post=2729"}],"curies":[{"name":"wp","href":"https:\/\/api.w.org\/{rel}","templated":true}]}}