{"id":2755,"date":"2025-02-27T10:50:00","date_gmt":"2025-02-27T02:50:00","guid":{"rendered":"https:\/\/shenhuexcavator.com\/?post_type=product&#038;p=2755"},"modified":"2025-07-17T15:10:03","modified_gmt":"2025-07-17T07:10:03","slug":"used-kobelco-sk135sr-excavator","status":"publish","type":"product","link":"https:\/\/shenhuexcavator.com\/de\/produkt\/used-kobelco-sk135sr-excavator\/","title":{"rendered":"Gebrauchter Kobelco SK135SR Bagger"},"content":{"rendered":"<p><img fetchpriority=\"high\" decoding=\"async\" class=\"aligncenter size-full wp-image-2756\" src=\"https:\/\/shenhuexcavator.com\/wp-content\/uploads\/2025\/02\/\u96f6\u4ef61-1.jpg\" alt=\"\" width=\"850\" height=\"650\"> <img decoding=\"async\" class=\"aligncenter size-full wp-image-2757\" src=\"https:\/\/shenhuexcavator.com\/wp-content\/uploads\/2025\/02\/\u96f6\u4ef62.jpg\" alt=\"\" width=\"850\" height=\"650\"> <img decoding=\"async\" class=\"aligncenter size-full wp-image-2758\" src=\"https:\/\/shenhuexcavator.com\/wp-content\/uploads\/2025\/02\/\u94ed\u724c1-1.jpg\" alt=\"\" width=\"850\" height=\"650\"> <img loading=\"lazy\" decoding=\"async\" class=\"aligncenter size-full wp-image-2759\" src=\"https:\/\/shenhuexcavator.com\/wp-content\/uploads\/2025\/02\/\u5916\u5f627.jpg\" alt=\"\" width=\"850\" height=\"650\"> <img loading=\"lazy\" decoding=\"async\" class=\"aligncenter size-full wp-image-2760\" src=\"https:\/\/shenhuexcavator.com\/wp-content\/uploads\/2025\/02\/\u5ea7\u4f4d1-1.jpg\" alt=\"\" width=\"850\" height=\"650\"><\/p>","protected":false},"excerpt":{"rendered":"<p>Der gebrauchte Kobelco SK135SR Bagger ist eine Hochleistungsmaschine, die f\u00fcr anspruchsvolle Bauprojekte gebaut wurde. Mit einem Betriebsgewicht von 13000 kg und einem Schaufelvolumen von 0,57 Kubikmetern ist er ideal f\u00fcr gro\u00dfe Aushub- und Erdbewegungsarbeiten. Sein 35,5-kW-Motor sorgt f\u00fcr zuverl\u00e4ssige Leistung, w\u00e4hrend sein fortschrittliches Hydrauliksystem einen reibungslosen Betrieb gew\u00e4hrleistet. Der SK135SR ist f\u00fcr seine Langlebigkeit und Kraftstoffeffizienz bekannt und damit eine kosteneffiziente Wahl f\u00fcr Bauunternehmer, die ihre Produktivit\u00e4t maximieren wollen.<\/p>","protected":false},"featured_media":2761,"template":"","meta":[],"product_brand":[53],"product_cat":[83,120,49],"product_tag":[],"class_list":{"0":"post-2755","1":"product","2":"type-product","3":"status-publish","4":"has-post-thumbnail","6":"product_brand-kobelco","7":"product_cat-13t","8":"product_cat-2020-2023","9":"product_cat-used-kobelco-excavator","11":"first","12":"instock","13":"shipping-taxable","14":"purchasable","15":"product-type-simple"},"_links":{"self":[{"href":"https:\/\/shenhuexcavator.com\/de\/wp-json\/wp\/v2\/product\/2755","targetHints":{"allow":["GET"]}}],"collection":[{"href":"https:\/\/shenhuexcavator.com\/de\/wp-json\/wp\/v2\/product"}],"about":[{"href":"https:\/\/shenhuexcavator.com\/de\/wp-json\/wp\/v2\/types\/product"}],"wp:featuredmedia":[{"embeddable":true,"href":"https:\/\/shenhuexcavator.com\/de\/wp-json\/wp\/v2\/media\/2761"}],"wp:attachment":[{"href":"https:\/\/shenhuexcavator.com\/de\/wp-json\/wp\/v2\/media?parent=2755"}],"wp:term":[{"taxonomy":"product_brand","embeddable":true,"href":"https:\/\/shenhuexcavator.com\/de\/wp-json\/wp\/v2\/product_brand?post=2755"},{"taxonomy":"product_cat","embeddable":true,"href":"https:\/\/shenhuexcavator.com\/de\/wp-json\/wp\/v2\/product_cat?post=2755"},{"taxonomy":"product_tag","embeddable":true,"href":"https:\/\/shenhuexcavator.com\/de\/wp-json\/wp\/v2\/product_tag?post=2755"}],"curies":[{"name":"wp","href":"https:\/\/api.w.org\/{rel}","templated":true}]}}