{"id":2766,"date":"2025-02-27T10:53:00","date_gmt":"2025-02-27T02:53:00","guid":{"rendered":"https:\/\/shenhuexcavator.com\/?post_type=product&#038;p=2766"},"modified":"2025-07-17T15:10:04","modified_gmt":"2025-07-17T07:10:04","slug":"used-kobelco-sk200-excavator","status":"publish","type":"product","link":"https:\/\/shenhuexcavator.com\/de\/produkt\/used-kobelco-sk200-excavator\/","title":{"rendered":"Gebrauchter Kobelco SK200 Bagger"},"content":{"rendered":"<p><img fetchpriority=\"high\" decoding=\"async\" class=\"aligncenter size-full wp-image-2767\" src=\"https:\/\/shenhuexcavator.com\/wp-content\/uploads\/2025\/02\/\u8868\u76d81-1.jpg\" alt=\"\" width=\"850\" height=\"650\"> <img decoding=\"async\" class=\"aligncenter size-full wp-image-2768\" src=\"https:\/\/shenhuexcavator.com\/wp-content\/uploads\/2025\/02\/\u8868\u76d82.jpg\" alt=\"\" width=\"850\" height=\"650\"> <img decoding=\"async\" class=\"aligncenter size-full wp-image-2769\" src=\"https:\/\/shenhuexcavator.com\/wp-content\/uploads\/2025\/02\/\u96f6\u4ef61-2.jpg\" alt=\"\" width=\"850\" height=\"650\"> <img loading=\"lazy\" decoding=\"async\" class=\"aligncenter size-full wp-image-2770\" src=\"https:\/\/shenhuexcavator.com\/wp-content\/uploads\/2025\/02\/\u96f6\u4ef62-1.jpg\" alt=\"\" width=\"850\" height=\"650\"> <img loading=\"lazy\" decoding=\"async\" class=\"aligncenter size-full wp-image-2771\" src=\"https:\/\/shenhuexcavator.com\/wp-content\/uploads\/2025\/02\/\u96f6\u4ef63-1.jpg\" alt=\"\" width=\"850\" height=\"650\"> <img loading=\"lazy\" decoding=\"async\" class=\"aligncenter size-full wp-image-2772\" src=\"https:\/\/shenhuexcavator.com\/wp-content\/uploads\/2025\/02\/\u96f6\u4ef64.jpg\" alt=\"\" width=\"850\" height=\"650\"><\/p>","protected":false},"excerpt":{"rendered":"<p>Der gebrauchte Kobelco SK200 Bagger ist eine Hochleistungsmaschine, die f\u00fcr schwere Eins\u00e4tze konzipiert wurde. Mit einem Betriebsgewicht von 20000 kg und einem Schaufelvolumen von 0,8 Kubikmetern ist er perfekt f\u00fcr den Bergbau, Steinbr\u00fcche und gro\u00dfe Bauprojekte geeignet. Sein 110-kW-Motor sorgt f\u00fcr eine konstante Leistung, w\u00e4hrend seine robuste Konstruktion eine lange Lebensdauer unter harten Arbeitsbedingungen gew\u00e4hrleistet. Der SK200 ist mit einer fortschrittlichen Hydrauliksteuerung ausgestattet, die einen pr\u00e4zisen Betrieb und verbesserte Effizienz erm\u00f6glicht.<\/p>","protected":false},"featured_media":2773,"template":"","meta":[],"product_brand":[53],"product_cat":[120,85,49],"product_tag":[],"class_list":{"0":"post-2766","1":"product","2":"type-product","3":"status-publish","4":"has-post-thumbnail","6":"product_brand-kobelco","7":"product_cat-2020-2023","8":"product_cat-20t","9":"product_cat-used-kobelco-excavator","11":"first","12":"instock","13":"shipping-taxable","14":"purchasable","15":"product-type-simple"},"_links":{"self":[{"href":"https:\/\/shenhuexcavator.com\/de\/wp-json\/wp\/v2\/product\/2766","targetHints":{"allow":["GET"]}}],"collection":[{"href":"https:\/\/shenhuexcavator.com\/de\/wp-json\/wp\/v2\/product"}],"about":[{"href":"https:\/\/shenhuexcavator.com\/de\/wp-json\/wp\/v2\/types\/product"}],"wp:featuredmedia":[{"embeddable":true,"href":"https:\/\/shenhuexcavator.com\/de\/wp-json\/wp\/v2\/media\/2773"}],"wp:attachment":[{"href":"https:\/\/shenhuexcavator.com\/de\/wp-json\/wp\/v2\/media?parent=2766"}],"wp:term":[{"taxonomy":"product_brand","embeddable":true,"href":"https:\/\/shenhuexcavator.com\/de\/wp-json\/wp\/v2\/product_brand?post=2766"},{"taxonomy":"product_cat","embeddable":true,"href":"https:\/\/shenhuexcavator.com\/de\/wp-json\/wp\/v2\/product_cat?post=2766"},{"taxonomy":"product_tag","embeddable":true,"href":"https:\/\/shenhuexcavator.com\/de\/wp-json\/wp\/v2\/product_tag?post=2766"}],"curies":[{"name":"wp","href":"https:\/\/api.w.org\/{rel}","templated":true}]}}