{"id":2779,"date":"2025-02-27T10:56:00","date_gmt":"2025-02-27T02:56:00","guid":{"rendered":"https:\/\/shenhuexcavator.com\/?post_type=product&#038;p=2779"},"modified":"2025-07-17T15:10:04","modified_gmt":"2025-07-17T07:10:04","slug":"used-kobelco-sk210-8-excavator","status":"publish","type":"product","link":"https:\/\/shenhuexcavator.com\/de\/produkt\/used-kobelco-sk210-8-excavator\/","title":{"rendered":"Gebrauchter Kobelco SK210-8 Bagger"},"content":{"rendered":"<p><img fetchpriority=\"high\" decoding=\"async\" class=\"aligncenter size-full wp-image-2780\" src=\"https:\/\/shenhuexcavator.com\/wp-content\/uploads\/2025\/02\/2c048ef22903370a6d1ee8fffd912c3.jpg\" alt=\"\" width=\"850\" height=\"650\"> <img decoding=\"async\" class=\"aligncenter size-full wp-image-2781\" src=\"https:\/\/shenhuexcavator.com\/wp-content\/uploads\/2025\/02\/7f6879e6ecbb6da11d707b0ed183c86.jpg\" alt=\"\" width=\"850\" height=\"650\"> <img decoding=\"async\" class=\"aligncenter size-full wp-image-2782\" src=\"https:\/\/shenhuexcavator.com\/wp-content\/uploads\/2025\/02\/08c6471713161bf63b7d27b534e3b5e.jpg\" alt=\"\" width=\"850\" height=\"650\"> <img loading=\"lazy\" decoding=\"async\" class=\"aligncenter size-full wp-image-2783\" src=\"https:\/\/shenhuexcavator.com\/wp-content\/uploads\/2025\/02\/9d01d4dbd49f6d0a35cbd24e7e55ca0.jpg\" alt=\"\" width=\"850\" height=\"650\"> <img loading=\"lazy\" decoding=\"async\" class=\"aligncenter size-full wp-image-2784\" src=\"https:\/\/shenhuexcavator.com\/wp-content\/uploads\/2025\/02\/b26ea392840793ffc14559ef367d7ae.jpg\" alt=\"\" width=\"850\" height=\"650\"> <img loading=\"lazy\" decoding=\"async\" class=\"aligncenter size-full wp-image-2785\" src=\"https:\/\/shenhuexcavator.com\/wp-content\/uploads\/2025\/02\/ff23adf9adaaba9a789ac02a6476bc5.jpg\" alt=\"\" width=\"850\" height=\"650\"><\/p>","protected":false},"excerpt":{"rendered":"<p>Der gebrauchte Kobelco SK210-8 Bagger ist eine leistungsstarke Maschine, die f\u00fcr schwere Aufgaben ausgelegt ist. Mit einem Betriebsgewicht von 20600 kg und einem Schaufelvolumen von 0,9 bis 1,8 Kubikmetern ist er perfekt f\u00fcr gro\u00dfe Aushub- und Erdbewegungsprojekte geeignet. Sein 114-kW-Motor liefert eine au\u00dfergew\u00f6hnliche Leistung, w\u00e4hrend seine robuste Konstruktion eine lange Lebensdauer unter harten Arbeitsbedingungen gew\u00e4hrleistet. Der SK210-8 eignet sich besonders f\u00fcr Baustellen, auf denen Zuverl\u00e4ssigkeit und Leistung entscheidend sind.<\/p>","protected":false},"featured_media":2786,"template":"","meta":[],"product_brand":[53],"product_cat":[120,85,49],"product_tag":[],"class_list":{"0":"post-2779","1":"product","2":"type-product","3":"status-publish","4":"has-post-thumbnail","6":"product_brand-kobelco","7":"product_cat-2020-2023","8":"product_cat-20t","9":"product_cat-used-kobelco-excavator","11":"first","12":"instock","13":"shipping-taxable","14":"purchasable","15":"product-type-simple"},"_links":{"self":[{"href":"https:\/\/shenhuexcavator.com\/de\/wp-json\/wp\/v2\/product\/2779","targetHints":{"allow":["GET"]}}],"collection":[{"href":"https:\/\/shenhuexcavator.com\/de\/wp-json\/wp\/v2\/product"}],"about":[{"href":"https:\/\/shenhuexcavator.com\/de\/wp-json\/wp\/v2\/types\/product"}],"wp:featuredmedia":[{"embeddable":true,"href":"https:\/\/shenhuexcavator.com\/de\/wp-json\/wp\/v2\/media\/2786"}],"wp:attachment":[{"href":"https:\/\/shenhuexcavator.com\/de\/wp-json\/wp\/v2\/media?parent=2779"}],"wp:term":[{"taxonomy":"product_brand","embeddable":true,"href":"https:\/\/shenhuexcavator.com\/de\/wp-json\/wp\/v2\/product_brand?post=2779"},{"taxonomy":"product_cat","embeddable":true,"href":"https:\/\/shenhuexcavator.com\/de\/wp-json\/wp\/v2\/product_cat?post=2779"},{"taxonomy":"product_tag","embeddable":true,"href":"https:\/\/shenhuexcavator.com\/de\/wp-json\/wp\/v2\/product_tag?post=2779"}],"curies":[{"name":"wp","href":"https:\/\/api.w.org\/{rel}","templated":true}]}}