{"id":2810,"date":"2025-02-27T11:24:00","date_gmt":"2025-02-27T03:24:00","guid":{"rendered":"https:\/\/shenhuexcavator.com\/?post_type=product&#038;p=2810"},"modified":"2025-07-17T15:10:05","modified_gmt":"2025-07-17T07:10:05","slug":"used-komatsu-pc35-excavator","status":"publish","type":"product","link":"https:\/\/shenhuexcavator.com\/de\/produkt\/used-komatsu-pc35-excavator\/","title":{"rendered":"Gebrauchter Komatsu PC35 Bagger"},"content":{"rendered":"<p><img fetchpriority=\"high\" decoding=\"async\" class=\"aligncenter size-full wp-image-2811\" src=\"https:\/\/shenhuexcavator.com\/wp-content\/uploads\/2025\/02\/5f0526a6f9d543063909ceda1164fc2.jpg\" alt=\"\" width=\"850\" height=\"650\"> <img decoding=\"async\" class=\"aligncenter size-full wp-image-2812\" src=\"https:\/\/shenhuexcavator.com\/wp-content\/uploads\/2025\/02\/7b7da3957b875e242e807c7f6889b35.jpg\" alt=\"\" width=\"850\" height=\"650\"> <img decoding=\"async\" class=\"aligncenter size-full wp-image-2813\" src=\"https:\/\/shenhuexcavator.com\/wp-content\/uploads\/2025\/02\/8ef19924056345865af66270381bc84.jpg\" alt=\"\" width=\"850\" height=\"650\"> <img loading=\"lazy\" decoding=\"async\" class=\"aligncenter size-full wp-image-2814\" src=\"https:\/\/shenhuexcavator.com\/wp-content\/uploads\/2025\/02\/44ad9e9de76995621db0ee01c293c86.jpg\" alt=\"\" width=\"850\" height=\"650\"> <img loading=\"lazy\" decoding=\"async\" class=\"aligncenter size-full wp-image-2815\" src=\"https:\/\/shenhuexcavator.com\/wp-content\/uploads\/2025\/02\/143d87a1b227487d2916d6652852744.jpg\" alt=\"\" width=\"850\" height=\"650\"> <img loading=\"lazy\" decoding=\"async\" class=\"aligncenter size-full wp-image-2816\" src=\"https:\/\/shenhuexcavator.com\/wp-content\/uploads\/2025\/02\/279f77613070709ec98429625a3e159.jpg\" alt=\"\" width=\"850\" height=\"650\"> <img loading=\"lazy\" decoding=\"async\" class=\"aligncenter size-full wp-image-2817\" src=\"https:\/\/shenhuexcavator.com\/wp-content\/uploads\/2025\/02\/6670c1bcdd068b04116dcde7d992669.jpg\" alt=\"\" width=\"850\" height=\"650\"><\/p>","protected":false},"excerpt":{"rendered":"<p>Der gebrauchte Komatsu PC35 Bagger ist eine kompakte und vielseitige Maschine, ideal f\u00fcr kleine Baustellen und Landschaftsbauprojekte. Mit einem Betriebsgewicht von 3915 kg und einer Schaufelkapazit\u00e4t von 0,1 Kubikmetern ist er perfekt f\u00fcr Aufgaben wie das Ausheben von Gr\u00e4ben, das Heben von Materialien und leichte Aushubarbeiten. Sein 21-kW-Dieselmotor sorgt f\u00fcr zuverl\u00e4ssige Leistung, w\u00e4hrend seine kompakte Gr\u00f6\u00dfe ein einfaches Man\u00f6vrieren auf engem Raum erm\u00f6glicht. Der PC35 ist f\u00fcr seine Kraftstoffeffizienz und seinen geringen Wartungsbedarf bekannt, was ihn zu einer kosteneffizienten Wahl f\u00fcr kleine Bauunternehmen und Landschaftsg\u00e4rtner macht.<\/p>","protected":false},"featured_media":2818,"template":"","meta":[],"product_brand":[51],"product_cat":[120,79,48],"product_tag":[],"class_list":{"0":"post-2810","1":"product","2":"type-product","3":"status-publish","4":"has-post-thumbnail","6":"product_brand-komatsu","7":"product_cat-2020-2023","8":"product_cat-3-5t","9":"product_cat-used-komatsu-excavator","11":"first","12":"instock","13":"shipping-taxable","14":"purchasable","15":"product-type-simple"},"_links":{"self":[{"href":"https:\/\/shenhuexcavator.com\/de\/wp-json\/wp\/v2\/product\/2810","targetHints":{"allow":["GET"]}}],"collection":[{"href":"https:\/\/shenhuexcavator.com\/de\/wp-json\/wp\/v2\/product"}],"about":[{"href":"https:\/\/shenhuexcavator.com\/de\/wp-json\/wp\/v2\/types\/product"}],"wp:featuredmedia":[{"embeddable":true,"href":"https:\/\/shenhuexcavator.com\/de\/wp-json\/wp\/v2\/media\/2818"}],"wp:attachment":[{"href":"https:\/\/shenhuexcavator.com\/de\/wp-json\/wp\/v2\/media?parent=2810"}],"wp:term":[{"taxonomy":"product_brand","embeddable":true,"href":"https:\/\/shenhuexcavator.com\/de\/wp-json\/wp\/v2\/product_brand?post=2810"},{"taxonomy":"product_cat","embeddable":true,"href":"https:\/\/shenhuexcavator.com\/de\/wp-json\/wp\/v2\/product_cat?post=2810"},{"taxonomy":"product_tag","embeddable":true,"href":"https:\/\/shenhuexcavator.com\/de\/wp-json\/wp\/v2\/product_tag?post=2810"}],"curies":[{"name":"wp","href":"https:\/\/api.w.org\/{rel}","templated":true}]}}