{"id":2972,"date":"2025-02-27T15:18:00","date_gmt":"2025-02-27T07:18:00","guid":{"rendered":"https:\/\/shenhuexcavator.com\/?post_type=product&#038;p=2972"},"modified":"2025-07-17T15:10:08","modified_gmt":"2025-07-17T07:10:08","slug":"used-komatsu-pc300-7-excavator","status":"publish","type":"product","link":"https:\/\/shenhuexcavator.com\/de\/produkt\/used-komatsu-pc300-7-excavator\/","title":{"rendered":"Gebrauchter Komatsu PC300-7 Bagger"},"content":{"rendered":"<p><img fetchpriority=\"high\" decoding=\"async\" class=\"aligncenter size-full wp-image-2973\" src=\"https:\/\/shenhuexcavator.com\/wp-content\/uploads\/2025\/02\/f7fe695440f8f6498cd6b5b346d23b6.jpg\" alt=\"\" width=\"850\" height=\"650\"> <img decoding=\"async\" class=\"aligncenter size-full wp-image-2974\" src=\"https:\/\/shenhuexcavator.com\/wp-content\/uploads\/2025\/02\/2c9f118881b2b627aec3911dd99da2b.jpg\" alt=\"\" width=\"850\" height=\"650\"> <img decoding=\"async\" class=\"aligncenter size-full wp-image-2975\" src=\"https:\/\/shenhuexcavator.com\/wp-content\/uploads\/2025\/02\/7b53dfeb7229ebb1bb4d6f7fe16a2b0.jpg\" alt=\"\" width=\"850\" height=\"650\"> <img loading=\"lazy\" decoding=\"async\" class=\"aligncenter size-full wp-image-2976\" src=\"https:\/\/shenhuexcavator.com\/wp-content\/uploads\/2025\/02\/20a9f00a7c864d1e9df96d20209e73e.jpg\" alt=\"\" width=\"850\" height=\"650\"> <img loading=\"lazy\" decoding=\"async\" class=\"aligncenter size-full wp-image-2977\" src=\"https:\/\/shenhuexcavator.com\/wp-content\/uploads\/2025\/02\/0518e8a896c64f51c80ad3934f8d20d.jpg\" alt=\"\" width=\"850\" height=\"650\"> <img loading=\"lazy\" decoding=\"async\" class=\"aligncenter size-full wp-image-2978\" src=\"https:\/\/shenhuexcavator.com\/wp-content\/uploads\/2025\/02\/8986a852b1edf88d9b5c7ee854f5483.jpg\" alt=\"\" width=\"850\" height=\"650\"> <img loading=\"lazy\" decoding=\"async\" class=\"aligncenter size-full wp-image-2979\" src=\"https:\/\/shenhuexcavator.com\/wp-content\/uploads\/2025\/02\/b35f0040512c0b10206910bf285fdb8.jpg\" alt=\"\" width=\"850\" height=\"650\"> <img loading=\"lazy\" decoding=\"async\" class=\"aligncenter size-full wp-image-2980\" src=\"https:\/\/shenhuexcavator.com\/wp-content\/uploads\/2025\/02\/d57e58ab9875af77cb3221896f7e695.jpg\" alt=\"\" width=\"850\" height=\"650\"><\/p>","protected":false},"excerpt":{"rendered":"<p>Der gebrauchte Komatsu PC300-7 Bagger ist eine Hochleistungsmaschine, die f\u00fcr schwere Eins\u00e4tze konzipiert wurde. Mit einem Betriebsgewicht von 31200 kg und einer Schaufelkapazit\u00e4t von 1,4 Kubikmetern ist er perfekt f\u00fcr den Bergbau, Steinbr\u00fcche und gro\u00dfe Bauprojekte geeignet. Sein 180-kW-Motor sorgt f\u00fcr eine konstante Leistung, w\u00e4hrend seine robuste Bauweise eine lange Lebensdauer unter harten Arbeitsbedingungen gew\u00e4hrleistet. Der PC300-7 ist mit einer fortschrittlichen Hydrauliksteuerung ausgestattet, die einen pr\u00e4zisen Betrieb und eine verbesserte Effizienz erm\u00f6glicht,<\/p>","protected":false},"featured_media":2981,"template":"","meta":[],"product_brand":[51],"product_cat":[120,93,48],"product_tag":[],"class_list":{"0":"post-2972","1":"product","2":"type-product","3":"status-publish","4":"has-post-thumbnail","6":"product_brand-komatsu","7":"product_cat-2020-2023","8":"product_cat-30t","9":"product_cat-used-komatsu-excavator","11":"first","12":"instock","13":"shipping-taxable","14":"purchasable","15":"product-type-simple"},"_links":{"self":[{"href":"https:\/\/shenhuexcavator.com\/de\/wp-json\/wp\/v2\/product\/2972","targetHints":{"allow":["GET"]}}],"collection":[{"href":"https:\/\/shenhuexcavator.com\/de\/wp-json\/wp\/v2\/product"}],"about":[{"href":"https:\/\/shenhuexcavator.com\/de\/wp-json\/wp\/v2\/types\/product"}],"wp:featuredmedia":[{"embeddable":true,"href":"https:\/\/shenhuexcavator.com\/de\/wp-json\/wp\/v2\/media\/2981"}],"wp:attachment":[{"href":"https:\/\/shenhuexcavator.com\/de\/wp-json\/wp\/v2\/media?parent=2972"}],"wp:term":[{"taxonomy":"product_brand","embeddable":true,"href":"https:\/\/shenhuexcavator.com\/de\/wp-json\/wp\/v2\/product_brand?post=2972"},{"taxonomy":"product_cat","embeddable":true,"href":"https:\/\/shenhuexcavator.com\/de\/wp-json\/wp\/v2\/product_cat?post=2972"},{"taxonomy":"product_tag","embeddable":true,"href":"https:\/\/shenhuexcavator.com\/de\/wp-json\/wp\/v2\/product_tag?post=2972"}],"curies":[{"name":"wp","href":"https:\/\/api.w.org\/{rel}","templated":true}]}}