{"id":2996,"date":"2025-02-27T15:23:00","date_gmt":"2025-02-27T07:23:00","guid":{"rendered":"https:\/\/shenhuexcavator.com\/?post_type=product&#038;p=2996"},"modified":"2025-07-17T15:10:11","modified_gmt":"2025-07-17T07:10:11","slug":"used-komatsu-pc400-7-excavator","status":"publish","type":"product","link":"https:\/\/shenhuexcavator.com\/de\/produkt\/used-komatsu-pc400-7-excavator\/","title":{"rendered":"Gebrauchter Komatsu PC400-7 Bagger"},"content":{"rendered":"<p><img fetchpriority=\"high\" decoding=\"async\" class=\"aligncenter size-full wp-image-2997\" src=\"https:\/\/shenhuexcavator.com\/wp-content\/uploads\/2025\/02\/0c8af2bb0c7b8146e5c93c76c52377a.jpg\" alt=\"\" width=\"850\" height=\"650\"> <img decoding=\"async\" class=\"aligncenter size-full wp-image-2998\" src=\"https:\/\/shenhuexcavator.com\/wp-content\/uploads\/2025\/02\/82d7cfca8c4922c3190e59b9fcca543.jpg\" alt=\"\" width=\"850\" height=\"650\"> <img decoding=\"async\" class=\"aligncenter size-full wp-image-2999\" src=\"https:\/\/shenhuexcavator.com\/wp-content\/uploads\/2025\/02\/642a5df13fe6cc9209ae36608ef3d62.jpg\" alt=\"\" width=\"850\" height=\"650\"> <img loading=\"lazy\" decoding=\"async\" class=\"aligncenter size-full wp-image-3000\" src=\"https:\/\/shenhuexcavator.com\/wp-content\/uploads\/2025\/02\/aa8e8282ed53ac1382a2b8439c9e12f.jpg\" alt=\"\" width=\"850\" height=\"650\"> <img loading=\"lazy\" decoding=\"async\" class=\"aligncenter size-full wp-image-3001\" src=\"https:\/\/shenhuexcavator.com\/wp-content\/uploads\/2025\/02\/d681494272dd3cc5fe43fb091781419.jpg\" alt=\"\" width=\"850\" height=\"650\"> <img loading=\"lazy\" decoding=\"async\" class=\"aligncenter size-full wp-image-3002\" src=\"https:\/\/shenhuexcavator.com\/wp-content\/uploads\/2025\/02\/e4f73bd24f4be339a4c0ee00f40ec27.jpg\" alt=\"\" width=\"850\" height=\"650\"><\/p>","protected":false},"excerpt":{"rendered":"<p>Der gebrauchte Komatsu PC400-7 Bagger ist eine Hochleistungsmaschine, die f\u00fcr anspruchsvolle Bauprojekte gebaut wurde. Mit einem Betriebsgewicht von 41400 kg und einer Schaufelkapazit\u00e4t von 1,9 Kubikmetern ist er ideal f\u00fcr gro\u00dfe Aushub- und Erdbewegungsarbeiten. Sein 246-kW-Motor sorgt f\u00fcr zuverl\u00e4ssige Leistung, w\u00e4hrend sein fortschrittliches Hydrauliksystem einen reibungslosen Betrieb gew\u00e4hrleistet. Der PC400-7 ist f\u00fcr seine Langlebigkeit und seine Kraftstoffeffizienz bekannt, was ihn zu einer kosteneffizienten Wahl f\u00fcr Bauunternehmer macht, die ihre Produktivit\u00e4t maximieren wollen,<\/p>","protected":false},"featured_media":3003,"template":"","meta":[],"product_brand":[51],"product_cat":[120,99,48],"product_tag":[],"class_list":{"0":"post-2996","1":"product","2":"type-product","3":"status-publish","4":"has-post-thumbnail","6":"product_brand-komatsu","7":"product_cat-2020-2023","8":"product_cat-40t","9":"product_cat-used-komatsu-excavator","11":"first","12":"instock","13":"shipping-taxable","14":"purchasable","15":"product-type-simple"},"_links":{"self":[{"href":"https:\/\/shenhuexcavator.com\/de\/wp-json\/wp\/v2\/product\/2996","targetHints":{"allow":["GET"]}}],"collection":[{"href":"https:\/\/shenhuexcavator.com\/de\/wp-json\/wp\/v2\/product"}],"about":[{"href":"https:\/\/shenhuexcavator.com\/de\/wp-json\/wp\/v2\/types\/product"}],"wp:featuredmedia":[{"embeddable":true,"href":"https:\/\/shenhuexcavator.com\/de\/wp-json\/wp\/v2\/media\/3003"}],"wp:attachment":[{"href":"https:\/\/shenhuexcavator.com\/de\/wp-json\/wp\/v2\/media?parent=2996"}],"wp:term":[{"taxonomy":"product_brand","embeddable":true,"href":"https:\/\/shenhuexcavator.com\/de\/wp-json\/wp\/v2\/product_brand?post=2996"},{"taxonomy":"product_cat","embeddable":true,"href":"https:\/\/shenhuexcavator.com\/de\/wp-json\/wp\/v2\/product_cat?post=2996"},{"taxonomy":"product_tag","embeddable":true,"href":"https:\/\/shenhuexcavator.com\/de\/wp-json\/wp\/v2\/product_tag?post=2996"}],"curies":[{"name":"wp","href":"https:\/\/api.w.org\/{rel}","templated":true}]}}