{"id":3018,"date":"2025-02-27T15:32:00","date_gmt":"2025-02-27T07:32:00","guid":{"rendered":"https:\/\/shenhuexcavator.com\/?post_type=product&#038;p=3018"},"modified":"2025-07-17T15:10:11","modified_gmt":"2025-07-17T07:10:11","slug":"used-kobota-kx-155-3sz-excavator","status":"publish","type":"product","link":"https:\/\/shenhuexcavator.com\/de\/produkt\/used-kobota-kx-155-3sz-excavator\/","title":{"rendered":"Gebrauchter Kobota KX-155-3SZ Bagger"},"content":{"rendered":"<p><img fetchpriority=\"high\" decoding=\"async\" class=\"aligncenter size-full wp-image-3019\" src=\"https:\/\/shenhuexcavator.com\/wp-content\/uploads\/2025\/02\/1-2-12.jpg\" alt=\"\" width=\"850\" height=\"650\"> <img decoding=\"async\" class=\"aligncenter size-full wp-image-3020\" src=\"https:\/\/shenhuexcavator.com\/wp-content\/uploads\/2025\/02\/1-4-12.jpg\" alt=\"\" width=\"850\" height=\"650\"> <img decoding=\"async\" class=\"aligncenter size-full wp-image-3021\" src=\"https:\/\/shenhuexcavator.com\/wp-content\/uploads\/2025\/02\/1-5-12.jpg\" alt=\"\" width=\"850\" height=\"650\"> <img loading=\"lazy\" decoding=\"async\" class=\"aligncenter size-full wp-image-3022\" src=\"https:\/\/shenhuexcavator.com\/wp-content\/uploads\/2025\/02\/1-8-8.jpg\" alt=\"\" width=\"850\" height=\"650\"> <img loading=\"lazy\" decoding=\"async\" class=\"aligncenter size-full wp-image-3023\" src=\"https:\/\/shenhuexcavator.com\/wp-content\/uploads\/2025\/02\/1-10-6.jpg\" alt=\"\" width=\"850\" height=\"650\"> <img loading=\"lazy\" decoding=\"async\" class=\"aligncenter size-full wp-image-3024\" src=\"https:\/\/shenhuexcavator.com\/wp-content\/uploads\/2025\/02\/1-12-2.jpg\" alt=\"\" width=\"850\" height=\"650\"><\/p>","protected":false},"excerpt":{"rendered":"<p>Der gebrauchte Kobota KX-155-3SZ Bagger ist eine kompakte und vielseitige Maschine, ideal f\u00fcr kleine Baustellen und Landschaftsbauprojekte. Mit einem Betriebsgewicht von 5190 kg und einer Schaufelkapazit\u00e4t von 0,19 Kubikmetern ist er perfekt f\u00fcr Aufgaben wie das Ausheben von Gr\u00e4ben, das Heben von Materialien und leichte Aushubarbeiten. Sein 29,9-kW-Dieselmotor sorgt f\u00fcr zuverl\u00e4ssige Leistung, w\u00e4hrend seine kompakte Gr\u00f6\u00dfe ein einfaches Man\u00f6vrieren auf engem Raum erm\u00f6glicht. Der KX-155-3SZ ist bekannt f\u00fcr seine Kraftstoffeffizienz und seinen geringen Wartungsaufwand, was ihn zu einer kosteneffizienten Wahl f\u00fcr kleine Bauunternehmen und Landschaftsg\u00e4rtner macht,<\/p>","protected":false},"featured_media":3025,"template":"","meta":[],"product_brand":[52],"product_cat":[101,120,47],"product_tag":[],"class_list":{"0":"post-3018","1":"product","2":"type-product","3":"status-publish","4":"has-post-thumbnail","6":"product_brand-kubota","7":"product_cat-1-5t","8":"product_cat-2020-2023","9":"product_cat-used-kubota-excavator","11":"first","12":"instock","13":"shipping-taxable","14":"purchasable","15":"product-type-simple"},"_links":{"self":[{"href":"https:\/\/shenhuexcavator.com\/de\/wp-json\/wp\/v2\/product\/3018","targetHints":{"allow":["GET"]}}],"collection":[{"href":"https:\/\/shenhuexcavator.com\/de\/wp-json\/wp\/v2\/product"}],"about":[{"href":"https:\/\/shenhuexcavator.com\/de\/wp-json\/wp\/v2\/types\/product"}],"wp:featuredmedia":[{"embeddable":true,"href":"https:\/\/shenhuexcavator.com\/de\/wp-json\/wp\/v2\/media\/3025"}],"wp:attachment":[{"href":"https:\/\/shenhuexcavator.com\/de\/wp-json\/wp\/v2\/media?parent=3018"}],"wp:term":[{"taxonomy":"product_brand","embeddable":true,"href":"https:\/\/shenhuexcavator.com\/de\/wp-json\/wp\/v2\/product_brand?post=3018"},{"taxonomy":"product_cat","embeddable":true,"href":"https:\/\/shenhuexcavator.com\/de\/wp-json\/wp\/v2\/product_cat?post=3018"},{"taxonomy":"product_tag","embeddable":true,"href":"https:\/\/shenhuexcavator.com\/de\/wp-json\/wp\/v2\/product_tag?post=3018"}],"curies":[{"name":"wp","href":"https:\/\/api.w.org\/{rel}","templated":true}]}}