{"id":3057,"date":"2025-02-27T15:45:00","date_gmt":"2025-02-27T07:45:00","guid":{"rendered":"https:\/\/shenhuexcavator.com\/?post_type=product&#038;p=3057"},"modified":"2025-07-17T15:10:12","modified_gmt":"2025-07-17T07:10:12","slug":"used-kubota-kxu30-5-excavator","status":"publish","type":"product","link":"https:\/\/shenhuexcavator.com\/de\/produkt\/used-kubota-kxu30-5-excavator\/","title":{"rendered":"Gebrauchter Kubota KXU30-5 Bagger"},"content":{"rendered":"<p><img fetchpriority=\"high\" decoding=\"async\" class=\"aligncenter size-full wp-image-3058\" src=\"https:\/\/shenhuexcavator.com\/wp-content\/uploads\/2025\/02\/\u5fae\u4fe1\u56fe\u7247_20211030131540.jpg\" alt=\"\" width=\"850\" height=\"650\"> <img decoding=\"async\" class=\"aligncenter size-full wp-image-3059\" src=\"https:\/\/shenhuexcavator.com\/wp-content\/uploads\/2025\/02\/\u5fae\u4fe1\u56fe\u7247_202110301315395.jpg\" alt=\"\" width=\"850\" height=\"650\"> <img decoding=\"async\" class=\"aligncenter size-full wp-image-3060\" src=\"https:\/\/shenhuexcavator.com\/wp-content\/uploads\/2025\/02\/\u5fae\u4fe1\u56fe\u7247_202110301315396.jpg\" alt=\"\" width=\"850\" height=\"650\"> <img loading=\"lazy\" decoding=\"async\" class=\"aligncenter size-full wp-image-3061\" src=\"https:\/\/shenhuexcavator.com\/wp-content\/uploads\/2025\/02\/\u5fae\u4fe1\u56fe\u7247_202110301315397.jpg\" alt=\"\" width=\"850\" height=\"650\"> <img loading=\"lazy\" decoding=\"async\" class=\"aligncenter size-full wp-image-3062\" src=\"https:\/\/shenhuexcavator.com\/wp-content\/uploads\/2025\/02\/\u5fae\u4fe1\u56fe\u7247_202110301315398.jpg\" alt=\"\" width=\"850\" height=\"650\"> <img loading=\"lazy\" decoding=\"async\" class=\"aligncenter size-full wp-image-3063\" src=\"https:\/\/shenhuexcavator.com\/wp-content\/uploads\/2025\/02\/\u5fae\u4fe1\u56fe\u7247_202110301315401.jpg\" alt=\"\" width=\"850\" height=\"650\"><\/p>","protected":false},"excerpt":{"rendered":"<p>Der gebrauchte Kubota KXU30-5 Bagger ist in Gr\u00f6\u00dfe und Leistung ein Schritt nach oben und f\u00fcr mittelschwere Aufgaben konzipiert. Mit einem Betriebsgewicht von 3450 kg und einer Schaufelkapazit\u00e4t von 0,1 Kubikmetern ist er ideal f\u00fcr Grab-, Hebe- und Ladearbeiten. Sein 20-kW-Motor sorgt f\u00fcr zuverl\u00e4ssige Leistung, w\u00e4hrend seine kompakte Bauweise einen problemlosen Einsatz auf engstem Raum erm\u00f6glicht. Der KXU30-5 eignet sich besonders f\u00fcr st\u00e4dtische Baustellen, auf denen wenig Platz zur Verf\u00fcgung steht, aber dennoch Leistung und Effizienz gefragt sind,<\/p>","protected":false},"featured_media":3064,"template":"","meta":[],"product_brand":[52],"product_cat":[120,89,47],"product_tag":[],"class_list":{"0":"post-3057","1":"product","2":"type-product","3":"status-publish","4":"has-post-thumbnail","6":"product_brand-kubota","7":"product_cat-2020-2023","8":"product_cat-3t","9":"product_cat-used-kubota-excavator","11":"first","12":"instock","13":"shipping-taxable","14":"purchasable","15":"product-type-simple"},"_links":{"self":[{"href":"https:\/\/shenhuexcavator.com\/de\/wp-json\/wp\/v2\/product\/3057","targetHints":{"allow":["GET"]}}],"collection":[{"href":"https:\/\/shenhuexcavator.com\/de\/wp-json\/wp\/v2\/product"}],"about":[{"href":"https:\/\/shenhuexcavator.com\/de\/wp-json\/wp\/v2\/types\/product"}],"wp:featuredmedia":[{"embeddable":true,"href":"https:\/\/shenhuexcavator.com\/de\/wp-json\/wp\/v2\/media\/3064"}],"wp:attachment":[{"href":"https:\/\/shenhuexcavator.com\/de\/wp-json\/wp\/v2\/media?parent=3057"}],"wp:term":[{"taxonomy":"product_brand","embeddable":true,"href":"https:\/\/shenhuexcavator.com\/de\/wp-json\/wp\/v2\/product_brand?post=3057"},{"taxonomy":"product_cat","embeddable":true,"href":"https:\/\/shenhuexcavator.com\/de\/wp-json\/wp\/v2\/product_cat?post=3057"},{"taxonomy":"product_tag","embeddable":true,"href":"https:\/\/shenhuexcavator.com\/de\/wp-json\/wp\/v2\/product_tag?post=3057"}],"curies":[{"name":"wp","href":"https:\/\/api.w.org\/{rel}","templated":true}]}}