{"id":3561,"date":"2025-03-05T15:43:00","date_gmt":"2025-03-05T07:43:00","guid":{"rendered":"https:\/\/shenhuexcavator.com\/?post_type=product&#038;p=3561"},"modified":"2025-07-17T15:10:13","modified_gmt":"2025-07-17T07:10:13","slug":"used-kubota-kx-163-excavator","status":"publish","type":"product","link":"https:\/\/shenhuexcavator.com\/de\/produkt\/used-kubota-kx-163-excavator\/","title":{"rendered":"Gebrauchter Kubota KX-163 Bagger"},"content":{"rendered":"<p style=\"text-align: left;\">\n<img fetchpriority=\"high\" decoding=\"async\" class=\"aligncenter size-full wp-image-3562\" src=\"https:\/\/shenhuexcavator.com\/wp-content\/uploads\/2025\/03\/5.jpg\" alt=\"\" width=\"860\" height=\"650\"> <img decoding=\"async\" class=\"aligncenter size-full wp-image-3563\" src=\"https:\/\/shenhuexcavator.com\/wp-content\/uploads\/2025\/03\/6.jpg\" alt=\"\" width=\"860\" height=\"650\"> <img decoding=\"async\" class=\"aligncenter size-full wp-image-3564\" src=\"https:\/\/shenhuexcavator.com\/wp-content\/uploads\/2025\/03\/7.jpg\" alt=\"\" width=\"860\" height=\"650\"> <img loading=\"lazy\" decoding=\"async\" class=\"aligncenter size-full wp-image-3565\" src=\"https:\/\/shenhuexcavator.com\/wp-content\/uploads\/2025\/03\/8.jpg\" alt=\"\" width=\"860\" height=\"650\"> <img loading=\"lazy\" decoding=\"async\" class=\"aligncenter size-full wp-image-3566\" src=\"https:\/\/shenhuexcavator.com\/wp-content\/uploads\/2025\/03\/9.jpg\" alt=\"\" width=\"860\" height=\"650\"><\/p>","protected":false},"excerpt":{"rendered":"<p>Der gebrauchte Kubota KX-163 Bagger ist eine leistungsstarke Maschine f\u00fcr mittelschwere bis schwere Aufgaben. Mit einem Betriebsgewicht von 5595 kg und einer Schaufelkapazit\u00e4t von 0,22 Kubikmetern ist er ideal f\u00fcr Grab-, Hebe- und Ladearbeiten. Sein 35,5-kW-Motor bietet eine au\u00dfergew\u00f6hnliche Leistung, w\u00e4hrend seine robuste Konstruktion eine lange Lebensdauer unter harten Arbeitsbedingungen gew\u00e4hrleistet. Der KX-163 eignet sich besonders f\u00fcr Baustellen, auf denen Zuverl\u00e4ssigkeit und Leistung entscheidend sind.<\/p>","protected":false},"featured_media":3573,"template":"","meta":[],"product_brand":[52],"product_cat":[120,80,47],"product_tag":[],"class_list":{"0":"post-3561","1":"product","2":"type-product","3":"status-publish","4":"has-post-thumbnail","6":"product_brand-kubota","7":"product_cat-2020-2023","8":"product_cat-5t","9":"product_cat-used-kubota-excavator","11":"first","12":"instock","13":"shipping-taxable","14":"purchasable","15":"product-type-simple"},"_links":{"self":[{"href":"https:\/\/shenhuexcavator.com\/de\/wp-json\/wp\/v2\/product\/3561","targetHints":{"allow":["GET"]}}],"collection":[{"href":"https:\/\/shenhuexcavator.com\/de\/wp-json\/wp\/v2\/product"}],"about":[{"href":"https:\/\/shenhuexcavator.com\/de\/wp-json\/wp\/v2\/types\/product"}],"wp:featuredmedia":[{"embeddable":true,"href":"https:\/\/shenhuexcavator.com\/de\/wp-json\/wp\/v2\/media\/3573"}],"wp:attachment":[{"href":"https:\/\/shenhuexcavator.com\/de\/wp-json\/wp\/v2\/media?parent=3561"}],"wp:term":[{"taxonomy":"product_brand","embeddable":true,"href":"https:\/\/shenhuexcavator.com\/de\/wp-json\/wp\/v2\/product_brand?post=3561"},{"taxonomy":"product_cat","embeddable":true,"href":"https:\/\/shenhuexcavator.com\/de\/wp-json\/wp\/v2\/product_cat?post=3561"},{"taxonomy":"product_tag","embeddable":true,"href":"https:\/\/shenhuexcavator.com\/de\/wp-json\/wp\/v2\/product_tag?post=3561"}],"curies":[{"name":"wp","href":"https:\/\/api.w.org\/{rel}","templated":true}]}}