{"id":4208,"date":"2025-04-29T14:38:00","date_gmt":"2025-04-29T06:38:00","guid":{"rendered":"https:\/\/shenhuexcavator.com\/product\/used-kubota-kx161-excavator\/"},"modified":"2025-07-17T15:10:16","modified_gmt":"2025-07-17T07:10:16","slug":"used-kubota-kx161-excavator","status":"publish","type":"product","link":"https:\/\/shenhuexcavator.com\/de\/produkt\/used-kubota-kx161-excavator\/","title":{"rendered":"Gebrauchter Kubota KX161 Bagger"},"content":{"rendered":"<p><img fetchpriority=\"high\" decoding=\"async\" class=\"aligncenter size-full wp-image-4372\" src=\"https:\/\/shenhuexcavator.com\/wp-content\/uploads\/2025\/04\/\u5fae\u4fe1\u56fe\u7247_202111041622158_WH_850x650px.webp\" alt=\"\" width=\"850\" height=\"650\" srcset=\"https:\/\/shenhuexcavator.com\/wp-content\/uploads\/2025\/04\/\u5fae\u4fe1\u56fe\u7247_202111041622158_WH_850x650px.webp 850w, https:\/\/shenhuexcavator.com\/wp-content\/uploads\/2025\/04\/\u5fae\u4fe1\u56fe\u7247_202111041622158_WH_850x650px-600x459.webp 600w, https:\/\/shenhuexcavator.com\/wp-content\/uploads\/2025\/04\/\u5fae\u4fe1\u56fe\u7247_202111041622158_WH_850x650px-300x229.webp 300w, https:\/\/shenhuexcavator.com\/wp-content\/uploads\/2025\/04\/\u5fae\u4fe1\u56fe\u7247_202111041622158_WH_850x650px-150x115.webp 150w, https:\/\/shenhuexcavator.com\/wp-content\/uploads\/2025\/04\/\u5fae\u4fe1\u56fe\u7247_202111041622158_WH_850x650px-768x587.webp 768w, https:\/\/shenhuexcavator.com\/wp-content\/uploads\/2025\/04\/\u5fae\u4fe1\u56fe\u7247_202111041622158_WH_850x650px-16x12.webp 16w\" sizes=\"(max-width: 850px) 100vw, 850px\" \/> <img decoding=\"async\" class=\"aligncenter size-full wp-image-4373\" src=\"https:\/\/shenhuexcavator.com\/wp-content\/uploads\/2025\/04\/\u5fae\u4fe1\u56fe\u7247_202111041622159_WH_850x650px.webp\" alt=\"\" width=\"850\" height=\"650\" srcset=\"https:\/\/shenhuexcavator.com\/wp-content\/uploads\/2025\/04\/\u5fae\u4fe1\u56fe\u7247_202111041622159_WH_850x650px.webp 850w, https:\/\/shenhuexcavator.com\/wp-content\/uploads\/2025\/04\/\u5fae\u4fe1\u56fe\u7247_202111041622159_WH_850x650px-600x459.webp 600w, https:\/\/shenhuexcavator.com\/wp-content\/uploads\/2025\/04\/\u5fae\u4fe1\u56fe\u7247_202111041622159_WH_850x650px-300x229.webp 300w, https:\/\/shenhuexcavator.com\/wp-content\/uploads\/2025\/04\/\u5fae\u4fe1\u56fe\u7247_202111041622159_WH_850x650px-150x115.webp 150w, https:\/\/shenhuexcavator.com\/wp-content\/uploads\/2025\/04\/\u5fae\u4fe1\u56fe\u7247_202111041622159_WH_850x650px-768x587.webp 768w, https:\/\/shenhuexcavator.com\/wp-content\/uploads\/2025\/04\/\u5fae\u4fe1\u56fe\u7247_202111041622159_WH_850x650px-16x12.webp 16w\" sizes=\"(max-width: 850px) 100vw, 850px\" \/> <img decoding=\"async\" class=\"aligncenter size-full wp-image-4374\" src=\"https:\/\/shenhuexcavator.com\/wp-content\/uploads\/2025\/04\/\u5fae\u4fe1\u56fe\u7247_2021110416221511_WH_850x650px.webp\" alt=\"\" width=\"850\" height=\"650\" srcset=\"https:\/\/shenhuexcavator.com\/wp-content\/uploads\/2025\/04\/\u5fae\u4fe1\u56fe\u7247_2021110416221511_WH_850x650px.webp 850w, https:\/\/shenhuexcavator.com\/wp-content\/uploads\/2025\/04\/\u5fae\u4fe1\u56fe\u7247_2021110416221511_WH_850x650px-600x459.webp 600w, https:\/\/shenhuexcavator.com\/wp-content\/uploads\/2025\/04\/\u5fae\u4fe1\u56fe\u7247_2021110416221511_WH_850x650px-300x229.webp 300w, https:\/\/shenhuexcavator.com\/wp-content\/uploads\/2025\/04\/\u5fae\u4fe1\u56fe\u7247_2021110416221511_WH_850x650px-150x115.webp 150w, https:\/\/shenhuexcavator.com\/wp-content\/uploads\/2025\/04\/\u5fae\u4fe1\u56fe\u7247_2021110416221511_WH_850x650px-768x587.webp 768w, https:\/\/shenhuexcavator.com\/wp-content\/uploads\/2025\/04\/\u5fae\u4fe1\u56fe\u7247_2021110416221511_WH_850x650px-16x12.webp 16w\" sizes=\"(max-width: 850px) 100vw, 850px\" \/> <img loading=\"lazy\" decoding=\"async\" class=\"aligncenter size-full wp-image-4375\" src=\"https:\/\/shenhuexcavator.com\/wp-content\/uploads\/2025\/04\/\u5fae\u4fe1\u56fe\u7247_2021110416221512_WH_850x650px.webp\" alt=\"\" width=\"850\" height=\"650\" srcset=\"https:\/\/shenhuexcavator.com\/wp-content\/uploads\/2025\/04\/\u5fae\u4fe1\u56fe\u7247_2021110416221512_WH_850x650px.webp 850w, https:\/\/shenhuexcavator.com\/wp-content\/uploads\/2025\/04\/\u5fae\u4fe1\u56fe\u7247_2021110416221512_WH_850x650px-600x459.webp 600w, https:\/\/shenhuexcavator.com\/wp-content\/uploads\/2025\/04\/\u5fae\u4fe1\u56fe\u7247_2021110416221512_WH_850x650px-300x229.webp 300w, https:\/\/shenhuexcavator.com\/wp-content\/uploads\/2025\/04\/\u5fae\u4fe1\u56fe\u7247_2021110416221512_WH_850x650px-150x115.webp 150w, https:\/\/shenhuexcavator.com\/wp-content\/uploads\/2025\/04\/\u5fae\u4fe1\u56fe\u7247_2021110416221512_WH_850x650px-768x587.webp 768w, https:\/\/shenhuexcavator.com\/wp-content\/uploads\/2025\/04\/\u5fae\u4fe1\u56fe\u7247_2021110416221512_WH_850x650px-16x12.webp 16w\" sizes=\"(max-width: 850px) 100vw, 850px\" \/> <img loading=\"lazy\" decoding=\"async\" class=\"aligncenter size-full wp-image-4376\" src=\"https:\/\/shenhuexcavator.com\/wp-content\/uploads\/2025\/04\/\u5fae\u4fe1\u56fe\u7247_2021110416221513_WH_850x650px.webp\" alt=\"\" width=\"850\" height=\"650\" srcset=\"https:\/\/shenhuexcavator.com\/wp-content\/uploads\/2025\/04\/\u5fae\u4fe1\u56fe\u7247_2021110416221513_WH_850x650px.webp 850w, https:\/\/shenhuexcavator.com\/wp-content\/uploads\/2025\/04\/\u5fae\u4fe1\u56fe\u7247_2021110416221513_WH_850x650px-600x459.webp 600w, https:\/\/shenhuexcavator.com\/wp-content\/uploads\/2025\/04\/\u5fae\u4fe1\u56fe\u7247_2021110416221513_WH_850x650px-300x229.webp 300w, https:\/\/shenhuexcavator.com\/wp-content\/uploads\/2025\/04\/\u5fae\u4fe1\u56fe\u7247_2021110416221513_WH_850x650px-150x115.webp 150w, https:\/\/shenhuexcavator.com\/wp-content\/uploads\/2025\/04\/\u5fae\u4fe1\u56fe\u7247_2021110416221513_WH_850x650px-768x587.webp 768w, https:\/\/shenhuexcavator.com\/wp-content\/uploads\/2025\/04\/\u5fae\u4fe1\u56fe\u7247_2021110416221513_WH_850x650px-16x12.webp 16w\" sizes=\"(max-width: 850px) 100vw, 850px\" \/><\/p>","protected":false},"excerpt":{"rendered":"<p>\"Der gebrauchte Kubota KX161 ist ein Bagger der 6-Tonnen-Klasse, der eine Mischung aus Leistung und Man\u00f6vrierf\u00e4higkeit bietet. Sein 48,6-PS-Motor liefert starke Grabkr\u00e4fte (38 kN Schaufel, 26 kN Arm), wodurch er f\u00fcr mittelschwere Aufgaben wie Grabenaushub und Fundamentarbeiten geeignet ist. Der KX161 verf\u00fcgt \u00fcber eine ger\u00e4umige, schallged\u00e4mmte Kabine mit intuitiven Joystick-Bedienelementen und einer R\u00fcckfahrkamera (bei neueren Modellen). Gebrauchte Ger\u00e4te weisen h\u00e4ufig Verschlei\u00dferscheinungen am Unterwagen auf (insbesondere an den Raupengliedern und Rollen), profitieren aber von Kubotas wartungsfreundlichen Komponenten. Mit einer Grabtiefe von 4,1 m und einer Schaufelkapazit\u00e4t von bis zu 0,28 m\u00b3 ist er in der Landwirtschaft und im Stra\u00dfenbau beliebt. K\u00e4ufer sollten die Dichtungen des Schwenkmotors und den Hydraulikventilblock auf Undichtigkeiten \u00fcberpr\u00fcfen. Gut gewartete Exemplare mit 4.000-8.000 Betriebsstunden k\u00f6nnen noch jahrelang ihren Dienst tun, vor allem, wenn die vom Hersteller angegebenen Wartungsintervalle eingehalten wurden.\"<\/p>","protected":false},"featured_media":4377,"template":"","meta":[],"product_brand":[52],"product_cat":[103,120,47],"product_tag":[],"class_list":{"0":"post-4208","1":"product","2":"type-product","3":"status-publish","4":"has-post-thumbnail","6":"product_brand-kubota","7":"product_cat-1-6t","8":"product_cat-2020-2023","9":"product_cat-used-kubota-excavator","11":"first","12":"instock","13":"shipping-taxable","14":"purchasable","15":"product-type-simple"},"_links":{"self":[{"href":"https:\/\/shenhuexcavator.com\/de\/wp-json\/wp\/v2\/product\/4208","targetHints":{"allow":["GET"]}}],"collection":[{"href":"https:\/\/shenhuexcavator.com\/de\/wp-json\/wp\/v2\/product"}],"about":[{"href":"https:\/\/shenhuexcavator.com\/de\/wp-json\/wp\/v2\/types\/product"}],"wp:featuredmedia":[{"embeddable":true,"href":"https:\/\/shenhuexcavator.com\/de\/wp-json\/wp\/v2\/media\/4377"}],"wp:attachment":[{"href":"https:\/\/shenhuexcavator.com\/de\/wp-json\/wp\/v2\/media?parent=4208"}],"wp:term":[{"taxonomy":"product_brand","embeddable":true,"href":"https:\/\/shenhuexcavator.com\/de\/wp-json\/wp\/v2\/product_brand?post=4208"},{"taxonomy":"product_cat","embeddable":true,"href":"https:\/\/shenhuexcavator.com\/de\/wp-json\/wp\/v2\/product_cat?post=4208"},{"taxonomy":"product_tag","embeddable":true,"href":"https:\/\/shenhuexcavator.com\/de\/wp-json\/wp\/v2\/product_tag?post=4208"}],"curies":[{"name":"wp","href":"https:\/\/api.w.org\/{rel}","templated":true}]}}