{"id":4217,"date":"2025-04-29T14:38:00","date_gmt":"2025-04-29T06:38:00","guid":{"rendered":"https:\/\/shenhuexcavator.com\/product\/used-hyundai-60cr-excavator\/"},"modified":"2025-07-17T15:10:18","modified_gmt":"2025-07-17T07:10:18","slug":"used-hyundai-60cr-excavator","status":"publish","type":"product","link":"https:\/\/shenhuexcavator.com\/de\/produkt\/used-hyundai-60cr-excavator\/","title":{"rendered":"Gebrauchter Hyundai 60CR Bagger"},"content":{"rendered":"<p><img fetchpriority=\"high\" decoding=\"async\" class=\"aligncenter size-full wp-image-4332\" src=\"https:\/\/shenhuexcavator.com\/wp-content\/uploads\/2025\/04\/76b9eb3447291b6d97647e1436edf32_WH_850x650px.webp\" alt=\"\" width=\"850\" height=\"650\" srcset=\"https:\/\/shenhuexcavator.com\/wp-content\/uploads\/2025\/04\/76b9eb3447291b6d97647e1436edf32_WH_850x650px.webp 850w, https:\/\/shenhuexcavator.com\/wp-content\/uploads\/2025\/04\/76b9eb3447291b6d97647e1436edf32_WH_850x650px-600x459.webp 600w, https:\/\/shenhuexcavator.com\/wp-content\/uploads\/2025\/04\/76b9eb3447291b6d97647e1436edf32_WH_850x650px-300x229.webp 300w, https:\/\/shenhuexcavator.com\/wp-content\/uploads\/2025\/04\/76b9eb3447291b6d97647e1436edf32_WH_850x650px-150x115.webp 150w, https:\/\/shenhuexcavator.com\/wp-content\/uploads\/2025\/04\/76b9eb3447291b6d97647e1436edf32_WH_850x650px-768x587.webp 768w, https:\/\/shenhuexcavator.com\/wp-content\/uploads\/2025\/04\/76b9eb3447291b6d97647e1436edf32_WH_850x650px-16x12.webp 16w\" sizes=\"(max-width: 850px) 100vw, 850px\" \/> <img decoding=\"async\" class=\"aligncenter size-full wp-image-4333\" src=\"https:\/\/shenhuexcavator.com\/wp-content\/uploads\/2025\/04\/180ac1a52a750153f54eb666d1bbcc7_WH_850x650px.webp\" alt=\"\" width=\"850\" height=\"650\" srcset=\"https:\/\/shenhuexcavator.com\/wp-content\/uploads\/2025\/04\/180ac1a52a750153f54eb666d1bbcc7_WH_850x650px.webp 850w, https:\/\/shenhuexcavator.com\/wp-content\/uploads\/2025\/04\/180ac1a52a750153f54eb666d1bbcc7_WH_850x650px-600x459.webp 600w, https:\/\/shenhuexcavator.com\/wp-content\/uploads\/2025\/04\/180ac1a52a750153f54eb666d1bbcc7_WH_850x650px-300x229.webp 300w, https:\/\/shenhuexcavator.com\/wp-content\/uploads\/2025\/04\/180ac1a52a750153f54eb666d1bbcc7_WH_850x650px-150x115.webp 150w, https:\/\/shenhuexcavator.com\/wp-content\/uploads\/2025\/04\/180ac1a52a750153f54eb666d1bbcc7_WH_850x650px-768x587.webp 768w, https:\/\/shenhuexcavator.com\/wp-content\/uploads\/2025\/04\/180ac1a52a750153f54eb666d1bbcc7_WH_850x650px-16x12.webp 16w\" sizes=\"(max-width: 850px) 100vw, 850px\" \/> <img decoding=\"async\" class=\"aligncenter size-full wp-image-4334\" src=\"https:\/\/shenhuexcavator.com\/wp-content\/uploads\/2025\/04\/02005d36cb23888b7f71d2ba145095c_WH_850x650px.webp\" alt=\"\" width=\"850\" height=\"650\" srcset=\"https:\/\/shenhuexcavator.com\/wp-content\/uploads\/2025\/04\/02005d36cb23888b7f71d2ba145095c_WH_850x650px.webp 850w, https:\/\/shenhuexcavator.com\/wp-content\/uploads\/2025\/04\/02005d36cb23888b7f71d2ba145095c_WH_850x650px-600x459.webp 600w, https:\/\/shenhuexcavator.com\/wp-content\/uploads\/2025\/04\/02005d36cb23888b7f71d2ba145095c_WH_850x650px-300x229.webp 300w, https:\/\/shenhuexcavator.com\/wp-content\/uploads\/2025\/04\/02005d36cb23888b7f71d2ba145095c_WH_850x650px-150x115.webp 150w, https:\/\/shenhuexcavator.com\/wp-content\/uploads\/2025\/04\/02005d36cb23888b7f71d2ba145095c_WH_850x650px-768x587.webp 768w, https:\/\/shenhuexcavator.com\/wp-content\/uploads\/2025\/04\/02005d36cb23888b7f71d2ba145095c_WH_850x650px-16x12.webp 16w\" sizes=\"(max-width: 850px) 100vw, 850px\" \/> <img loading=\"lazy\" decoding=\"async\" class=\"aligncenter size-full wp-image-4335\" src=\"https:\/\/shenhuexcavator.com\/wp-content\/uploads\/2025\/04\/a2483ce9d14403d4805cad029f4cc6e_WH_850x650px.webp\" alt=\"\" width=\"850\" height=\"650\" srcset=\"https:\/\/shenhuexcavator.com\/wp-content\/uploads\/2025\/04\/a2483ce9d14403d4805cad029f4cc6e_WH_850x650px.webp 850w, https:\/\/shenhuexcavator.com\/wp-content\/uploads\/2025\/04\/a2483ce9d14403d4805cad029f4cc6e_WH_850x650px-600x459.webp 600w, https:\/\/shenhuexcavator.com\/wp-content\/uploads\/2025\/04\/a2483ce9d14403d4805cad029f4cc6e_WH_850x650px-300x229.webp 300w, https:\/\/shenhuexcavator.com\/wp-content\/uploads\/2025\/04\/a2483ce9d14403d4805cad029f4cc6e_WH_850x650px-150x115.webp 150w, https:\/\/shenhuexcavator.com\/wp-content\/uploads\/2025\/04\/a2483ce9d14403d4805cad029f4cc6e_WH_850x650px-768x587.webp 768w, https:\/\/shenhuexcavator.com\/wp-content\/uploads\/2025\/04\/a2483ce9d14403d4805cad029f4cc6e_WH_850x650px-16x12.webp 16w\" sizes=\"(max-width: 850px) 100vw, 850px\" \/> <img loading=\"lazy\" decoding=\"async\" class=\"aligncenter size-full wp-image-4336\" src=\"https:\/\/shenhuexcavator.com\/wp-content\/uploads\/2025\/04\/c90ed4a6d9e1378ce3d449489cc5e5c_WH_850x650px.webp\" alt=\"\" width=\"850\" height=\"650\" srcset=\"https:\/\/shenhuexcavator.com\/wp-content\/uploads\/2025\/04\/c90ed4a6d9e1378ce3d449489cc5e5c_WH_850x650px.webp 850w, https:\/\/shenhuexcavator.com\/wp-content\/uploads\/2025\/04\/c90ed4a6d9e1378ce3d449489cc5e5c_WH_850x650px-600x459.webp 600w, https:\/\/shenhuexcavator.com\/wp-content\/uploads\/2025\/04\/c90ed4a6d9e1378ce3d449489cc5e5c_WH_850x650px-300x229.webp 300w, https:\/\/shenhuexcavator.com\/wp-content\/uploads\/2025\/04\/c90ed4a6d9e1378ce3d449489cc5e5c_WH_850x650px-150x115.webp 150w, https:\/\/shenhuexcavator.com\/wp-content\/uploads\/2025\/04\/c90ed4a6d9e1378ce3d449489cc5e5c_WH_850x650px-768x587.webp 768w, https:\/\/shenhuexcavator.com\/wp-content\/uploads\/2025\/04\/c90ed4a6d9e1378ce3d449489cc5e5c_WH_850x650px-16x12.webp 16w\" sizes=\"(max-width: 850px) 100vw, 850px\" \/><\/p>","protected":false},"excerpt":{"rendered":"<p>\"Der gebrauchte Hyundai 60CR ist ein 6-Tonnen-Bagger mit kompaktem Radius, der mit der HI-MATE-Telematik von Hyundai zur Fern\u00fcberwachung ausgestattet ist. Sein 48-PS-Motor und die Zweipumpenhydraulik sorgen f\u00fcr eine reaktionsschnelle Steuerung. Das kurze Heck (1,7 m) und die Grabtiefe von 4,1 m des 60CR eignen sich f\u00fcr den Einsatz im st\u00e4dtischen Bereich. \u00dcberpr\u00fcfen Sie gebrauchte Ger\u00e4te auf Leckagen am Raupenmotor und Verschlei\u00df der Steuerventile. Die ger\u00e4umige Kabine mit 10% mehr Glasfl\u00e4che als bei den Wettbewerbern verbessert die Sicht bei Pr\u00e4zisionsarbeiten.\"<\/p>","protected":false},"featured_media":4338,"template":"","meta":[],"product_brand":[55],"product_cat":[120,76,46],"product_tag":[],"class_list":{"0":"post-4217","1":"product","2":"type-product","3":"status-publish","4":"has-post-thumbnail","6":"product_brand-hyundai","7":"product_cat-2020-2023","8":"product_cat-6t","9":"product_cat-used-hyundai-excavator","11":"first","12":"instock","13":"shipping-taxable","14":"purchasable","15":"product-type-simple"},"_links":{"self":[{"href":"https:\/\/shenhuexcavator.com\/de\/wp-json\/wp\/v2\/product\/4217","targetHints":{"allow":["GET"]}}],"collection":[{"href":"https:\/\/shenhuexcavator.com\/de\/wp-json\/wp\/v2\/product"}],"about":[{"href":"https:\/\/shenhuexcavator.com\/de\/wp-json\/wp\/v2\/types\/product"}],"wp:featuredmedia":[{"embeddable":true,"href":"https:\/\/shenhuexcavator.com\/de\/wp-json\/wp\/v2\/media\/4338"}],"wp:attachment":[{"href":"https:\/\/shenhuexcavator.com\/de\/wp-json\/wp\/v2\/media?parent=4217"}],"wp:term":[{"taxonomy":"product_brand","embeddable":true,"href":"https:\/\/shenhuexcavator.com\/de\/wp-json\/wp\/v2\/product_brand?post=4217"},{"taxonomy":"product_cat","embeddable":true,"href":"https:\/\/shenhuexcavator.com\/de\/wp-json\/wp\/v2\/product_cat?post=4217"},{"taxonomy":"product_tag","embeddable":true,"href":"https:\/\/shenhuexcavator.com\/de\/wp-json\/wp\/v2\/product_tag?post=4217"}],"curies":[{"name":"wp","href":"https:\/\/api.w.org\/{rel}","templated":true}]}}