{"id":4227,"date":"2025-04-29T14:38:00","date_gmt":"2025-04-29T06:38:00","guid":{"rendered":"https:\/\/shenhuexcavator.com\/product\/used-hyundai-r220-excavator\/"},"modified":"2025-07-17T16:56:03","modified_gmt":"2025-07-17T08:56:03","slug":"used-hyundai-r220-excavator","status":"publish","type":"product","link":"https:\/\/shenhuexcavator.com\/de\/produkt\/used-hyundai-r220-excavator\/","title":{"rendered":"Gebrauchter Hyundai R220 Bagger"},"content":{"rendered":"<p><img fetchpriority=\"high\" decoding=\"async\" class=\"aligncenter size-full wp-image-4230\" src=\"https:\/\/shenhuexcavator.com\/wp-content\/uploads\/2025\/04\/3c7bdb8ee12f9c67e801fcfa32cd28f_WH_850x650px.webp\" alt=\"\" width=\"850\" height=\"650\" srcset=\"https:\/\/shenhuexcavator.com\/wp-content\/uploads\/2025\/04\/3c7bdb8ee12f9c67e801fcfa32cd28f_WH_850x650px.webp 850w, https:\/\/shenhuexcavator.com\/wp-content\/uploads\/2025\/04\/3c7bdb8ee12f9c67e801fcfa32cd28f_WH_850x650px-600x459.webp 600w, https:\/\/shenhuexcavator.com\/wp-content\/uploads\/2025\/04\/3c7bdb8ee12f9c67e801fcfa32cd28f_WH_850x650px-300x229.webp 300w, https:\/\/shenhuexcavator.com\/wp-content\/uploads\/2025\/04\/3c7bdb8ee12f9c67e801fcfa32cd28f_WH_850x650px-150x115.webp 150w, https:\/\/shenhuexcavator.com\/wp-content\/uploads\/2025\/04\/3c7bdb8ee12f9c67e801fcfa32cd28f_WH_850x650px-768x587.webp 768w, https:\/\/shenhuexcavator.com\/wp-content\/uploads\/2025\/04\/3c7bdb8ee12f9c67e801fcfa32cd28f_WH_850x650px-16x12.webp 16w\" sizes=\"(max-width: 850px) 100vw, 850px\" \/> <img decoding=\"async\" class=\"aligncenter size-full wp-image-4231\" src=\"https:\/\/shenhuexcavator.com\/wp-content\/uploads\/2025\/04\/10bc9131ca3dc0399783ad540b4a3a6_WH_850x650px.webp\" alt=\"\" width=\"850\" height=\"650\" srcset=\"https:\/\/shenhuexcavator.com\/wp-content\/uploads\/2025\/04\/10bc9131ca3dc0399783ad540b4a3a6_WH_850x650px.webp 850w, https:\/\/shenhuexcavator.com\/wp-content\/uploads\/2025\/04\/10bc9131ca3dc0399783ad540b4a3a6_WH_850x650px-600x459.webp 600w, https:\/\/shenhuexcavator.com\/wp-content\/uploads\/2025\/04\/10bc9131ca3dc0399783ad540b4a3a6_WH_850x650px-300x229.webp 300w, https:\/\/shenhuexcavator.com\/wp-content\/uploads\/2025\/04\/10bc9131ca3dc0399783ad540b4a3a6_WH_850x650px-150x115.webp 150w, https:\/\/shenhuexcavator.com\/wp-content\/uploads\/2025\/04\/10bc9131ca3dc0399783ad540b4a3a6_WH_850x650px-768x587.webp 768w, https:\/\/shenhuexcavator.com\/wp-content\/uploads\/2025\/04\/10bc9131ca3dc0399783ad540b4a3a6_WH_850x650px-16x12.webp 16w\" sizes=\"(max-width: 850px) 100vw, 850px\" \/> <img decoding=\"async\" class=\"aligncenter size-full wp-image-4232\" src=\"https:\/\/shenhuexcavator.com\/wp-content\/uploads\/2025\/04\/201ae76543c004c39f7e4684bf80f29_WH_1024x1024px.webp\" alt=\"\" width=\"1024\" height=\"1024\" srcset=\"https:\/\/shenhuexcavator.com\/wp-content\/uploads\/2025\/04\/201ae76543c004c39f7e4684bf80f29_WH_1024x1024px.webp 1024w, https:\/\/shenhuexcavator.com\/wp-content\/uploads\/2025\/04\/201ae76543c004c39f7e4684bf80f29_WH_1024x1024px-300x300.webp 300w, https:\/\/shenhuexcavator.com\/wp-content\/uploads\/2025\/04\/201ae76543c004c39f7e4684bf80f29_WH_1024x1024px-100x100.webp 100w, https:\/\/shenhuexcavator.com\/wp-content\/uploads\/2025\/04\/201ae76543c004c39f7e4684bf80f29_WH_1024x1024px-600x600.webp 600w, https:\/\/shenhuexcavator.com\/wp-content\/uploads\/2025\/04\/201ae76543c004c39f7e4684bf80f29_WH_1024x1024px-150x150.webp 150w, https:\/\/shenhuexcavator.com\/wp-content\/uploads\/2025\/04\/201ae76543c004c39f7e4684bf80f29_WH_1024x1024px-768x768.webp 768w, https:\/\/shenhuexcavator.com\/wp-content\/uploads\/2025\/04\/201ae76543c004c39f7e4684bf80f29_WH_1024x1024px-12x12.webp 12w\" sizes=\"(max-width: 1024px) 100vw, 1024px\" \/> <img loading=\"lazy\" decoding=\"async\" class=\"aligncenter size-full wp-image-4233\" src=\"https:\/\/shenhuexcavator.com\/wp-content\/uploads\/2025\/04\/aa28dbb34a5f83f51ebb984ed3a6323_WH_1024x1024px.webp\" alt=\"\" width=\"1024\" height=\"1024\" srcset=\"https:\/\/shenhuexcavator.com\/wp-content\/uploads\/2025\/04\/aa28dbb34a5f83f51ebb984ed3a6323_WH_1024x1024px.webp 1024w, https:\/\/shenhuexcavator.com\/wp-content\/uploads\/2025\/04\/aa28dbb34a5f83f51ebb984ed3a6323_WH_1024x1024px-300x300.webp 300w, https:\/\/shenhuexcavator.com\/wp-content\/uploads\/2025\/04\/aa28dbb34a5f83f51ebb984ed3a6323_WH_1024x1024px-100x100.webp 100w, https:\/\/shenhuexcavator.com\/wp-content\/uploads\/2025\/04\/aa28dbb34a5f83f51ebb984ed3a6323_WH_1024x1024px-600x600.webp 600w, https:\/\/shenhuexcavator.com\/wp-content\/uploads\/2025\/04\/aa28dbb34a5f83f51ebb984ed3a6323_WH_1024x1024px-150x150.webp 150w, https:\/\/shenhuexcavator.com\/wp-content\/uploads\/2025\/04\/aa28dbb34a5f83f51ebb984ed3a6323_WH_1024x1024px-768x768.webp 768w, https:\/\/shenhuexcavator.com\/wp-content\/uploads\/2025\/04\/aa28dbb34a5f83f51ebb984ed3a6323_WH_1024x1024px-12x12.webp 12w\" sizes=\"(max-width: 1024px) 100vw, 1024px\" \/> <img loading=\"lazy\" decoding=\"async\" class=\"aligncenter size-full wp-image-4234\" src=\"https:\/\/shenhuexcavator.com\/wp-content\/uploads\/2025\/04\/f41a2da288e2ef92d95bb18687c72ce_WH_850x650px.webp\" alt=\"\" width=\"850\" height=\"650\" srcset=\"https:\/\/shenhuexcavator.com\/wp-content\/uploads\/2025\/04\/f41a2da288e2ef92d95bb18687c72ce_WH_850x650px.webp 850w, https:\/\/shenhuexcavator.com\/wp-content\/uploads\/2025\/04\/f41a2da288e2ef92d95bb18687c72ce_WH_850x650px-600x459.webp 600w, https:\/\/shenhuexcavator.com\/wp-content\/uploads\/2025\/04\/f41a2da288e2ef92d95bb18687c72ce_WH_850x650px-300x229.webp 300w, https:\/\/shenhuexcavator.com\/wp-content\/uploads\/2025\/04\/f41a2da288e2ef92d95bb18687c72ce_WH_850x650px-150x115.webp 150w, https:\/\/shenhuexcavator.com\/wp-content\/uploads\/2025\/04\/f41a2da288e2ef92d95bb18687c72ce_WH_850x650px-768x587.webp 768w, https:\/\/shenhuexcavator.com\/wp-content\/uploads\/2025\/04\/f41a2da288e2ef92d95bb18687c72ce_WH_850x650px-16x12.webp 16w\" sizes=\"(max-width: 850px) 100vw, 850px\" \/><\/p>","protected":false},"excerpt":{"rendered":"<p>Der gebrauchte Hyundai R220 ist ein 23-Tonnen-Bagger mit einem 173-PS-Motor und einer Hubkapazit\u00e4t von 14,5 Tonnen. Sein hochbelastbarer Ausleger ist auch unter schwierigen Bedingungen biegefest. \u00dcberpr\u00fcfen Sie die Drehkranzverzahnung und achten Sie auf eine \u00dcberhitzung der Hydraulik. Die Grabtiefe des R220 von 7,7 m und die Ladeh\u00f6he von 3,1 m eignen sich gut f\u00fcr den Schrottumschlag und allgemeine Aushubarbeiten.<\/p>","protected":false},"featured_media":5449,"template":"","meta":[],"product_brand":[55],"product_cat":[120,97,46],"product_tag":[],"class_list":{"0":"post-4227","1":"product","2":"type-product","3":"status-publish","4":"has-post-thumbnail","6":"product_brand-hyundai","7":"product_cat-2020-2023","8":"product_cat-22t","9":"product_cat-used-hyundai-excavator","11":"first","12":"instock","13":"shipping-taxable","14":"purchasable","15":"product-type-simple"},"_links":{"self":[{"href":"https:\/\/shenhuexcavator.com\/de\/wp-json\/wp\/v2\/product\/4227","targetHints":{"allow":["GET"]}}],"collection":[{"href":"https:\/\/shenhuexcavator.com\/de\/wp-json\/wp\/v2\/product"}],"about":[{"href":"https:\/\/shenhuexcavator.com\/de\/wp-json\/wp\/v2\/types\/product"}],"wp:featuredmedia":[{"embeddable":true,"href":"https:\/\/shenhuexcavator.com\/de\/wp-json\/wp\/v2\/media\/5449"}],"wp:attachment":[{"href":"https:\/\/shenhuexcavator.com\/de\/wp-json\/wp\/v2\/media?parent=4227"}],"wp:term":[{"taxonomy":"product_brand","embeddable":true,"href":"https:\/\/shenhuexcavator.com\/de\/wp-json\/wp\/v2\/product_brand?post=4227"},{"taxonomy":"product_cat","embeddable":true,"href":"https:\/\/shenhuexcavator.com\/de\/wp-json\/wp\/v2\/product_cat?post=4227"},{"taxonomy":"product_tag","embeddable":true,"href":"https:\/\/shenhuexcavator.com\/de\/wp-json\/wp\/v2\/product_tag?post=4227"}],"curies":[{"name":"wp","href":"https:\/\/api.w.org\/{rel}","templated":true}]}}