{"id":4470,"date":"2025-04-30T15:21:00","date_gmt":"2025-04-30T07:21:00","guid":{"rendered":"https:\/\/shenhuexcavator.com\/?post_type=product&#038;p=4470"},"modified":"2025-07-17T15:10:23","modified_gmt":"2025-07-17T07:10:23","slug":"used-sany-sy245h-excavator","status":"publish","type":"product","link":"https:\/\/shenhuexcavator.com\/de\/produkt\/used-sany-sy245h-excavator\/","title":{"rendered":"Gebrauchter Sany SY245H Bagger"},"content":{"rendered":"<p><img fetchpriority=\"high\" decoding=\"async\" class=\"aligncenter size-full wp-image-4511\" src=\"https:\/\/shenhuexcavator.com\/wp-content\/uploads\/2025\/04\/2bd5ecd079214fd06f89a3220f499fe_WH_850x650px.webp\" alt=\"\" width=\"850\" height=\"650\" srcset=\"https:\/\/shenhuexcavator.com\/wp-content\/uploads\/2025\/04\/2bd5ecd079214fd06f89a3220f499fe_WH_850x650px.webp 850w, https:\/\/shenhuexcavator.com\/wp-content\/uploads\/2025\/04\/2bd5ecd079214fd06f89a3220f499fe_WH_850x650px-600x459.webp 600w, https:\/\/shenhuexcavator.com\/wp-content\/uploads\/2025\/04\/2bd5ecd079214fd06f89a3220f499fe_WH_850x650px-300x229.webp 300w, https:\/\/shenhuexcavator.com\/wp-content\/uploads\/2025\/04\/2bd5ecd079214fd06f89a3220f499fe_WH_850x650px-150x115.webp 150w, https:\/\/shenhuexcavator.com\/wp-content\/uploads\/2025\/04\/2bd5ecd079214fd06f89a3220f499fe_WH_850x650px-768x587.webp 768w, https:\/\/shenhuexcavator.com\/wp-content\/uploads\/2025\/04\/2bd5ecd079214fd06f89a3220f499fe_WH_850x650px-16x12.webp 16w\" sizes=\"(max-width: 850px) 100vw, 850px\" \/> <img decoding=\"async\" class=\"aligncenter size-full wp-image-4512\" src=\"https:\/\/shenhuexcavator.com\/wp-content\/uploads\/2025\/04\/c9e139559ae39d8d10d86af4bec8bcf_WH_850x650px.webp\" alt=\"\" width=\"850\" height=\"650\" srcset=\"https:\/\/shenhuexcavator.com\/wp-content\/uploads\/2025\/04\/c9e139559ae39d8d10d86af4bec8bcf_WH_850x650px.webp 850w, https:\/\/shenhuexcavator.com\/wp-content\/uploads\/2025\/04\/c9e139559ae39d8d10d86af4bec8bcf_WH_850x650px-600x459.webp 600w, https:\/\/shenhuexcavator.com\/wp-content\/uploads\/2025\/04\/c9e139559ae39d8d10d86af4bec8bcf_WH_850x650px-300x229.webp 300w, https:\/\/shenhuexcavator.com\/wp-content\/uploads\/2025\/04\/c9e139559ae39d8d10d86af4bec8bcf_WH_850x650px-150x115.webp 150w, https:\/\/shenhuexcavator.com\/wp-content\/uploads\/2025\/04\/c9e139559ae39d8d10d86af4bec8bcf_WH_850x650px-768x587.webp 768w, https:\/\/shenhuexcavator.com\/wp-content\/uploads\/2025\/04\/c9e139559ae39d8d10d86af4bec8bcf_WH_850x650px-16x12.webp 16w\" sizes=\"(max-width: 850px) 100vw, 850px\" \/> <img decoding=\"async\" class=\"aligncenter size-full wp-image-4513\" src=\"https:\/\/shenhuexcavator.com\/wp-content\/uploads\/2025\/04\/e80f1a1ae86250542288c6c4fc04e9e_WH_850x650px.webp\" alt=\"\" width=\"850\" height=\"650\" srcset=\"https:\/\/shenhuexcavator.com\/wp-content\/uploads\/2025\/04\/e80f1a1ae86250542288c6c4fc04e9e_WH_850x650px.webp 850w, https:\/\/shenhuexcavator.com\/wp-content\/uploads\/2025\/04\/e80f1a1ae86250542288c6c4fc04e9e_WH_850x650px-600x459.webp 600w, https:\/\/shenhuexcavator.com\/wp-content\/uploads\/2025\/04\/e80f1a1ae86250542288c6c4fc04e9e_WH_850x650px-300x229.webp 300w, https:\/\/shenhuexcavator.com\/wp-content\/uploads\/2025\/04\/e80f1a1ae86250542288c6c4fc04e9e_WH_850x650px-150x115.webp 150w, https:\/\/shenhuexcavator.com\/wp-content\/uploads\/2025\/04\/e80f1a1ae86250542288c6c4fc04e9e_WH_850x650px-768x587.webp 768w, https:\/\/shenhuexcavator.com\/wp-content\/uploads\/2025\/04\/e80f1a1ae86250542288c6c4fc04e9e_WH_850x650px-16x12.webp 16w\" sizes=\"(max-width: 850px) 100vw, 850px\" \/> <img loading=\"lazy\" decoding=\"async\" class=\"aligncenter size-full wp-image-4514\" src=\"https:\/\/shenhuexcavator.com\/wp-content\/uploads\/2025\/04\/f3da0268f4e1f327354bcd5210b8434_WH_850x650px.webp\" alt=\"\" width=\"850\" height=\"650\" srcset=\"https:\/\/shenhuexcavator.com\/wp-content\/uploads\/2025\/04\/f3da0268f4e1f327354bcd5210b8434_WH_850x650px.webp 850w, https:\/\/shenhuexcavator.com\/wp-content\/uploads\/2025\/04\/f3da0268f4e1f327354bcd5210b8434_WH_850x650px-600x459.webp 600w, https:\/\/shenhuexcavator.com\/wp-content\/uploads\/2025\/04\/f3da0268f4e1f327354bcd5210b8434_WH_850x650px-300x229.webp 300w, https:\/\/shenhuexcavator.com\/wp-content\/uploads\/2025\/04\/f3da0268f4e1f327354bcd5210b8434_WH_850x650px-150x115.webp 150w, https:\/\/shenhuexcavator.com\/wp-content\/uploads\/2025\/04\/f3da0268f4e1f327354bcd5210b8434_WH_850x650px-768x587.webp 768w, https:\/\/shenhuexcavator.com\/wp-content\/uploads\/2025\/04\/f3da0268f4e1f327354bcd5210b8434_WH_850x650px-16x12.webp 16w\" sizes=\"(max-width: 850px) 100vw, 850px\" \/> <img loading=\"lazy\" decoding=\"async\" class=\"aligncenter size-full wp-image-4515\" src=\"https:\/\/shenhuexcavator.com\/wp-content\/uploads\/2025\/04\/f980aaecdf78102e7be0c22e891777b_WH_850x650px.webp\" alt=\"\" width=\"850\" height=\"650\" srcset=\"https:\/\/shenhuexcavator.com\/wp-content\/uploads\/2025\/04\/f980aaecdf78102e7be0c22e891777b_WH_850x650px.webp 850w, https:\/\/shenhuexcavator.com\/wp-content\/uploads\/2025\/04\/f980aaecdf78102e7be0c22e891777b_WH_850x650px-600x459.webp 600w, https:\/\/shenhuexcavator.com\/wp-content\/uploads\/2025\/04\/f980aaecdf78102e7be0c22e891777b_WH_850x650px-300x229.webp 300w, https:\/\/shenhuexcavator.com\/wp-content\/uploads\/2025\/04\/f980aaecdf78102e7be0c22e891777b_WH_850x650px-150x115.webp 150w, https:\/\/shenhuexcavator.com\/wp-content\/uploads\/2025\/04\/f980aaecdf78102e7be0c22e891777b_WH_850x650px-768x587.webp 768w, https:\/\/shenhuexcavator.com\/wp-content\/uploads\/2025\/04\/f980aaecdf78102e7be0c22e891777b_WH_850x650px-16x12.webp 16w\" sizes=\"(max-width: 850px) 100vw, 850px\" \/><\/p>","protected":false},"excerpt":{"rendered":"<p>\"Gebrauchter Sany SY245H Bagger,Ein 24-Tonnen-Schwerlastbagger, der f\u00fcr anspruchsvolle Arbeitsbedingungen konzipiert wurde. Der SY245H verf\u00fcgt \u00fcber verst\u00e4rkte Strukturen und Komponenten f\u00fcr eine l\u00e4ngere Lebensdauer. Sein 132-kW-Motor liefert starke Leistung und erf\u00fcllt gleichzeitig strenge Emissionsstandards. Das Hydrauliksystem sorgt f\u00fcr schnelle Zykluszeiten und pr\u00e4zise Steuerung. Gebrauchte Ger\u00e4te sollten sorgf\u00e4ltig auf ihre strukturelle Integrit\u00e4t, insbesondere auf die Schwei\u00dfn\u00e4hte an Ausleger und Arm, sowie auf den Zustand der Fahrwerkskomponenten gepr\u00fcft werden.\"<\/p>","protected":false},"featured_media":4516,"template":"","meta":[],"product_brand":[37],"product_cat":[120,98,38],"product_tag":[],"class_list":{"0":"post-4470","1":"product","2":"type-product","3":"status-publish","4":"has-post-thumbnail","6":"product_brand-sany","7":"product_cat-2020-2023","8":"product_cat-24t","9":"product_cat-used-sany-excavator","11":"first","12":"instock","13":"shipping-taxable","14":"purchasable","15":"product-type-simple"},"_links":{"self":[{"href":"https:\/\/shenhuexcavator.com\/de\/wp-json\/wp\/v2\/product\/4470","targetHints":{"allow":["GET"]}}],"collection":[{"href":"https:\/\/shenhuexcavator.com\/de\/wp-json\/wp\/v2\/product"}],"about":[{"href":"https:\/\/shenhuexcavator.com\/de\/wp-json\/wp\/v2\/types\/product"}],"wp:featuredmedia":[{"embeddable":true,"href":"https:\/\/shenhuexcavator.com\/de\/wp-json\/wp\/v2\/media\/4516"}],"wp:attachment":[{"href":"https:\/\/shenhuexcavator.com\/de\/wp-json\/wp\/v2\/media?parent=4470"}],"wp:term":[{"taxonomy":"product_brand","embeddable":true,"href":"https:\/\/shenhuexcavator.com\/de\/wp-json\/wp\/v2\/product_brand?post=4470"},{"taxonomy":"product_cat","embeddable":true,"href":"https:\/\/shenhuexcavator.com\/de\/wp-json\/wp\/v2\/product_cat?post=4470"},{"taxonomy":"product_tag","embeddable":true,"href":"https:\/\/shenhuexcavator.com\/de\/wp-json\/wp\/v2\/product_tag?post=4470"}],"curies":[{"name":"wp","href":"https:\/\/api.w.org\/{rel}","templated":true}]}}