{"id":4473,"date":"2025-04-30T15:21:00","date_gmt":"2025-04-30T07:21:00","guid":{"rendered":"https:\/\/shenhuexcavator.com\/?post_type=product&#038;p=4473"},"modified":"2025-07-17T15:10:23","modified_gmt":"2025-07-17T07:10:23","slug":"used-hitachi-zx350-3-excavator","status":"publish","type":"product","link":"https:\/\/shenhuexcavator.com\/de\/produkt\/used-hitachi-zx350-3-excavator\/","title":{"rendered":"Gebrauchter Hitachi ZX350-3 Bagger"},"content":{"rendered":"<p><img fetchpriority=\"high\" decoding=\"async\" class=\"aligncenter size-full wp-image-4555\" src=\"https:\/\/shenhuexcavator.com\/wp-content\/uploads\/2025\/04\/77711208ea5a93e26a732ea2a8a925d_WH_850x650px.webp\" alt=\"\" width=\"850\" height=\"650\" srcset=\"https:\/\/shenhuexcavator.com\/wp-content\/uploads\/2025\/04\/77711208ea5a93e26a732ea2a8a925d_WH_850x650px.webp 850w, https:\/\/shenhuexcavator.com\/wp-content\/uploads\/2025\/04\/77711208ea5a93e26a732ea2a8a925d_WH_850x650px-600x459.webp 600w, https:\/\/shenhuexcavator.com\/wp-content\/uploads\/2025\/04\/77711208ea5a93e26a732ea2a8a925d_WH_850x650px-300x229.webp 300w, https:\/\/shenhuexcavator.com\/wp-content\/uploads\/2025\/04\/77711208ea5a93e26a732ea2a8a925d_WH_850x650px-150x115.webp 150w, https:\/\/shenhuexcavator.com\/wp-content\/uploads\/2025\/04\/77711208ea5a93e26a732ea2a8a925d_WH_850x650px-768x587.webp 768w, https:\/\/shenhuexcavator.com\/wp-content\/uploads\/2025\/04\/77711208ea5a93e26a732ea2a8a925d_WH_850x650px-16x12.webp 16w\" sizes=\"(max-width: 850px) 100vw, 850px\" \/> <img decoding=\"async\" class=\"aligncenter size-full wp-image-4556\" src=\"https:\/\/shenhuexcavator.com\/wp-content\/uploads\/2025\/04\/a03c1fddf5b64e9bd25ae937a068d41_WH_850x650px.webp\" alt=\"\" width=\"850\" height=\"650\" srcset=\"https:\/\/shenhuexcavator.com\/wp-content\/uploads\/2025\/04\/a03c1fddf5b64e9bd25ae937a068d41_WH_850x650px.webp 850w, https:\/\/shenhuexcavator.com\/wp-content\/uploads\/2025\/04\/a03c1fddf5b64e9bd25ae937a068d41_WH_850x650px-600x459.webp 600w, https:\/\/shenhuexcavator.com\/wp-content\/uploads\/2025\/04\/a03c1fddf5b64e9bd25ae937a068d41_WH_850x650px-300x229.webp 300w, https:\/\/shenhuexcavator.com\/wp-content\/uploads\/2025\/04\/a03c1fddf5b64e9bd25ae937a068d41_WH_850x650px-150x115.webp 150w, https:\/\/shenhuexcavator.com\/wp-content\/uploads\/2025\/04\/a03c1fddf5b64e9bd25ae937a068d41_WH_850x650px-768x587.webp 768w, https:\/\/shenhuexcavator.com\/wp-content\/uploads\/2025\/04\/a03c1fddf5b64e9bd25ae937a068d41_WH_850x650px-16x12.webp 16w\" sizes=\"(max-width: 850px) 100vw, 850px\" \/> <img decoding=\"async\" class=\"aligncenter size-full wp-image-4557\" src=\"https:\/\/shenhuexcavator.com\/wp-content\/uploads\/2025\/04\/c0b6ecd567b483502a81152b586bb2f_WH_850x650px.webp\" alt=\"\" width=\"850\" height=\"650\" srcset=\"https:\/\/shenhuexcavator.com\/wp-content\/uploads\/2025\/04\/c0b6ecd567b483502a81152b586bb2f_WH_850x650px.webp 850w, https:\/\/shenhuexcavator.com\/wp-content\/uploads\/2025\/04\/c0b6ecd567b483502a81152b586bb2f_WH_850x650px-600x459.webp 600w, https:\/\/shenhuexcavator.com\/wp-content\/uploads\/2025\/04\/c0b6ecd567b483502a81152b586bb2f_WH_850x650px-300x229.webp 300w, https:\/\/shenhuexcavator.com\/wp-content\/uploads\/2025\/04\/c0b6ecd567b483502a81152b586bb2f_WH_850x650px-150x115.webp 150w, https:\/\/shenhuexcavator.com\/wp-content\/uploads\/2025\/04\/c0b6ecd567b483502a81152b586bb2f_WH_850x650px-768x587.webp 768w, https:\/\/shenhuexcavator.com\/wp-content\/uploads\/2025\/04\/c0b6ecd567b483502a81152b586bb2f_WH_850x650px-16x12.webp 16w\" sizes=\"(max-width: 850px) 100vw, 850px\" \/> <img loading=\"lazy\" decoding=\"async\" class=\"aligncenter size-full wp-image-4558\" src=\"https:\/\/shenhuexcavator.com\/wp-content\/uploads\/2025\/04\/eef759fb51e0556031a872bbbac6833_WH_850x650px.webp\" alt=\"\" width=\"850\" height=\"650\" srcset=\"https:\/\/shenhuexcavator.com\/wp-content\/uploads\/2025\/04\/eef759fb51e0556031a872bbbac6833_WH_850x650px.webp 850w, https:\/\/shenhuexcavator.com\/wp-content\/uploads\/2025\/04\/eef759fb51e0556031a872bbbac6833_WH_850x650px-600x459.webp 600w, https:\/\/shenhuexcavator.com\/wp-content\/uploads\/2025\/04\/eef759fb51e0556031a872bbbac6833_WH_850x650px-300x229.webp 300w, https:\/\/shenhuexcavator.com\/wp-content\/uploads\/2025\/04\/eef759fb51e0556031a872bbbac6833_WH_850x650px-150x115.webp 150w, https:\/\/shenhuexcavator.com\/wp-content\/uploads\/2025\/04\/eef759fb51e0556031a872bbbac6833_WH_850x650px-768x587.webp 768w, https:\/\/shenhuexcavator.com\/wp-content\/uploads\/2025\/04\/eef759fb51e0556031a872bbbac6833_WH_850x650px-16x12.webp 16w\" sizes=\"(max-width: 850px) 100vw, 850px\" \/><\/p>","protected":false},"excerpt":{"rendered":"<p>\"Gebrauchter Hitachi ZX350-3 Bagger, ein Bagger der 35-Tonnen-Klasse, der f\u00fcr seine Zuverl\u00e4ssigkeit und starke Leistung bekannt ist. Der ZX350-3 verf\u00fcgt \u00fcber das fortschrittliche Hitachi-Hydrauliksystem, das eine hervorragende Kontrolle und Effizienz bietet. Sein 194-kW-Motor liefert starke Grabkr\u00e4fte bei gleichbleibender Kraftstoffeffizienz. Gebrauchte Ger\u00e4te sollten auf den Zustand der Hydraulikpumpe und den Verschlei\u00df des Unterwagens \u00fcberpr\u00fcft werden. Dank ihrer Langlebigkeit eignet sich die Maschine f\u00fcr anspruchsvolle Anwendungen wie Steinbrucharbeiten und schwere Bauarbeiten.\"<\/p>","protected":false},"featured_media":4559,"template":"","meta":[],"product_brand":[40],"product_cat":[120,96,39],"product_tag":[],"class_list":{"0":"post-4473","1":"product","2":"type-product","3":"status-publish","4":"has-post-thumbnail","6":"product_brand-hitachi","7":"product_cat-2020-2023","8":"product_cat-35t","9":"product_cat-used-hitachi-excavator","11":"first","12":"instock","13":"shipping-taxable","14":"purchasable","15":"product-type-simple"},"_links":{"self":[{"href":"https:\/\/shenhuexcavator.com\/de\/wp-json\/wp\/v2\/product\/4473","targetHints":{"allow":["GET"]}}],"collection":[{"href":"https:\/\/shenhuexcavator.com\/de\/wp-json\/wp\/v2\/product"}],"about":[{"href":"https:\/\/shenhuexcavator.com\/de\/wp-json\/wp\/v2\/types\/product"}],"wp:featuredmedia":[{"embeddable":true,"href":"https:\/\/shenhuexcavator.com\/de\/wp-json\/wp\/v2\/media\/4559"}],"wp:attachment":[{"href":"https:\/\/shenhuexcavator.com\/de\/wp-json\/wp\/v2\/media?parent=4473"}],"wp:term":[{"taxonomy":"product_brand","embeddable":true,"href":"https:\/\/shenhuexcavator.com\/de\/wp-json\/wp\/v2\/product_brand?post=4473"},{"taxonomy":"product_cat","embeddable":true,"href":"https:\/\/shenhuexcavator.com\/de\/wp-json\/wp\/v2\/product_cat?post=4473"},{"taxonomy":"product_tag","embeddable":true,"href":"https:\/\/shenhuexcavator.com\/de\/wp-json\/wp\/v2\/product_tag?post=4473"}],"curies":[{"name":"wp","href":"https:\/\/api.w.org\/{rel}","templated":true}]}}