{"id":4474,"date":"2025-04-30T15:21:00","date_gmt":"2025-04-30T07:21:00","guid":{"rendered":"https:\/\/shenhuexcavator.com\/?post_type=product&#038;p=4474"},"modified":"2025-07-17T15:10:24","modified_gmt":"2025-07-17T07:10:24","slug":"used-hitachi-zx470-excavator","status":"publish","type":"product","link":"https:\/\/shenhuexcavator.com\/de\/produkt\/used-hitachi-zx470-excavator\/","title":{"rendered":"Gebrauchter Hitachi ZX470 Bagger"},"content":{"rendered":"<p><img fetchpriority=\"high\" decoding=\"async\" class=\"aligncenter size-full wp-image-4500\" src=\"https:\/\/shenhuexcavator.com\/wp-content\/uploads\/2025\/04\/5e4f68c9976361a88571a889161b308_WH_850x650px.webp\" alt=\"\" width=\"850\" height=\"650\" srcset=\"https:\/\/shenhuexcavator.com\/wp-content\/uploads\/2025\/04\/5e4f68c9976361a88571a889161b308_WH_850x650px.webp 850w, https:\/\/shenhuexcavator.com\/wp-content\/uploads\/2025\/04\/5e4f68c9976361a88571a889161b308_WH_850x650px-600x459.webp 600w, https:\/\/shenhuexcavator.com\/wp-content\/uploads\/2025\/04\/5e4f68c9976361a88571a889161b308_WH_850x650px-300x229.webp 300w, https:\/\/shenhuexcavator.com\/wp-content\/uploads\/2025\/04\/5e4f68c9976361a88571a889161b308_WH_850x650px-150x115.webp 150w, https:\/\/shenhuexcavator.com\/wp-content\/uploads\/2025\/04\/5e4f68c9976361a88571a889161b308_WH_850x650px-768x587.webp 768w, https:\/\/shenhuexcavator.com\/wp-content\/uploads\/2025\/04\/5e4f68c9976361a88571a889161b308_WH_850x650px-16x12.webp 16w\" sizes=\"(max-width: 850px) 100vw, 850px\" \/> <img decoding=\"async\" class=\"aligncenter size-full wp-image-4501\" src=\"https:\/\/shenhuexcavator.com\/wp-content\/uploads\/2025\/04\/7ca2c9f384310411f379144f8ecb247_WH_850x650px.webp\" alt=\"\" width=\"850\" height=\"650\" srcset=\"https:\/\/shenhuexcavator.com\/wp-content\/uploads\/2025\/04\/7ca2c9f384310411f379144f8ecb247_WH_850x650px.webp 850w, https:\/\/shenhuexcavator.com\/wp-content\/uploads\/2025\/04\/7ca2c9f384310411f379144f8ecb247_WH_850x650px-600x459.webp 600w, https:\/\/shenhuexcavator.com\/wp-content\/uploads\/2025\/04\/7ca2c9f384310411f379144f8ecb247_WH_850x650px-300x229.webp 300w, https:\/\/shenhuexcavator.com\/wp-content\/uploads\/2025\/04\/7ca2c9f384310411f379144f8ecb247_WH_850x650px-150x115.webp 150w, https:\/\/shenhuexcavator.com\/wp-content\/uploads\/2025\/04\/7ca2c9f384310411f379144f8ecb247_WH_850x650px-768x587.webp 768w, https:\/\/shenhuexcavator.com\/wp-content\/uploads\/2025\/04\/7ca2c9f384310411f379144f8ecb247_WH_850x650px-16x12.webp 16w\" sizes=\"(max-width: 850px) 100vw, 850px\" \/> <img decoding=\"async\" class=\"aligncenter size-full wp-image-4502\" src=\"https:\/\/shenhuexcavator.com\/wp-content\/uploads\/2025\/04\/8b4b44e3a9e44e82e533f9ae0a57fed_WH_850x650px.webp\" alt=\"\" width=\"850\" height=\"650\" srcset=\"https:\/\/shenhuexcavator.com\/wp-content\/uploads\/2025\/04\/8b4b44e3a9e44e82e533f9ae0a57fed_WH_850x650px.webp 850w, https:\/\/shenhuexcavator.com\/wp-content\/uploads\/2025\/04\/8b4b44e3a9e44e82e533f9ae0a57fed_WH_850x650px-600x459.webp 600w, https:\/\/shenhuexcavator.com\/wp-content\/uploads\/2025\/04\/8b4b44e3a9e44e82e533f9ae0a57fed_WH_850x650px-300x229.webp 300w, https:\/\/shenhuexcavator.com\/wp-content\/uploads\/2025\/04\/8b4b44e3a9e44e82e533f9ae0a57fed_WH_850x650px-150x115.webp 150w, https:\/\/shenhuexcavator.com\/wp-content\/uploads\/2025\/04\/8b4b44e3a9e44e82e533f9ae0a57fed_WH_850x650px-768x587.webp 768w, https:\/\/shenhuexcavator.com\/wp-content\/uploads\/2025\/04\/8b4b44e3a9e44e82e533f9ae0a57fed_WH_850x650px-16x12.webp 16w\" sizes=\"(max-width: 850px) 100vw, 850px\" \/> <img loading=\"lazy\" decoding=\"async\" class=\"aligncenter size-full wp-image-4503\" src=\"https:\/\/shenhuexcavator.com\/wp-content\/uploads\/2025\/04\/209ea6d84435c678ceed67044c3461e_WH_850x650px.webp\" alt=\"\" width=\"850\" height=\"650\" srcset=\"https:\/\/shenhuexcavator.com\/wp-content\/uploads\/2025\/04\/209ea6d84435c678ceed67044c3461e_WH_850x650px.webp 850w, https:\/\/shenhuexcavator.com\/wp-content\/uploads\/2025\/04\/209ea6d84435c678ceed67044c3461e_WH_850x650px-600x459.webp 600w, https:\/\/shenhuexcavator.com\/wp-content\/uploads\/2025\/04\/209ea6d84435c678ceed67044c3461e_WH_850x650px-300x229.webp 300w, https:\/\/shenhuexcavator.com\/wp-content\/uploads\/2025\/04\/209ea6d84435c678ceed67044c3461e_WH_850x650px-150x115.webp 150w, https:\/\/shenhuexcavator.com\/wp-content\/uploads\/2025\/04\/209ea6d84435c678ceed67044c3461e_WH_850x650px-768x587.webp 768w, https:\/\/shenhuexcavator.com\/wp-content\/uploads\/2025\/04\/209ea6d84435c678ceed67044c3461e_WH_850x650px-16x12.webp 16w\" sizes=\"(max-width: 850px) 100vw, 850px\" \/> <img loading=\"lazy\" decoding=\"async\" class=\"aligncenter size-full wp-image-4504\" src=\"https:\/\/shenhuexcavator.com\/wp-content\/uploads\/2025\/04\/c787177e1a2ee3da158da2e4a6f1451_WH_850x650px.webp\" alt=\"\" width=\"850\" height=\"650\" srcset=\"https:\/\/shenhuexcavator.com\/wp-content\/uploads\/2025\/04\/c787177e1a2ee3da158da2e4a6f1451_WH_850x650px.webp 850w, https:\/\/shenhuexcavator.com\/wp-content\/uploads\/2025\/04\/c787177e1a2ee3da158da2e4a6f1451_WH_850x650px-600x459.webp 600w, https:\/\/shenhuexcavator.com\/wp-content\/uploads\/2025\/04\/c787177e1a2ee3da158da2e4a6f1451_WH_850x650px-300x229.webp 300w, https:\/\/shenhuexcavator.com\/wp-content\/uploads\/2025\/04\/c787177e1a2ee3da158da2e4a6f1451_WH_850x650px-150x115.webp 150w, https:\/\/shenhuexcavator.com\/wp-content\/uploads\/2025\/04\/c787177e1a2ee3da158da2e4a6f1451_WH_850x650px-768x587.webp 768w, https:\/\/shenhuexcavator.com\/wp-content\/uploads\/2025\/04\/c787177e1a2ee3da158da2e4a6f1451_WH_850x650px-16x12.webp 16w\" sizes=\"(max-width: 850px) 100vw, 850px\" \/><\/p>","protected":false},"excerpt":{"rendered":"<p>\"Gebrauchter Hitachi ZX470 Bagger, ein gro\u00dfer 47-Tonnen-Bagger, der f\u00fcr schwere Anwendungen entwickelt wurde. Der ZX470 verf\u00fcgt \u00fcber einen leistungsstarken 252-kW-Motor und eine robuste Bauweise. Sein fortschrittliches Hydrauliksystem sorgt f\u00fcr hervorragende Grabkraft und Steuerpr\u00e4zision. Gebrauchte Modelle sollten sorgf\u00e4ltig auf den Zustand der wichtigsten Komponenten wie Motor, Hydrauliksystem und Unterwagen gepr\u00fcft werden. Die Hubkapazit\u00e4t und Reichweite der Maschine machen sie ideal f\u00fcr gro\u00dfe Erdbewegungsprojekte.\"<\/p>","protected":false},"featured_media":4505,"template":"","meta":[],"product_brand":[40],"product_cat":[120,109,39],"product_tag":[],"class_list":{"0":"post-4474","1":"product","2":"type-product","3":"status-publish","4":"has-post-thumbnail","6":"product_brand-hitachi","7":"product_cat-2020-2023","8":"product_cat-47t","9":"product_cat-used-hitachi-excavator","11":"first","12":"instock","13":"shipping-taxable","14":"purchasable","15":"product-type-simple"},"_links":{"self":[{"href":"https:\/\/shenhuexcavator.com\/de\/wp-json\/wp\/v2\/product\/4474","targetHints":{"allow":["GET"]}}],"collection":[{"href":"https:\/\/shenhuexcavator.com\/de\/wp-json\/wp\/v2\/product"}],"about":[{"href":"https:\/\/shenhuexcavator.com\/de\/wp-json\/wp\/v2\/types\/product"}],"wp:featuredmedia":[{"embeddable":true,"href":"https:\/\/shenhuexcavator.com\/de\/wp-json\/wp\/v2\/media\/4505"}],"wp:attachment":[{"href":"https:\/\/shenhuexcavator.com\/de\/wp-json\/wp\/v2\/media?parent=4474"}],"wp:term":[{"taxonomy":"product_brand","embeddable":true,"href":"https:\/\/shenhuexcavator.com\/de\/wp-json\/wp\/v2\/product_brand?post=4474"},{"taxonomy":"product_cat","embeddable":true,"href":"https:\/\/shenhuexcavator.com\/de\/wp-json\/wp\/v2\/product_cat?post=4474"},{"taxonomy":"product_tag","embeddable":true,"href":"https:\/\/shenhuexcavator.com\/de\/wp-json\/wp\/v2\/product_tag?post=4474"}],"curies":[{"name":"wp","href":"https:\/\/api.w.org\/{rel}","templated":true}]}}