{"id":4965,"date":"2025-07-17T11:30:00","date_gmt":"2025-07-17T03:30:00","guid":{"rendered":"https:\/\/shenhuexcavator.com\/?post_type=product&#038;p=4965"},"modified":"2025-07-22T14:36:55","modified_gmt":"2025-07-22T06:36:55","slug":"used-cat-330bl-excavator","status":"publish","type":"product","link":"https:\/\/shenhuexcavator.com\/de\/produkt\/used-cat-330bl-excavator\/","title":{"rendered":"Gebrauchter Cat 330BL Bagger"},"content":{"rendered":"<h4>Cat\u00ae 330BL Bagger - Wichtigste technische Daten<\/h4>\n<ul>\n<li>Motor:\n<ul>\n<li>Modell: Kat. 3306 (Tier-1-konform)<\/li>\n<li>Leistung: 162 kW (217 PS) bei 1.800 U\/min<\/li>\n<li>Kraftstoffkapazit\u00e4t: 500 l<\/li>\n<\/ul>\n<\/li>\n<li>Betriebsgewicht: 30.000 kg (30 Tonnen)<\/li>\n<li>Schaufelkapazit\u00e4t: 1,0-1,4 m\u00b3 (Standard)<\/li>\n<li>Maximale Grabtiefe: 7,3 m (24 ft)<\/li>\n<li>Maximale Reichweite: 10,2 m (33,5 ft)<\/li>\n<li>Hydraulisches System:\n<ul>\n<li>Durchfluss der Pumpe: 2 \u00d7 212 l\/min<\/li>\n<li>Systemdruck: 34,3 MPa (4.975 psi)<\/li>\n<\/ul>\n<\/li>\n<li>Spurbreite: 600 mm (Standard) \/ 800 mm (optional)<\/li>\n<\/ul>","protected":false},"excerpt":{"rendered":"<p>Cat\u00ae 330BL Bagger - 30-Tonnen-Klasse, 162 kW (217 PS) Motor, 1,4 m\u00b3 Schaufel. Gebaut f\u00fcr schwere Bauarbeiten, Steinbr\u00fcche und gro\u00dffl\u00e4chige Erdbewegungen mit \u00fcberragender Haltbarkeit.<\/p>\n<div id=\"gtx-trans\" style=\"position: absolute; left: -93px; top: -9.50391px;\">\n<div class=\"gtx-trans-icon\"><\/div>\n<\/div>","protected":false},"featured_media":4970,"template":"","meta":[],"product_brand":[54],"product_cat":[45],"product_tag":[],"class_list":{"0":"post-4965","1":"product","2":"type-product","3":"status-publish","4":"has-post-thumbnail","6":"product_brand-caterpillar","7":"product_cat-used-caterpillar-excavator","9":"first","10":"instock","11":"shipping-taxable","12":"purchasable","13":"product-type-simple"},"_links":{"self":[{"href":"https:\/\/shenhuexcavator.com\/de\/wp-json\/wp\/v2\/product\/4965","targetHints":{"allow":["GET"]}}],"collection":[{"href":"https:\/\/shenhuexcavator.com\/de\/wp-json\/wp\/v2\/product"}],"about":[{"href":"https:\/\/shenhuexcavator.com\/de\/wp-json\/wp\/v2\/types\/product"}],"wp:featuredmedia":[{"embeddable":true,"href":"https:\/\/shenhuexcavator.com\/de\/wp-json\/wp\/v2\/media\/4970"}],"wp:attachment":[{"href":"https:\/\/shenhuexcavator.com\/de\/wp-json\/wp\/v2\/media?parent=4965"}],"wp:term":[{"taxonomy":"product_brand","embeddable":true,"href":"https:\/\/shenhuexcavator.com\/de\/wp-json\/wp\/v2\/product_brand?post=4965"},{"taxonomy":"product_cat","embeddable":true,"href":"https:\/\/shenhuexcavator.com\/de\/wp-json\/wp\/v2\/product_cat?post=4965"},{"taxonomy":"product_tag","embeddable":true,"href":"https:\/\/shenhuexcavator.com\/de\/wp-json\/wp\/v2\/product_tag?post=4965"}],"curies":[{"name":"wp","href":"https:\/\/api.w.org\/{rel}","templated":true}]}}