{"id":2196,"date":"2025-02-25T10:21:00","date_gmt":"2025-02-25T02:21:00","guid":{"rendered":"https:\/\/shenhuexcavator.com\/?post_type=product&#038;p=2196"},"modified":"2025-07-17T15:09:49","modified_gmt":"2025-07-17T07:09:49","slug":"used-sany-sy60-60c-excavator","status":"publish","type":"product","link":"https:\/\/shenhuexcavator.com\/es\/producto\/used-sany-sy60-60c-excavator\/","title":{"rendered":"Excavadora usada Sany SY60 60C"},"content":{"rendered":"<p><img fetchpriority=\"high\" decoding=\"async\" class=\"aligncenter size-full wp-image-2197\" src=\"https:\/\/shenhuexcavator.com\/wp-content\/uploads\/2025\/02\/7.jpg\" alt=\"\" width=\"850\" height=\"650\"> <img decoding=\"async\" class=\"aligncenter size-full wp-image-2198\" src=\"https:\/\/shenhuexcavator.com\/wp-content\/uploads\/2025\/02\/8.jpg\" alt=\"\" width=\"850\" height=\"650\"> <img decoding=\"async\" class=\"aligncenter size-full wp-image-2199\" src=\"https:\/\/shenhuexcavator.com\/wp-content\/uploads\/2025\/02\/9.jpg\" alt=\"\" width=\"850\" height=\"650\"> <img loading=\"lazy\" decoding=\"async\" class=\"aligncenter size-full wp-image-2200\" src=\"https:\/\/shenhuexcavator.com\/wp-content\/uploads\/2025\/02\/10.jpg\" alt=\"\" width=\"850\" height=\"650\"> <img loading=\"lazy\" decoding=\"async\" class=\"aligncenter size-full wp-image-2201\" src=\"https:\/\/shenhuexcavator.com\/wp-content\/uploads\/2025\/02\/11.jpg\" alt=\"\" width=\"850\" height=\"650\"> <img loading=\"lazy\" decoding=\"async\" class=\"aligncenter size-full wp-image-2202\" src=\"https:\/\/shenhuexcavator.com\/wp-content\/uploads\/2025\/02\/12.jpg\" alt=\"\" width=\"850\" height=\"650\"> <img loading=\"lazy\" decoding=\"async\" class=\"aligncenter size-full wp-image-2203\" src=\"https:\/\/shenhuexcavator.com\/wp-content\/uploads\/2025\/02\/13.jpg\" alt=\"\" width=\"850\" height=\"650\"> <img loading=\"lazy\" decoding=\"async\" class=\"aligncenter size-full wp-image-2204\" src=\"https:\/\/shenhuexcavator.com\/wp-content\/uploads\/2025\/02\/14.jpg\" alt=\"\" width=\"850\" height=\"650\"> <img loading=\"lazy\" decoding=\"async\" class=\"aligncenter size-full wp-image-2205\" src=\"https:\/\/shenhuexcavator.com\/wp-content\/uploads\/2025\/02\/15.jpg\" alt=\"\" width=\"850\" height=\"650\"><\/p>","protected":false},"excerpt":{"rendered":"<p>La excavadora usada Sany SY60 60C es un paso adelante en tama\u00f1o y potencia, dise\u00f1ada para tareas de resistencia media. Con un peso operativo de 6000 kg y una capacidad de la cuchara de 0,2 metros c\u00fabicos, es ideal para operaciones de excavaci\u00f3n, elevaci\u00f3n y carga. Su motor de 39,5 kW proporciona un rendimiento fiable, mientras que su dise\u00f1o compacto garantiza un funcionamiento sencillo en espacios reducidos. La SY60 60C es especialmente adecuada para obras urbanas en las que el espacio es limitado pero se requiere potencia y eficacia..,<\/p>","protected":false},"featured_media":2206,"template":"","meta":[],"product_brand":[37],"product_cat":[120,76,38],"product_tag":[],"class_list":{"0":"post-2196","1":"product","2":"type-product","3":"status-publish","4":"has-post-thumbnail","6":"product_brand-sany","7":"product_cat-2020-2023","8":"product_cat-6t","9":"product_cat-used-sany-excavator","11":"first","12":"instock","13":"shipping-taxable","14":"purchasable","15":"product-type-simple"},"_links":{"self":[{"href":"https:\/\/shenhuexcavator.com\/es\/wp-json\/wp\/v2\/product\/2196","targetHints":{"allow":["GET"]}}],"collection":[{"href":"https:\/\/shenhuexcavator.com\/es\/wp-json\/wp\/v2\/product"}],"about":[{"href":"https:\/\/shenhuexcavator.com\/es\/wp-json\/wp\/v2\/types\/product"}],"wp:featuredmedia":[{"embeddable":true,"href":"https:\/\/shenhuexcavator.com\/es\/wp-json\/wp\/v2\/media\/2206"}],"wp:attachment":[{"href":"https:\/\/shenhuexcavator.com\/es\/wp-json\/wp\/v2\/media?parent=2196"}],"wp:term":[{"taxonomy":"product_brand","embeddable":true,"href":"https:\/\/shenhuexcavator.com\/es\/wp-json\/wp\/v2\/product_brand?post=2196"},{"taxonomy":"product_cat","embeddable":true,"href":"https:\/\/shenhuexcavator.com\/es\/wp-json\/wp\/v2\/product_cat?post=2196"},{"taxonomy":"product_tag","embeddable":true,"href":"https:\/\/shenhuexcavator.com\/es\/wp-json\/wp\/v2\/product_tag?post=2196"}],"curies":[{"name":"wp","href":"https:\/\/api.w.org\/{rel}","templated":true}]}}