{"id":2209,"date":"2025-02-25T10:26:00","date_gmt":"2025-02-25T02:26:00","guid":{"rendered":"https:\/\/shenhuexcavator.com\/?post_type=product&#038;p=2209"},"modified":"2025-07-17T15:09:51","modified_gmt":"2025-07-17T07:09:51","slug":"used-sany-sy75-75c-excavator","status":"publish","type":"product","link":"https:\/\/shenhuexcavator.com\/es\/producto\/used-sany-sy75-75c-excavator\/","title":{"rendered":"Excavadora usada Sany SY75 75C"},"content":{"rendered":"<p><img fetchpriority=\"high\" decoding=\"async\" class=\"aligncenter size-full wp-image-2216\" src=\"https:\/\/shenhuexcavator.com\/wp-content\/uploads\/2025\/02\/1-3.jpg\" alt=\"\" width=\"850\" height=\"650\"> <img decoding=\"async\" class=\"aligncenter size-full wp-image-2217\" src=\"https:\/\/shenhuexcavator.com\/wp-content\/uploads\/2025\/02\/2-3.jpg\" alt=\"\" width=\"850\" height=\"650\"> <img decoding=\"async\" class=\"aligncenter size-full wp-image-2218\" src=\"https:\/\/shenhuexcavator.com\/wp-content\/uploads\/2025\/02\/3-3.jpg\" alt=\"\" width=\"850\" height=\"650\"> <img loading=\"lazy\" decoding=\"async\" class=\"aligncenter size-full wp-image-2219\" src=\"https:\/\/shenhuexcavator.com\/wp-content\/uploads\/2025\/02\/4-2.jpg\" alt=\"\" width=\"850\" height=\"650\"> <img loading=\"lazy\" decoding=\"async\" class=\"aligncenter size-full wp-image-2220\" src=\"https:\/\/shenhuexcavator.com\/wp-content\/uploads\/2025\/02\/5-2.jpg\" alt=\"\" width=\"850\" height=\"650\"> <img loading=\"lazy\" decoding=\"async\" class=\"aligncenter size-full wp-image-2221\" src=\"https:\/\/shenhuexcavator.com\/wp-content\/uploads\/2025\/02\/6-1.jpg\" alt=\"\" width=\"850\" height=\"650\"> <img loading=\"lazy\" decoding=\"async\" class=\"aligncenter size-full wp-image-2222\" src=\"https:\/\/shenhuexcavator.com\/wp-content\/uploads\/2025\/02\/7-1.jpg\" alt=\"\" width=\"850\" height=\"650\"><\/p>","protected":false},"excerpt":{"rendered":"<p>La excavadora usada Sany SY75 75C es una m\u00e1quina de servicio pesado construida para proyectos de construcci\u00f3n exigentes. Con un peso operativo de 10 toneladas y una capacidad de la cuchara de 0,23 metros c\u00fabicos, es ideal para tareas de excavaci\u00f3n y movimiento de tierras a gran escala. Accionada por un motor di\u00e9sel de 49,8 a 54,8 kW, esta excavadora ofrece una potencia de excavaci\u00f3n y una precisi\u00f3n excepcionales. Su avanzado sistema hidr\u00e1ulico garantiza un funcionamiento suave, incluso en condiciones dif\u00edciles. Tanto si trabaja en la construcci\u00f3n de carreteras como en la cimentaci\u00f3n de edificios, la SY75 75C ofrece la fiabilidad y el rendimiento necesarios para realizar el trabajo con eficacia.<\/p>","protected":false},"featured_media":2210,"template":"","meta":[],"product_brand":[37],"product_cat":[120,77,38],"product_tag":[],"class_list":{"0":"post-2209","1":"product","2":"type-product","3":"status-publish","4":"has-post-thumbnail","6":"product_brand-sany","7":"product_cat-2020-2023","8":"product_cat-7-5t","9":"product_cat-used-sany-excavator","11":"first","12":"instock","13":"shipping-taxable","14":"purchasable","15":"product-type-simple"},"_links":{"self":[{"href":"https:\/\/shenhuexcavator.com\/es\/wp-json\/wp\/v2\/product\/2209","targetHints":{"allow":["GET"]}}],"collection":[{"href":"https:\/\/shenhuexcavator.com\/es\/wp-json\/wp\/v2\/product"}],"about":[{"href":"https:\/\/shenhuexcavator.com\/es\/wp-json\/wp\/v2\/types\/product"}],"wp:featuredmedia":[{"embeddable":true,"href":"https:\/\/shenhuexcavator.com\/es\/wp-json\/wp\/v2\/media\/2210"}],"wp:attachment":[{"href":"https:\/\/shenhuexcavator.com\/es\/wp-json\/wp\/v2\/media?parent=2209"}],"wp:term":[{"taxonomy":"product_brand","embeddable":true,"href":"https:\/\/shenhuexcavator.com\/es\/wp-json\/wp\/v2\/product_brand?post=2209"},{"taxonomy":"product_cat","embeddable":true,"href":"https:\/\/shenhuexcavator.com\/es\/wp-json\/wp\/v2\/product_cat?post=2209"},{"taxonomy":"product_tag","embeddable":true,"href":"https:\/\/shenhuexcavator.com\/es\/wp-json\/wp\/v2\/product_tag?post=2209"}],"curies":[{"name":"wp","href":"https:\/\/api.w.org\/{rel}","templated":true}]}}