{"id":2282,"date":"2025-02-25T14:53:00","date_gmt":"2025-02-25T06:53:00","guid":{"rendered":"https:\/\/shenhuexcavator.com\/?post_type=product&#038;p=2282"},"modified":"2025-07-17T15:09:53","modified_gmt":"2025-07-17T07:09:53","slug":"used-hitachi-zx70-excavator","status":"publish","type":"product","link":"https:\/\/shenhuexcavator.com\/es\/producto\/used-hitachi-zx70-excavator\/","title":{"rendered":"Excavadora usada Hitachi ZX70"},"content":{"rendered":"<p><img fetchpriority=\"high\" decoding=\"async\" class=\"aligncenter size-full wp-image-2283\" src=\"https:\/\/shenhuexcavator.com\/wp-content\/uploads\/2025\/02\/16340176151.jpg\" alt=\"\" width=\"850\" height=\"650\"> <img decoding=\"async\" class=\"aligncenter size-full wp-image-2284\" src=\"https:\/\/shenhuexcavator.com\/wp-content\/uploads\/2025\/02\/1-2-1.jpg\" alt=\"\" width=\"850\" height=\"650\"> <img decoding=\"async\" class=\"aligncenter size-full wp-image-2285\" src=\"https:\/\/shenhuexcavator.com\/wp-content\/uploads\/2025\/02\/1-9.jpg\" alt=\"\" width=\"850\" height=\"650\"> <img loading=\"lazy\" decoding=\"async\" class=\"aligncenter size-full wp-image-2286\" src=\"https:\/\/shenhuexcavator.com\/wp-content\/uploads\/2025\/02\/1-10.jpg\" alt=\"\" width=\"850\" height=\"650\"> <img loading=\"lazy\" decoding=\"async\" class=\"aligncenter size-full wp-image-2287\" src=\"https:\/\/shenhuexcavator.com\/wp-content\/uploads\/2025\/02\/1-13.jpg\" alt=\"\" width=\"850\" height=\"650\"> <img loading=\"lazy\" decoding=\"async\" class=\"aligncenter size-full wp-image-2288\" src=\"https:\/\/shenhuexcavator.com\/wp-content\/uploads\/2025\/02\/1-14.jpg\" alt=\"\" width=\"850\" height=\"650\"> <img loading=\"lazy\" decoding=\"async\" class=\"aligncenter size-full wp-image-2289\" src=\"https:\/\/shenhuexcavator.com\/wp-content\/uploads\/2025\/02\/1-15.jpg\" alt=\"\" width=\"850\" height=\"650\"> <img loading=\"lazy\" decoding=\"async\" class=\"aligncenter size-full wp-image-2290\" src=\"https:\/\/shenhuexcavator.com\/wp-content\/uploads\/2025\/02\/16340170591.jpg\" alt=\"\" width=\"850\" height=\"650\"> <img loading=\"lazy\" decoding=\"async\" class=\"aligncenter size-full wp-image-2291\" src=\"https:\/\/shenhuexcavator.com\/wp-content\/uploads\/2025\/02\/1634017229.jpg\" alt=\"\" width=\"850\" height=\"650\"> <img loading=\"lazy\" decoding=\"async\" class=\"aligncenter size-full wp-image-2292\" src=\"https:\/\/shenhuexcavator.com\/wp-content\/uploads\/2025\/02\/16340176031.jpg\" alt=\"\" width=\"850\" height=\"650\"><\/p>","protected":false},"excerpt":{"rendered":"<p>La excavadora Hitachi ZX70 de segunda mano es una m\u00e1quina para trabajos pesados dise\u00f1ada para proyectos de construcci\u00f3n exigentes. Con un peso operativo de 6710 kg y una capacidad de la cuchara de 0,33 a 0,38 metros c\u00fabicos, es perfecta para tareas de excavaci\u00f3n y movimiento de tierras a gran escala. Su motor de 35,9 kW ofrece un rendimiento fiable, mientras que su avanzado sistema hidr\u00e1ulico garantiza un funcionamiento suave. La ZX70 es conocida por su durabilidad y eficiencia de combustible, lo que la convierte en una opci\u00f3n rentable para los contratistas que buscan maximizar la productividad.<\/p>","protected":false},"featured_media":2293,"template":"","meta":[],"product_brand":[40],"product_cat":[120,81,39],"product_tag":[],"class_list":{"0":"post-2282","1":"product","2":"type-product","3":"status-publish","4":"has-post-thumbnail","6":"product_brand-hitachi","7":"product_cat-2020-2023","8":"product_cat-7t","9":"product_cat-used-hitachi-excavator","11":"first","12":"instock","13":"shipping-taxable","14":"purchasable","15":"product-type-simple"},"_links":{"self":[{"href":"https:\/\/shenhuexcavator.com\/es\/wp-json\/wp\/v2\/product\/2282","targetHints":{"allow":["GET"]}}],"collection":[{"href":"https:\/\/shenhuexcavator.com\/es\/wp-json\/wp\/v2\/product"}],"about":[{"href":"https:\/\/shenhuexcavator.com\/es\/wp-json\/wp\/v2\/types\/product"}],"wp:featuredmedia":[{"embeddable":true,"href":"https:\/\/shenhuexcavator.com\/es\/wp-json\/wp\/v2\/media\/2293"}],"wp:attachment":[{"href":"https:\/\/shenhuexcavator.com\/es\/wp-json\/wp\/v2\/media?parent=2282"}],"wp:term":[{"taxonomy":"product_brand","embeddable":true,"href":"https:\/\/shenhuexcavator.com\/es\/wp-json\/wp\/v2\/product_brand?post=2282"},{"taxonomy":"product_cat","embeddable":true,"href":"https:\/\/shenhuexcavator.com\/es\/wp-json\/wp\/v2\/product_cat?post=2282"},{"taxonomy":"product_tag","embeddable":true,"href":"https:\/\/shenhuexcavator.com\/es\/wp-json\/wp\/v2\/product_tag?post=2282"}],"curies":[{"name":"wp","href":"https:\/\/api.w.org\/{rel}","templated":true}]}}