{"id":2444,"date":"2025-02-26T14:14:00","date_gmt":"2025-02-26T06:14:00","guid":{"rendered":"https:\/\/shenhuexcavator.com\/?post_type=product&#038;p=2444"},"modified":"2025-07-17T15:09:54","modified_gmt":"2025-07-17T07:09:54","slug":"used-volvo-ec360b-excavator","status":"publish","type":"product","link":"https:\/\/shenhuexcavator.com\/es\/producto\/used-volvo-ec360b-excavator\/","title":{"rendered":"Excavadora Volvo EC360B usada"},"content":{"rendered":"<p><img fetchpriority=\"high\" decoding=\"async\" class=\"aligncenter size-full wp-image-2445\" src=\"https:\/\/shenhuexcavator.com\/wp-content\/uploads\/2025\/02\/0d0a2c015750148c88752a9258f7940.jpg\" alt=\"\" width=\"850\" height=\"650\"> <img decoding=\"async\" class=\"aligncenter size-full wp-image-2446\" src=\"https:\/\/shenhuexcavator.com\/wp-content\/uploads\/2025\/02\/0fa659f19db3007be6e3752fca5c245.jpg\" alt=\"\" width=\"850\" height=\"650\"> <img decoding=\"async\" class=\"aligncenter size-full wp-image-2447\" src=\"https:\/\/shenhuexcavator.com\/wp-content\/uploads\/2025\/02\/5cfa86d6e1cd947ba8ac79753d3eb3f.jpg\" alt=\"\" width=\"850\" height=\"650\"> <img loading=\"lazy\" decoding=\"async\" class=\"aligncenter size-full wp-image-2448\" src=\"https:\/\/shenhuexcavator.com\/wp-content\/uploads\/2025\/02\/7374f6af7cf55f0c88b05de15eb9e46.jpg\" alt=\"\" width=\"850\" height=\"650\"><\/p>","protected":false},"excerpt":{"rendered":"<p>La Excavadora Volvo EC360B de segunda mano es una m\u00e1quina de alto rendimiento dise\u00f1ada para aplicaciones de servicio pesado. Con un peso operativo de 36900 kg y una capacidad de cuchara de 1,35 a 3 metros c\u00fabicos, es perfecta para miner\u00eda, canteras y proyectos de construcci\u00f3n a gran escala. Su motor de 198 kW proporciona una potencia constante, mientras que su robusto dise\u00f1o garantiza la durabilidad en entornos de trabajo dif\u00edciles. La EC360B est\u00e1 equipada con controles hidr\u00e1ulicos avanzados que ofrecen un funcionamiento preciso y una mayor eficiencia.<\/p>","protected":false},"featured_media":2449,"template":"","meta":[],"product_brand":[50],"product_cat":[120,86,44],"product_tag":[],"class_list":{"0":"post-2444","1":"product","2":"type-product","3":"status-publish","4":"has-post-thumbnail","6":"product_brand-volvo","7":"product_cat-2020-2023","8":"product_cat-36t","9":"product_cat-used-volvo-excavator","11":"first","12":"instock","13":"shipping-taxable","14":"purchasable","15":"product-type-simple"},"_links":{"self":[{"href":"https:\/\/shenhuexcavator.com\/es\/wp-json\/wp\/v2\/product\/2444","targetHints":{"allow":["GET"]}}],"collection":[{"href":"https:\/\/shenhuexcavator.com\/es\/wp-json\/wp\/v2\/product"}],"about":[{"href":"https:\/\/shenhuexcavator.com\/es\/wp-json\/wp\/v2\/types\/product"}],"wp:featuredmedia":[{"embeddable":true,"href":"https:\/\/shenhuexcavator.com\/es\/wp-json\/wp\/v2\/media\/2449"}],"wp:attachment":[{"href":"https:\/\/shenhuexcavator.com\/es\/wp-json\/wp\/v2\/media?parent=2444"}],"wp:term":[{"taxonomy":"product_brand","embeddable":true,"href":"https:\/\/shenhuexcavator.com\/es\/wp-json\/wp\/v2\/product_brand?post=2444"},{"taxonomy":"product_cat","embeddable":true,"href":"https:\/\/shenhuexcavator.com\/es\/wp-json\/wp\/v2\/product_cat?post=2444"},{"taxonomy":"product_tag","embeddable":true,"href":"https:\/\/shenhuexcavator.com\/es\/wp-json\/wp\/v2\/product_tag?post=2444"}],"curies":[{"name":"wp","href":"https:\/\/api.w.org\/{rel}","templated":true}]}}