{"id":2495,"date":"2025-02-26T14:52:00","date_gmt":"2025-02-26T06:52:00","guid":{"rendered":"https:\/\/shenhuexcavator.com\/?post_type=product&#038;p=2495"},"modified":"2025-07-17T15:09:55","modified_gmt":"2025-07-17T07:09:55","slug":"used-cat-305-5-excavator","status":"publish","type":"product","link":"https:\/\/shenhuexcavator.com\/es\/producto\/used-cat-305-5-excavator\/","title":{"rendered":"Excavadora usada Cat 305.5"},"content":{"rendered":"<p><img fetchpriority=\"high\" decoding=\"async\" class=\"aligncenter size-full wp-image-2496\" src=\"https:\/\/shenhuexcavator.com\/wp-content\/uploads\/2025\/02\/8-1.jpg\" alt=\"\" width=\"850\" height=\"650\"> <img decoding=\"async\" class=\"aligncenter size-full wp-image-2497\" src=\"https:\/\/shenhuexcavator.com\/wp-content\/uploads\/2025\/02\/1-28.jpg\" alt=\"\" width=\"850\" height=\"650\"> <img decoding=\"async\" class=\"aligncenter size-full wp-image-2498\" src=\"https:\/\/shenhuexcavator.com\/wp-content\/uploads\/2025\/02\/2-6.jpg\" alt=\"\" width=\"850\" height=\"650\"> <img loading=\"lazy\" decoding=\"async\" class=\"aligncenter size-full wp-image-2499\" src=\"https:\/\/shenhuexcavator.com\/wp-content\/uploads\/2025\/02\/3-6.jpg\" alt=\"\" width=\"850\" height=\"650\"> <img loading=\"lazy\" decoding=\"async\" class=\"aligncenter size-full wp-image-2500\" src=\"https:\/\/shenhuexcavator.com\/wp-content\/uploads\/2025\/02\/4-4.jpg\" alt=\"\" width=\"850\" height=\"650\"> <img loading=\"lazy\" decoding=\"async\" class=\"aligncenter size-full wp-image-2501\" src=\"https:\/\/shenhuexcavator.com\/wp-content\/uploads\/2025\/02\/5-4.jpg\" alt=\"\" width=\"850\" height=\"650\"> <img loading=\"lazy\" decoding=\"async\" class=\"aligncenter size-full wp-image-2502\" src=\"https:\/\/shenhuexcavator.com\/wp-content\/uploads\/2025\/02\/6-3.jpg\" alt=\"\" width=\"850\" height=\"650\"> <img loading=\"lazy\" decoding=\"async\" class=\"aligncenter size-full wp-image-2503\" src=\"https:\/\/shenhuexcavator.com\/wp-content\/uploads\/2025\/02\/7-2.jpg\" alt=\"\" width=\"850\" height=\"650\"> <img loading=\"lazy\" decoding=\"async\" class=\"aligncenter size-full wp-image-2504\" src=\"https:\/\/shenhuexcavator.com\/wp-content\/uploads\/2025\/02\/9-1.jpg\" alt=\"\" width=\"850\" height=\"650\"><\/p>","protected":false},"excerpt":{"rendered":"<p>La Excavadora Usada Cat 305.5 es un paso adelante en tama\u00f1o y potencia, dise\u00f1ada para tareas de servicio medio. Con un peso operativo de 5.350 kg y una capacidad de la cuchara de 0,22 metros c\u00fabicos, es ideal para operaciones de excavaci\u00f3n, elevaci\u00f3n y carga. Su motor de 34,1 kW proporciona un rendimiento fiable, mientras que su dise\u00f1o compacto garantiza un funcionamiento sencillo en espacios reducidos. La 305.5 es especialmente adecuada para obras urbanas en las que el espacio es limitado pero se requiere potencia y eficacia..,<\/p>","protected":false},"featured_media":2505,"template":"","meta":[],"product_brand":[54],"product_cat":[120,75,45],"product_tag":[],"class_list":{"0":"post-2495","1":"product","2":"type-product","3":"status-publish","4":"has-post-thumbnail","6":"product_brand-caterpillar","7":"product_cat-2020-2023","8":"product_cat-5-5t","9":"product_cat-used-caterpillar-excavator","11":"first","12":"instock","13":"shipping-taxable","14":"purchasable","15":"product-type-simple"},"_links":{"self":[{"href":"https:\/\/shenhuexcavator.com\/es\/wp-json\/wp\/v2\/product\/2495","targetHints":{"allow":["GET"]}}],"collection":[{"href":"https:\/\/shenhuexcavator.com\/es\/wp-json\/wp\/v2\/product"}],"about":[{"href":"https:\/\/shenhuexcavator.com\/es\/wp-json\/wp\/v2\/types\/product"}],"wp:featuredmedia":[{"embeddable":true,"href":"https:\/\/shenhuexcavator.com\/es\/wp-json\/wp\/v2\/media\/2505"}],"wp:attachment":[{"href":"https:\/\/shenhuexcavator.com\/es\/wp-json\/wp\/v2\/media?parent=2495"}],"wp:term":[{"taxonomy":"product_brand","embeddable":true,"href":"https:\/\/shenhuexcavator.com\/es\/wp-json\/wp\/v2\/product_brand?post=2495"},{"taxonomy":"product_cat","embeddable":true,"href":"https:\/\/shenhuexcavator.com\/es\/wp-json\/wp\/v2\/product_cat?post=2495"},{"taxonomy":"product_tag","embeddable":true,"href":"https:\/\/shenhuexcavator.com\/es\/wp-json\/wp\/v2\/product_tag?post=2495"}],"curies":[{"name":"wp","href":"https:\/\/api.w.org\/{rel}","templated":true}]}}