{"id":2585,"date":"2025-02-26T15:43:00","date_gmt":"2025-02-26T07:43:00","guid":{"rendered":"https:\/\/shenhuexcavator.com\/?post_type=product&#038;p=2585"},"modified":"2025-07-17T15:09:56","modified_gmt":"2025-07-17T07:09:56","slug":"used-cat-325d-excavator","status":"publish","type":"product","link":"https:\/\/shenhuexcavator.com\/es\/producto\/used-cat-325d-excavator\/","title":{"rendered":"Excavadora usada Cat 325D"},"content":{"rendered":"<p><img fetchpriority=\"high\" decoding=\"async\" class=\"aligncenter size-full wp-image-2586\" src=\"https:\/\/shenhuexcavator.com\/wp-content\/uploads\/2025\/02\/2a7a43bf06b730fbd08f18a8a692c72.jpg\" alt=\"\" width=\"850\" height=\"650\"> <img decoding=\"async\" class=\"aligncenter size-full wp-image-2587\" src=\"https:\/\/shenhuexcavator.com\/wp-content\/uploads\/2025\/02\/8f1e5cf6d045d35fd0a90e4f43f4cb5.jpg\" alt=\"\" width=\"850\" height=\"650\"> <img decoding=\"async\" class=\"aligncenter size-full wp-image-2588\" src=\"https:\/\/shenhuexcavator.com\/wp-content\/uploads\/2025\/02\/48d5d829e3453cd1b80ad549e497eb7.jpg\" alt=\"\" width=\"850\" height=\"650\"> <img loading=\"lazy\" decoding=\"async\" class=\"aligncenter size-full wp-image-2589\" src=\"https:\/\/shenhuexcavator.com\/wp-content\/uploads\/2025\/02\/57a66c177e9a99ed57eb7a0c5d721cb.jpg\" alt=\"\" width=\"850\" height=\"650\"> <img loading=\"lazy\" decoding=\"async\" class=\"aligncenter size-full wp-image-2590\" src=\"https:\/\/shenhuexcavator.com\/wp-content\/uploads\/2025\/02\/98282d488841619de6a15bff1fdd6ee.jpg\" alt=\"\" width=\"850\" height=\"650\"> <img loading=\"lazy\" decoding=\"async\" class=\"aligncenter size-full wp-image-2591\" src=\"https:\/\/shenhuexcavator.com\/wp-content\/uploads\/2025\/02\/821982a5f0d604b3cf44f0e49048261.jpg\" alt=\"\" width=\"850\" height=\"650\"> <img loading=\"lazy\" decoding=\"async\" class=\"aligncenter size-full wp-image-2592\" src=\"https:\/\/shenhuexcavator.com\/wp-content\/uploads\/2025\/02\/b0fc67b35b0b08a70022251447f0fc9.jpg\" alt=\"\" width=\"850\" height=\"650\"> <img loading=\"lazy\" decoding=\"async\" class=\"aligncenter size-full wp-image-2593\" src=\"https:\/\/shenhuexcavator.com\/wp-content\/uploads\/2025\/02\/cb129362b1c5ea7e7295a98a18b7470.jpg\" alt=\"\" width=\"850\" height=\"650\"><\/p>","protected":false},"excerpt":{"rendered":"<p>La Excavadora Usada Cat 325D es una m\u00e1quina potente dise\u00f1ada para tareas pesadas. Con un peso operativo de 29240 kg y una capacidad de cuchar\u00f3n de 1,1 metros c\u00fabicos, es perfecta para proyectos de excavaci\u00f3n y movimiento de tierras a gran escala. Su motor de 140 kW proporciona una potencia excepcional, mientras que su robusto dise\u00f1o garantiza su durabilidad en condiciones de trabajo dif\u00edciles. La 325D es especialmente adecuada para obras en las que la fiabilidad y el rendimiento son fundamentales.<\/p>","protected":false},"featured_media":2594,"template":"","meta":[],"product_brand":[54],"product_cat":[120,91,45],"product_tag":[],"class_list":{"0":"post-2585","1":"product","2":"type-product","3":"status-publish","4":"has-post-thumbnail","6":"product_brand-caterpillar","7":"product_cat-2020-2023","8":"product_cat-25t","9":"product_cat-used-caterpillar-excavator","11":"first","12":"instock","13":"shipping-taxable","14":"purchasable","15":"product-type-simple"},"_links":{"self":[{"href":"https:\/\/shenhuexcavator.com\/es\/wp-json\/wp\/v2\/product\/2585","targetHints":{"allow":["GET"]}}],"collection":[{"href":"https:\/\/shenhuexcavator.com\/es\/wp-json\/wp\/v2\/product"}],"about":[{"href":"https:\/\/shenhuexcavator.com\/es\/wp-json\/wp\/v2\/types\/product"}],"wp:featuredmedia":[{"embeddable":true,"href":"https:\/\/shenhuexcavator.com\/es\/wp-json\/wp\/v2\/media\/2594"}],"wp:attachment":[{"href":"https:\/\/shenhuexcavator.com\/es\/wp-json\/wp\/v2\/media?parent=2585"}],"wp:term":[{"taxonomy":"product_brand","embeddable":true,"href":"https:\/\/shenhuexcavator.com\/es\/wp-json\/wp\/v2\/product_brand?post=2585"},{"taxonomy":"product_cat","embeddable":true,"href":"https:\/\/shenhuexcavator.com\/es\/wp-json\/wp\/v2\/product_cat?post=2585"},{"taxonomy":"product_tag","embeddable":true,"href":"https:\/\/shenhuexcavator.com\/es\/wp-json\/wp\/v2\/product_tag?post=2585"}],"curies":[{"name":"wp","href":"https:\/\/api.w.org\/{rel}","templated":true}]}}