{"id":2599,"date":"2025-02-26T15:48:00","date_gmt":"2025-02-26T07:48:00","guid":{"rendered":"https:\/\/shenhuexcavator.com\/?post_type=product&#038;p=2599"},"modified":"2025-07-17T15:09:56","modified_gmt":"2025-07-17T07:09:56","slug":"used-cat-329d-excavator","status":"publish","type":"product","link":"https:\/\/shenhuexcavator.com\/es\/producto\/used-cat-329d-excavator\/","title":{"rendered":"Excavadora usada Cat 329D"},"content":{"rendered":"<p><img fetchpriority=\"high\" decoding=\"async\" class=\"aligncenter size-full wp-image-2600\" src=\"https:\/\/shenhuexcavator.com\/wp-content\/uploads\/2025\/02\/42568d74087639772c650092cc2b345.jpg\" alt=\"\" width=\"850\" height=\"650\"> <img decoding=\"async\" class=\"aligncenter size-full wp-image-2601\" src=\"https:\/\/shenhuexcavator.com\/wp-content\/uploads\/2025\/02\/bc1511d7da5013d00e2912dfa7e1e66.jpg\" alt=\"\" width=\"850\" height=\"650\"> <img decoding=\"async\" class=\"aligncenter size-full wp-image-2602\" src=\"https:\/\/shenhuexcavator.com\/wp-content\/uploads\/2025\/02\/191c49763d09a6c4635d1c7ac5febc4.jpg\" alt=\"\" width=\"850\" height=\"650\"> <img loading=\"lazy\" decoding=\"async\" class=\"aligncenter size-full wp-image-2603\" src=\"https:\/\/shenhuexcavator.com\/wp-content\/uploads\/2025\/02\/7f8414796a1c654c5db0b61a5b88ef1.jpg\" alt=\"\" width=\"850\" height=\"650\"> <img loading=\"lazy\" decoding=\"async\" class=\"aligncenter size-full wp-image-2604\" src=\"https:\/\/shenhuexcavator.com\/wp-content\/uploads\/2025\/02\/7f16456fb7970d941638f8a3ad4bf51.jpg\" alt=\"\" width=\"850\" height=\"650\"> <img loading=\"lazy\" decoding=\"async\" class=\"aligncenter size-full wp-image-2605\" src=\"https:\/\/shenhuexcavator.com\/wp-content\/uploads\/2025\/02\/1e6b0887fa362fb7918691fecf99699.jpg\" alt=\"\" width=\"850\" height=\"650\"> <img loading=\"lazy\" decoding=\"async\" class=\"aligncenter size-full wp-image-2606\" src=\"https:\/\/shenhuexcavator.com\/wp-content\/uploads\/2025\/02\/1d113992c4f4fcf90a3dd381536f1fe.jpg\" alt=\"\" width=\"850\" height=\"650\"><\/p>","protected":false},"excerpt":{"rendered":"<p>La Excavadora Usada Cat 329D es una m\u00e1quina de servicio pesado construida para proyectos de construcci\u00f3n exigentes. Con un peso operativo de 29240 kg y una capacidad de cuchar\u00f3n de 1,1 metros c\u00fabicos, es ideal para tareas de excavaci\u00f3n y movimiento de tierras a gran escala. Su motor de 152 kW proporciona un rendimiento fiable, mientras que su avanzado sistema hidr\u00e1ulico garantiza un funcionamiento suave. La 329D es conocida por su durabilidad y eficiencia de combustible, lo que la convierte en una opci\u00f3n rentable para los contratistas que buscan maximizar la productividad.<\/p>","protected":false},"featured_media":2607,"template":"","meta":[],"product_brand":[54],"product_cat":[120,92,45],"product_tag":[],"class_list":{"0":"post-2599","1":"product","2":"type-product","3":"status-publish","4":"has-post-thumbnail","6":"product_brand-caterpillar","7":"product_cat-2020-2023","8":"product_cat-29t","9":"product_cat-used-caterpillar-excavator","11":"first","12":"instock","13":"shipping-taxable","14":"purchasable","15":"product-type-simple"},"_links":{"self":[{"href":"https:\/\/shenhuexcavator.com\/es\/wp-json\/wp\/v2\/product\/2599","targetHints":{"allow":["GET"]}}],"collection":[{"href":"https:\/\/shenhuexcavator.com\/es\/wp-json\/wp\/v2\/product"}],"about":[{"href":"https:\/\/shenhuexcavator.com\/es\/wp-json\/wp\/v2\/types\/product"}],"wp:featuredmedia":[{"embeddable":true,"href":"https:\/\/shenhuexcavator.com\/es\/wp-json\/wp\/v2\/media\/2607"}],"wp:attachment":[{"href":"https:\/\/shenhuexcavator.com\/es\/wp-json\/wp\/v2\/media?parent=2599"}],"wp:term":[{"taxonomy":"product_brand","embeddable":true,"href":"https:\/\/shenhuexcavator.com\/es\/wp-json\/wp\/v2\/product_brand?post=2599"},{"taxonomy":"product_cat","embeddable":true,"href":"https:\/\/shenhuexcavator.com\/es\/wp-json\/wp\/v2\/product_cat?post=2599"},{"taxonomy":"product_tag","embeddable":true,"href":"https:\/\/shenhuexcavator.com\/es\/wp-json\/wp\/v2\/product_tag?post=2599"}],"curies":[{"name":"wp","href":"https:\/\/api.w.org\/{rel}","templated":true}]}}