{"id":2627,"date":"2025-02-26T15:59:00","date_gmt":"2025-02-26T07:59:00","guid":{"rendered":"https:\/\/shenhuexcavator.com\/?post_type=product&#038;p=2627"},"modified":"2025-07-17T15:10:00","modified_gmt":"2025-07-17T07:10:00","slug":"used-cat-336d-excavator","status":"publish","type":"product","link":"https:\/\/shenhuexcavator.com\/es\/producto\/used-cat-336d-excavator\/","title":{"rendered":"Excavadora Usada Cat 336D"},"content":{"rendered":"<p><img fetchpriority=\"high\" decoding=\"async\" class=\"aligncenter size-full wp-image-2629\" src=\"https:\/\/shenhuexcavator.com\/wp-content\/uploads\/2025\/02\/6da1710ab7628a05c2de788f4784ad4-1.jpg\" alt=\"\" width=\"850\" height=\"650\"> <img decoding=\"async\" class=\"aligncenter size-full wp-image-2630\" src=\"https:\/\/shenhuexcavator.com\/wp-content\/uploads\/2025\/02\/07a9ac2a15f94769483bcbb3e358d25.jpg\" alt=\"\" width=\"850\" height=\"650\"> <img decoding=\"async\" class=\"aligncenter size-full wp-image-2631\" src=\"https:\/\/shenhuexcavator.com\/wp-content\/uploads\/2025\/02\/84f1f4392424b72dd7c1b236b8848ff.jpg\" alt=\"\" width=\"850\" height=\"650\"> <img loading=\"lazy\" decoding=\"async\" class=\"aligncenter size-full wp-image-2632\" src=\"https:\/\/shenhuexcavator.com\/wp-content\/uploads\/2025\/02\/786f9616ca840eeab2387570cb15513.jpg\" alt=\"\" width=\"850\" height=\"650\"> <img loading=\"lazy\" decoding=\"async\" class=\"aligncenter size-full wp-image-2633\" src=\"https:\/\/shenhuexcavator.com\/wp-content\/uploads\/2025\/02\/893bf2ff11f44a8bdf60e2cebab3fae.jpg\" alt=\"\" width=\"850\" height=\"650\"> <img loading=\"lazy\" decoding=\"async\" class=\"aligncenter size-full wp-image-2634\" src=\"https:\/\/shenhuexcavator.com\/wp-content\/uploads\/2025\/02\/aaf1c7cc8972ec85dd4538487ef5cff.jpg\" alt=\"\" width=\"850\" height=\"650\"> <img loading=\"lazy\" decoding=\"async\" class=\"aligncenter size-full wp-image-2635\" src=\"https:\/\/shenhuexcavator.com\/wp-content\/uploads\/2025\/02\/cd7d06840186e2dd43508c133bed042.jpg\" alt=\"\" width=\"850\" height=\"650\"> <img loading=\"lazy\" decoding=\"async\" class=\"aligncenter size-full wp-image-2636\" src=\"https:\/\/shenhuexcavator.com\/wp-content\/uploads\/2025\/02\/eb4aa64c71b986d6770a25718e62819.jpg\" alt=\"\" width=\"850\" height=\"650\"> <img loading=\"lazy\" decoding=\"async\" class=\"aligncenter size-full wp-image-2637\" src=\"https:\/\/shenhuexcavator.com\/wp-content\/uploads\/2025\/02\/f7e8e5d3dc79e52b58ec41a8b4dbfc9.jpg\" alt=\"\" width=\"850\" height=\"650\"><\/p>","protected":false},"excerpt":{"rendered":"<p>La Excavadora Usada Cat 336D es una m\u00e1quina potente dise\u00f1ada para tareas pesadas. Con un peso operativo de 33750 kg y una capacidad de cuchar\u00f3n de 1,4 metros c\u00fabicos, es perfecta para proyectos de excavaci\u00f3n y movimiento de tierras a gran escala. Su motor de 200 kW proporciona una potencia excepcional, mientras que su robusto dise\u00f1o garantiza su durabilidad en condiciones de trabajo dif\u00edciles. La 336D es especialmente adecuada para obras en las que la fiabilidad y el rendimiento son fundamentales.<\/p>","protected":false},"featured_media":2638,"template":"","meta":[],"product_brand":[54],"product_cat":[120,86,45],"product_tag":[],"class_list":{"0":"post-2627","1":"product","2":"type-product","3":"status-publish","4":"has-post-thumbnail","6":"product_brand-caterpillar","7":"product_cat-2020-2023","8":"product_cat-36t","9":"product_cat-used-caterpillar-excavator","11":"first","12":"instock","13":"shipping-taxable","14":"purchasable","15":"product-type-simple"},"_links":{"self":[{"href":"https:\/\/shenhuexcavator.com\/es\/wp-json\/wp\/v2\/product\/2627","targetHints":{"allow":["GET"]}}],"collection":[{"href":"https:\/\/shenhuexcavator.com\/es\/wp-json\/wp\/v2\/product"}],"about":[{"href":"https:\/\/shenhuexcavator.com\/es\/wp-json\/wp\/v2\/types\/product"}],"wp:featuredmedia":[{"embeddable":true,"href":"https:\/\/shenhuexcavator.com\/es\/wp-json\/wp\/v2\/media\/2638"}],"wp:attachment":[{"href":"https:\/\/shenhuexcavator.com\/es\/wp-json\/wp\/v2\/media?parent=2627"}],"wp:term":[{"taxonomy":"product_brand","embeddable":true,"href":"https:\/\/shenhuexcavator.com\/es\/wp-json\/wp\/v2\/product_brand?post=2627"},{"taxonomy":"product_cat","embeddable":true,"href":"https:\/\/shenhuexcavator.com\/es\/wp-json\/wp\/v2\/product_cat?post=2627"},{"taxonomy":"product_tag","embeddable":true,"href":"https:\/\/shenhuexcavator.com\/es\/wp-json\/wp\/v2\/product_tag?post=2627"}],"curies":[{"name":"wp","href":"https:\/\/api.w.org\/{rel}","templated":true}]}}