{"id":2686,"date":"2025-02-27T10:08:00","date_gmt":"2025-02-27T02:08:00","guid":{"rendered":"https:\/\/shenhuexcavator.com\/?post_type=product&#038;p=2686"},"modified":"2025-07-17T15:10:00","modified_gmt":"2025-07-17T07:10:00","slug":"used-hyundai-r215-7-excavator","status":"publish","type":"product","link":"https:\/\/shenhuexcavator.com\/es\/producto\/used-hyundai-r215-7-excavator\/","title":{"rendered":"Excavadora usada Hyundai R215-7"},"content":{"rendered":"<p><img fetchpriority=\"high\" decoding=\"async\" class=\"aligncenter size-full wp-image-2687\" src=\"https:\/\/shenhuexcavator.com\/wp-content\/uploads\/2025\/02\/bc609232b15802957699cd242ec1852.jpg\" alt=\"\" width=\"850\" height=\"650\"> <img decoding=\"async\" class=\"aligncenter size-full wp-image-2688\" src=\"https:\/\/shenhuexcavator.com\/wp-content\/uploads\/2025\/02\/39cba4b6b209ac3b3a8e4ee629f318c.jpg\" alt=\"\" width=\"850\" height=\"650\"> <img decoding=\"async\" class=\"aligncenter size-full wp-image-2689\" src=\"https:\/\/shenhuexcavator.com\/wp-content\/uploads\/2025\/02\/950d001071f7b775c855473f9fa687f.jpg\" alt=\"\" width=\"850\" height=\"650\"> <img loading=\"lazy\" decoding=\"async\" class=\"aligncenter size-full wp-image-2690\" src=\"https:\/\/shenhuexcavator.com\/wp-content\/uploads\/2025\/02\/5777b095881654da7a318377b2cf098.jpg\" alt=\"\" width=\"850\" height=\"650\"> <img loading=\"lazy\" decoding=\"async\" class=\"aligncenter size-full wp-image-2691\" src=\"https:\/\/shenhuexcavator.com\/wp-content\/uploads\/2025\/02\/e692c69650e24afc09592afcd463d11.jpg\" alt=\"\" width=\"850\" height=\"650\"><\/p>","protected":false},"excerpt":{"rendered":"<p>La excavadora usada Hyundai R215-7 es una m\u00e1quina potente dise\u00f1ada para tareas pesadas. Con un peso operativo de 20700 kg y una capacidad de la cuchara de 0,92 metros c\u00fabicos, es perfecta para proyectos de excavaci\u00f3n y movimiento de tierras a gran escala. Su motor de 110 kW proporciona una potencia excepcional, mientras que su robusto dise\u00f1o garantiza su durabilidad en condiciones de trabajo dif\u00edciles. La R215-7 es especialmente adecuada para obras en las que la fiabilidad y el rendimiento son fundamentales.<\/p>","protected":false},"featured_media":2692,"template":"","meta":[],"product_brand":[55],"product_cat":[120,78,46],"product_tag":[],"class_list":{"0":"post-2686","1":"product","2":"type-product","3":"status-publish","4":"has-post-thumbnail","6":"product_brand-hyundai","7":"product_cat-2020-2023","8":"product_cat-21t","9":"product_cat-used-hyundai-excavator","11":"first","12":"instock","13":"shipping-taxable","14":"purchasable","15":"product-type-simple"},"_links":{"self":[{"href":"https:\/\/shenhuexcavator.com\/es\/wp-json\/wp\/v2\/product\/2686","targetHints":{"allow":["GET"]}}],"collection":[{"href":"https:\/\/shenhuexcavator.com\/es\/wp-json\/wp\/v2\/product"}],"about":[{"href":"https:\/\/shenhuexcavator.com\/es\/wp-json\/wp\/v2\/types\/product"}],"wp:featuredmedia":[{"embeddable":true,"href":"https:\/\/shenhuexcavator.com\/es\/wp-json\/wp\/v2\/media\/2692"}],"wp:attachment":[{"href":"https:\/\/shenhuexcavator.com\/es\/wp-json\/wp\/v2\/media?parent=2686"}],"wp:term":[{"taxonomy":"product_brand","embeddable":true,"href":"https:\/\/shenhuexcavator.com\/es\/wp-json\/wp\/v2\/product_brand?post=2686"},{"taxonomy":"product_cat","embeddable":true,"href":"https:\/\/shenhuexcavator.com\/es\/wp-json\/wp\/v2\/product_cat?post=2686"},{"taxonomy":"product_tag","embeddable":true,"href":"https:\/\/shenhuexcavator.com\/es\/wp-json\/wp\/v2\/product_tag?post=2686"}],"curies":[{"name":"wp","href":"https:\/\/api.w.org\/{rel}","templated":true}]}}