{"id":2822,"date":"2025-02-27T11:26:00","date_gmt":"2025-02-27T03:26:00","guid":{"rendered":"https:\/\/shenhuexcavator.com\/?post_type=product&#038;p=2822"},"modified":"2025-07-17T15:10:05","modified_gmt":"2025-07-17T07:10:05","slug":"used-komatsu-pc55-excavator","status":"publish","type":"product","link":"https:\/\/shenhuexcavator.com\/es\/producto\/used-komatsu-pc55-excavator\/","title":{"rendered":"Excavadora Komatsu PC55 usada"},"content":{"rendered":"<p><img fetchpriority=\"high\" decoding=\"async\" class=\"aligncenter size-full wp-image-2823\" src=\"https:\/\/shenhuexcavator.com\/wp-content\/uploads\/2025\/02\/1-2-8.jpg\" alt=\"\" width=\"850\" height=\"650\"> <img decoding=\"async\" class=\"aligncenter size-full wp-image-2824\" src=\"https:\/\/shenhuexcavator.com\/wp-content\/uploads\/2025\/02\/1-5-8.jpg\" alt=\"\" width=\"850\" height=\"650\"> <img decoding=\"async\" class=\"aligncenter size-full wp-image-2825\" src=\"https:\/\/shenhuexcavator.com\/wp-content\/uploads\/2025\/02\/1-6-7.jpg\" alt=\"\" width=\"850\" height=\"650\"> <img loading=\"lazy\" decoding=\"async\" class=\"aligncenter size-full wp-image-2826\" src=\"https:\/\/shenhuexcavator.com\/wp-content\/uploads\/2025\/02\/16339341281.jpg\" alt=\"\" width=\"850\" height=\"650\"><\/p>","protected":false},"excerpt":{"rendered":"<p>La excavadora usada Komatsu PC55 es un paso adelante en tama\u00f1o y potencia, dise\u00f1ada para tareas de resistencia media. Con un peso operativo de 5160 kg y una capacidad de la cuchara de 0,15 metros c\u00fabicos, es ideal para operaciones de excavaci\u00f3n, elevaci\u00f3n y carga. Su motor de 28,5 kW proporciona un rendimiento fiable, mientras que su dise\u00f1o compacto garantiza un f\u00e1cil manejo en espacios reducidos. La PC55 es especialmente adecuada para obras urbanas en las que el espacio es limitado pero se requiere potencia y eficacia.<\/p>","protected":false},"featured_media":2827,"template":"","meta":[],"product_brand":[51],"product_cat":[120,75,48],"product_tag":[],"class_list":{"0":"post-2822","1":"product","2":"type-product","3":"status-publish","4":"has-post-thumbnail","6":"product_brand-komatsu","7":"product_cat-2020-2023","8":"product_cat-5-5t","9":"product_cat-used-komatsu-excavator","11":"first","12":"instock","13":"shipping-taxable","14":"purchasable","15":"product-type-simple"},"_links":{"self":[{"href":"https:\/\/shenhuexcavator.com\/es\/wp-json\/wp\/v2\/product\/2822","targetHints":{"allow":["GET"]}}],"collection":[{"href":"https:\/\/shenhuexcavator.com\/es\/wp-json\/wp\/v2\/product"}],"about":[{"href":"https:\/\/shenhuexcavator.com\/es\/wp-json\/wp\/v2\/types\/product"}],"wp:featuredmedia":[{"embeddable":true,"href":"https:\/\/shenhuexcavator.com\/es\/wp-json\/wp\/v2\/media\/2827"}],"wp:attachment":[{"href":"https:\/\/shenhuexcavator.com\/es\/wp-json\/wp\/v2\/media?parent=2822"}],"wp:term":[{"taxonomy":"product_brand","embeddable":true,"href":"https:\/\/shenhuexcavator.com\/es\/wp-json\/wp\/v2\/product_brand?post=2822"},{"taxonomy":"product_cat","embeddable":true,"href":"https:\/\/shenhuexcavator.com\/es\/wp-json\/wp\/v2\/product_cat?post=2822"},{"taxonomy":"product_tag","embeddable":true,"href":"https:\/\/shenhuexcavator.com\/es\/wp-json\/wp\/v2\/product_tag?post=2822"}],"curies":[{"name":"wp","href":"https:\/\/api.w.org\/{rel}","templated":true}]}}