{"id":2938,"date":"2025-02-27T15:09:00","date_gmt":"2025-02-27T07:09:00","guid":{"rendered":"https:\/\/shenhuexcavator.com\/?post_type=product&#038;p=2938"},"modified":"2025-07-17T15:10:07","modified_gmt":"2025-07-17T07:10:07","slug":"used-komatsu-pc220-excavator","status":"publish","type":"product","link":"https:\/\/shenhuexcavator.com\/es\/producto\/used-komatsu-pc220-excavator\/","title":{"rendered":"Excavadora usada Komatsu PC220"},"content":{"rendered":"<p><img fetchpriority=\"high\" decoding=\"async\" class=\"aligncenter size-full wp-image-2939\" src=\"https:\/\/shenhuexcavator.com\/wp-content\/uploads\/2025\/02\/4f9351bcc042f4b7e6454087fc77f1c.jpg\" alt=\"\" width=\"850\" height=\"650\"> <img decoding=\"async\" class=\"aligncenter size-full wp-image-2940\" src=\"https:\/\/shenhuexcavator.com\/wp-content\/uploads\/2025\/02\/8a0f54b3ca2002924fe2095a2b1a173.jpg\" alt=\"\" width=\"850\" height=\"650\"> <img decoding=\"async\" class=\"aligncenter size-full wp-image-2941\" src=\"https:\/\/shenhuexcavator.com\/wp-content\/uploads\/2025\/02\/8bf3e735f9af575d0b43b804d699f6e.jpg\" alt=\"\" width=\"850\" height=\"650\"> <img loading=\"lazy\" decoding=\"async\" class=\"aligncenter size-full wp-image-2942\" src=\"https:\/\/shenhuexcavator.com\/wp-content\/uploads\/2025\/02\/53c4514796d705ad112b752122118a7.jpg\" alt=\"\" width=\"850\" height=\"650\"><\/p>","protected":false},"excerpt":{"rendered":"<p>La excavadora usada Komatsu PC220 es una m\u00e1quina de alto rendimiento dise\u00f1ada para aplicaciones de trabajo pesado. Con un peso operativo de 22840 kg y una capacidad de cuchara de 1 metro c\u00fabico, es perfecta para miner\u00eda, canteras y proyectos de construcci\u00f3n a gran escala. Su motor de 125 kW proporciona una potencia constante, mientras que su robusto dise\u00f1o garantiza su durabilidad en entornos de trabajo dif\u00edciles. La PC220 est\u00e1 equipada con controles hidr\u00e1ulicos avanzados que ofrecen un funcionamiento preciso y una mayor eficiencia..,<\/p>","protected":false},"featured_media":2943,"template":"","meta":[],"product_brand":[51],"product_cat":[120,97,48],"product_tag":[],"class_list":{"0":"post-2938","1":"product","2":"type-product","3":"status-publish","4":"has-post-thumbnail","6":"product_brand-komatsu","7":"product_cat-2020-2023","8":"product_cat-22t","9":"product_cat-used-komatsu-excavator","11":"first","12":"instock","13":"shipping-taxable","14":"purchasable","15":"product-type-simple"},"_links":{"self":[{"href":"https:\/\/shenhuexcavator.com\/es\/wp-json\/wp\/v2\/product\/2938","targetHints":{"allow":["GET"]}}],"collection":[{"href":"https:\/\/shenhuexcavator.com\/es\/wp-json\/wp\/v2\/product"}],"about":[{"href":"https:\/\/shenhuexcavator.com\/es\/wp-json\/wp\/v2\/types\/product"}],"wp:featuredmedia":[{"embeddable":true,"href":"https:\/\/shenhuexcavator.com\/es\/wp-json\/wp\/v2\/media\/2943"}],"wp:attachment":[{"href":"https:\/\/shenhuexcavator.com\/es\/wp-json\/wp\/v2\/media?parent=2938"}],"wp:term":[{"taxonomy":"product_brand","embeddable":true,"href":"https:\/\/shenhuexcavator.com\/es\/wp-json\/wp\/v2\/product_brand?post=2938"},{"taxonomy":"product_cat","embeddable":true,"href":"https:\/\/shenhuexcavator.com\/es\/wp-json\/wp\/v2\/product_cat?post=2938"},{"taxonomy":"product_tag","embeddable":true,"href":"https:\/\/shenhuexcavator.com\/es\/wp-json\/wp\/v2\/product_tag?post=2938"}],"curies":[{"name":"wp","href":"https:\/\/api.w.org\/{rel}","templated":true}]}}