{"id":2948,"date":"2025-02-27T15:11:00","date_gmt":"2025-02-27T07:11:00","guid":{"rendered":"https:\/\/shenhuexcavator.com\/?post_type=product&#038;p=2948"},"modified":"2025-07-17T15:10:07","modified_gmt":"2025-07-17T07:10:07","slug":"used-komatsu-pc220-8-excavator","status":"publish","type":"product","link":"https:\/\/shenhuexcavator.com\/es\/producto\/used-komatsu-pc220-8-excavator\/","title":{"rendered":"Excavadora usada Komatsu PC220-8"},"content":{"rendered":"<p><img fetchpriority=\"high\" decoding=\"async\" class=\"aligncenter size-full wp-image-2949\" src=\"https:\/\/shenhuexcavator.com\/wp-content\/uploads\/2025\/02\/6ca2af32dd002c31569747b1ffa75c6.jpg\" alt=\"\" width=\"850\" height=\"650\"> <img decoding=\"async\" class=\"aligncenter size-full wp-image-2950\" src=\"https:\/\/shenhuexcavator.com\/wp-content\/uploads\/2025\/02\/8c82275a17a362446549e39daba8430.jpg\" alt=\"\" width=\"850\" height=\"650\"> <img decoding=\"async\" class=\"aligncenter size-full wp-image-2951\" src=\"https:\/\/shenhuexcavator.com\/wp-content\/uploads\/2025\/02\/53207373260599ea5f552dfd368f836.jpg\" alt=\"\" width=\"850\" height=\"650\"> <img loading=\"lazy\" decoding=\"async\" class=\"aligncenter size-full wp-image-2952\" src=\"https:\/\/shenhuexcavator.com\/wp-content\/uploads\/2025\/02\/a14fd2da9e75ba6eb82f865a3897d1c.jpg\" alt=\"\" width=\"850\" height=\"650\"> <img loading=\"lazy\" decoding=\"async\" class=\"aligncenter size-full wp-image-2953\" src=\"https:\/\/shenhuexcavator.com\/wp-content\/uploads\/2025\/02\/d606b4cdb54d2dbe1cdd21059f8154c.jpg\" alt=\"\" width=\"850\" height=\"650\"> <img loading=\"lazy\" decoding=\"async\" class=\"aligncenter size-full wp-image-2954\" src=\"https:\/\/shenhuexcavator.com\/wp-content\/uploads\/2025\/02\/e157695403dee29933300eb837bae29.jpg\" alt=\"\" width=\"850\" height=\"650\"><\/p>","protected":false},"excerpt":{"rendered":"<p>La excavadora usada Komatsu PC220-8 es una m\u00e1quina potente dise\u00f1ada para tareas pesadas. Con un peso operativo de 23100 kg y una capacidad de cuchara de 1 metro c\u00fabico, es perfecta para proyectos de excavaci\u00f3n y movimiento de tierras a gran escala. Su motor de 110 kW proporciona una potencia excepcional, mientras que su robusto dise\u00f1o garantiza su durabilidad en condiciones de trabajo dif\u00edciles. El PC220-8 es especialmente adecuado para obras en las que la fiabilidad y el rendimiento son fundamentales,<\/p>","protected":false},"featured_media":2955,"template":"","meta":[],"product_brand":[51],"product_cat":[120,97,48],"product_tag":[],"class_list":{"0":"post-2948","1":"product","2":"type-product","3":"status-publish","4":"has-post-thumbnail","6":"product_brand-komatsu","7":"product_cat-2020-2023","8":"product_cat-22t","9":"product_cat-used-komatsu-excavator","11":"first","12":"instock","13":"shipping-taxable","14":"purchasable","15":"product-type-simple"},"_links":{"self":[{"href":"https:\/\/shenhuexcavator.com\/es\/wp-json\/wp\/v2\/product\/2948","targetHints":{"allow":["GET"]}}],"collection":[{"href":"https:\/\/shenhuexcavator.com\/es\/wp-json\/wp\/v2\/product"}],"about":[{"href":"https:\/\/shenhuexcavator.com\/es\/wp-json\/wp\/v2\/types\/product"}],"wp:featuredmedia":[{"embeddable":true,"href":"https:\/\/shenhuexcavator.com\/es\/wp-json\/wp\/v2\/media\/2955"}],"wp:attachment":[{"href":"https:\/\/shenhuexcavator.com\/es\/wp-json\/wp\/v2\/media?parent=2948"}],"wp:term":[{"taxonomy":"product_brand","embeddable":true,"href":"https:\/\/shenhuexcavator.com\/es\/wp-json\/wp\/v2\/product_brand?post=2948"},{"taxonomy":"product_cat","embeddable":true,"href":"https:\/\/shenhuexcavator.com\/es\/wp-json\/wp\/v2\/product_cat?post=2948"},{"taxonomy":"product_tag","embeddable":true,"href":"https:\/\/shenhuexcavator.com\/es\/wp-json\/wp\/v2\/product_tag?post=2948"}],"curies":[{"name":"wp","href":"https:\/\/api.w.org\/{rel}","templated":true}]}}