{"id":2961,"date":"2025-02-27T15:15:00","date_gmt":"2025-02-27T07:15:00","guid":{"rendered":"https:\/\/shenhuexcavator.com\/?post_type=product&#038;p=2961"},"modified":"2025-07-17T15:10:08","modified_gmt":"2025-07-17T07:10:08","slug":"used-komatsu-pc240lc-excavator","status":"publish","type":"product","link":"https:\/\/shenhuexcavator.com\/es\/producto\/used-komatsu-pc240lc-excavator\/","title":{"rendered":"Excavadora usada Komatsu PC240LC"},"content":{"rendered":"<p><img fetchpriority=\"high\" decoding=\"async\" class=\"aligncenter size-full wp-image-2962\" src=\"https:\/\/shenhuexcavator.com\/wp-content\/uploads\/2025\/02\/1bb8a582bcd691745b34281fadcd58b.jpg\" alt=\"\" width=\"850\" height=\"650\"> <img decoding=\"async\" class=\"aligncenter size-full wp-image-2963\" src=\"https:\/\/shenhuexcavator.com\/wp-content\/uploads\/2025\/02\/4c76e8b9c44cda740fea4e41a2a8ec2.jpg\" alt=\"\" width=\"850\" height=\"650\"> <img decoding=\"async\" class=\"aligncenter size-full wp-image-2964\" src=\"https:\/\/shenhuexcavator.com\/wp-content\/uploads\/2025\/02\/6e010b3b8995106815d23a67a75d228.jpg\" alt=\"\" width=\"850\" height=\"650\"> <img loading=\"lazy\" decoding=\"async\" class=\"aligncenter size-full wp-image-2965\" src=\"https:\/\/shenhuexcavator.com\/wp-content\/uploads\/2025\/02\/8d2912dfbed30f375f57c141b8ae8e2.jpg\" alt=\"\" width=\"850\" height=\"650\"> <img loading=\"lazy\" decoding=\"async\" class=\"aligncenter size-full wp-image-2966\" src=\"https:\/\/shenhuexcavator.com\/wp-content\/uploads\/2025\/02\/881ad3380258783cc42e50da5491f2d.jpg\" alt=\"\" width=\"850\" height=\"650\"><\/p>","protected":false},"excerpt":{"rendered":"<p>La Excavadora Komatsu PC240LC de segunda mano es una m\u00e1quina pesada construida para proyectos de construcci\u00f3n exigentes. Con un peso operativo de 25130 kg y una capacidad de la cuchara de 1,2 metros c\u00fabicos, es ideal para tareas de excavaci\u00f3n y movimiento de tierras a gran escala. Su motor de 125 kW proporciona un rendimiento fiable, mientras que su avanzado sistema hidr\u00e1ulico garantiza un funcionamiento suave. El PC240LC es conocido por su durabilidad y eficiencia de combustible, por lo que es una opci\u00f3n rentable para los contratistas que buscan maximizar la productividad ..,<\/p>","protected":false},"featured_media":2967,"template":"","meta":[],"product_brand":[51],"product_cat":[120,98,48],"product_tag":[],"class_list":{"0":"post-2961","1":"product","2":"type-product","3":"status-publish","4":"has-post-thumbnail","6":"product_brand-komatsu","7":"product_cat-2020-2023","8":"product_cat-24t","9":"product_cat-used-komatsu-excavator","11":"first","12":"instock","13":"shipping-taxable","14":"purchasable","15":"product-type-simple"},"_links":{"self":[{"href":"https:\/\/shenhuexcavator.com\/es\/wp-json\/wp\/v2\/product\/2961","targetHints":{"allow":["GET"]}}],"collection":[{"href":"https:\/\/shenhuexcavator.com\/es\/wp-json\/wp\/v2\/product"}],"about":[{"href":"https:\/\/shenhuexcavator.com\/es\/wp-json\/wp\/v2\/types\/product"}],"wp:featuredmedia":[{"embeddable":true,"href":"https:\/\/shenhuexcavator.com\/es\/wp-json\/wp\/v2\/media\/2967"}],"wp:attachment":[{"href":"https:\/\/shenhuexcavator.com\/es\/wp-json\/wp\/v2\/media?parent=2961"}],"wp:term":[{"taxonomy":"product_brand","embeddable":true,"href":"https:\/\/shenhuexcavator.com\/es\/wp-json\/wp\/v2\/product_brand?post=2961"},{"taxonomy":"product_cat","embeddable":true,"href":"https:\/\/shenhuexcavator.com\/es\/wp-json\/wp\/v2\/product_cat?post=2961"},{"taxonomy":"product_tag","embeddable":true,"href":"https:\/\/shenhuexcavator.com\/es\/wp-json\/wp\/v2\/product_tag?post=2961"}],"curies":[{"name":"wp","href":"https:\/\/api.w.org\/{rel}","templated":true}]}}