{"id":2985,"date":"2025-02-27T15:21:00","date_gmt":"2025-02-27T07:21:00","guid":{"rendered":"https:\/\/shenhuexcavator.com\/?post_type=product&#038;p=2985"},"modified":"2025-07-17T15:10:08","modified_gmt":"2025-07-17T07:10:08","slug":"used-komatsu-pc360-7-excavator","status":"publish","type":"product","link":"https:\/\/shenhuexcavator.com\/es\/producto\/used-komatsu-pc360-7-excavator\/","title":{"rendered":"Excavadora usada Komatsu PC360-7"},"content":{"rendered":"<p><img fetchpriority=\"high\" decoding=\"async\" class=\"aligncenter size-full wp-image-2986\" src=\"https:\/\/shenhuexcavator.com\/wp-content\/uploads\/2025\/02\/1-5-11.jpg\" alt=\"\" width=\"850\" height=\"650\"> <img decoding=\"async\" class=\"aligncenter size-full wp-image-2987\" src=\"https:\/\/shenhuexcavator.com\/wp-content\/uploads\/2025\/02\/1-2-11.jpg\" alt=\"\" width=\"850\" height=\"650\"> <img decoding=\"async\" class=\"aligncenter size-full wp-image-2988\" src=\"https:\/\/shenhuexcavator.com\/wp-content\/uploads\/2025\/02\/1-6-10.jpg\" alt=\"\" width=\"850\" height=\"650\"> <img loading=\"lazy\" decoding=\"async\" class=\"aligncenter size-full wp-image-2989\" src=\"https:\/\/shenhuexcavator.com\/wp-content\/uploads\/2025\/02\/1-7-6.jpg\" alt=\"\" width=\"850\" height=\"650\"> <img loading=\"lazy\" decoding=\"async\" class=\"aligncenter size-full wp-image-2990\" src=\"https:\/\/shenhuexcavator.com\/wp-content\/uploads\/2025\/02\/1-9-7.jpg\" alt=\"\" width=\"850\" height=\"650\"> <img loading=\"lazy\" decoding=\"async\" class=\"aligncenter size-full wp-image-2991\" src=\"https:\/\/shenhuexcavator.com\/wp-content\/uploads\/2025\/02\/16339356611.jpg\" alt=\"\" width=\"850\" height=\"650\"><\/p>","protected":false},"excerpt":{"rendered":"<p>La excavadora usada Komatsu PC360-7 es una m\u00e1quina potente dise\u00f1ada para tareas pesadas. Con un peso operativo de 33000 kg y una capacidad de cuchara de 1,6 metros c\u00fabicos, es perfecta para proyectos de excavaci\u00f3n y movimiento de tierras a gran escala. Su motor de 180 kW proporciona una potencia excepcional, mientras que su robusto dise\u00f1o garantiza su durabilidad en condiciones de trabajo dif\u00edciles. La PC360-7 est\u00e1 especialmente indicada para obras en las que la fiabilidad y el rendimiento son fundamentales..,<\/p>","protected":false},"featured_media":2992,"template":"","meta":[],"product_brand":[51],"product_cat":[120,86,48],"product_tag":[],"class_list":{"0":"post-2985","1":"product","2":"type-product","3":"status-publish","4":"has-post-thumbnail","6":"product_brand-komatsu","7":"product_cat-2020-2023","8":"product_cat-36t","9":"product_cat-used-komatsu-excavator","11":"first","12":"instock","13":"shipping-taxable","14":"purchasable","15":"product-type-simple"},"_links":{"self":[{"href":"https:\/\/shenhuexcavator.com\/es\/wp-json\/wp\/v2\/product\/2985","targetHints":{"allow":["GET"]}}],"collection":[{"href":"https:\/\/shenhuexcavator.com\/es\/wp-json\/wp\/v2\/product"}],"about":[{"href":"https:\/\/shenhuexcavator.com\/es\/wp-json\/wp\/v2\/types\/product"}],"wp:featuredmedia":[{"embeddable":true,"href":"https:\/\/shenhuexcavator.com\/es\/wp-json\/wp\/v2\/media\/2992"}],"wp:attachment":[{"href":"https:\/\/shenhuexcavator.com\/es\/wp-json\/wp\/v2\/media?parent=2985"}],"wp:term":[{"taxonomy":"product_brand","embeddable":true,"href":"https:\/\/shenhuexcavator.com\/es\/wp-json\/wp\/v2\/product_brand?post=2985"},{"taxonomy":"product_cat","embeddable":true,"href":"https:\/\/shenhuexcavator.com\/es\/wp-json\/wp\/v2\/product_cat?post=2985"},{"taxonomy":"product_tag","embeddable":true,"href":"https:\/\/shenhuexcavator.com\/es\/wp-json\/wp\/v2\/product_tag?post=2985"}],"curies":[{"name":"wp","href":"https:\/\/api.w.org\/{rel}","templated":true}]}}