{"id":3561,"date":"2025-03-05T15:43:00","date_gmt":"2025-03-05T07:43:00","guid":{"rendered":"https:\/\/shenhuexcavator.com\/?post_type=product&#038;p=3561"},"modified":"2025-07-17T15:10:13","modified_gmt":"2025-07-17T07:10:13","slug":"used-kubota-kx-163-excavator","status":"publish","type":"product","link":"https:\/\/shenhuexcavator.com\/es\/producto\/used-kubota-kx-163-excavator\/","title":{"rendered":"Excavadora Kubota KX-163 usada"},"content":{"rendered":"<p style=\"text-align: left;\">\n<img fetchpriority=\"high\" decoding=\"async\" class=\"aligncenter size-full wp-image-3562\" src=\"https:\/\/shenhuexcavator.com\/wp-content\/uploads\/2025\/03\/5.jpg\" alt=\"\" width=\"860\" height=\"650\"> <img decoding=\"async\" class=\"aligncenter size-full wp-image-3563\" src=\"https:\/\/shenhuexcavator.com\/wp-content\/uploads\/2025\/03\/6.jpg\" alt=\"\" width=\"860\" height=\"650\"> <img decoding=\"async\" class=\"aligncenter size-full wp-image-3564\" src=\"https:\/\/shenhuexcavator.com\/wp-content\/uploads\/2025\/03\/7.jpg\" alt=\"\" width=\"860\" height=\"650\"> <img loading=\"lazy\" decoding=\"async\" class=\"aligncenter size-full wp-image-3565\" src=\"https:\/\/shenhuexcavator.com\/wp-content\/uploads\/2025\/03\/8.jpg\" alt=\"\" width=\"860\" height=\"650\"> <img loading=\"lazy\" decoding=\"async\" class=\"aligncenter size-full wp-image-3566\" src=\"https:\/\/shenhuexcavator.com\/wp-content\/uploads\/2025\/03\/9.jpg\" alt=\"\" width=\"860\" height=\"650\"><\/p>","protected":false},"excerpt":{"rendered":"<p>La excavadora Kubota KX-163 de segunda mano es una m\u00e1quina potente dise\u00f1ada para tareas medias y pesadas. Con un peso operativo de 5595 kg y una capacidad de la cuchara de 0,22 metros c\u00fabicos, es ideal para operaciones de excavaci\u00f3n, elevaci\u00f3n y carga. Su motor de 35,5 kW proporciona una potencia excepcional, mientras que su robusto dise\u00f1o garantiza su durabilidad en condiciones de trabajo dif\u00edciles. La KX-163 es especialmente adecuada para obras en las que la fiabilidad y el rendimiento son fundamentales.<\/p>","protected":false},"featured_media":3573,"template":"","meta":[],"product_brand":[52],"product_cat":[120,80,47],"product_tag":[],"class_list":{"0":"post-3561","1":"product","2":"type-product","3":"status-publish","4":"has-post-thumbnail","6":"product_brand-kubota","7":"product_cat-2020-2023","8":"product_cat-5t","9":"product_cat-used-kubota-excavator","11":"first","12":"instock","13":"shipping-taxable","14":"purchasable","15":"product-type-simple"},"_links":{"self":[{"href":"https:\/\/shenhuexcavator.com\/es\/wp-json\/wp\/v2\/product\/3561","targetHints":{"allow":["GET"]}}],"collection":[{"href":"https:\/\/shenhuexcavator.com\/es\/wp-json\/wp\/v2\/product"}],"about":[{"href":"https:\/\/shenhuexcavator.com\/es\/wp-json\/wp\/v2\/types\/product"}],"wp:featuredmedia":[{"embeddable":true,"href":"https:\/\/shenhuexcavator.com\/es\/wp-json\/wp\/v2\/media\/3573"}],"wp:attachment":[{"href":"https:\/\/shenhuexcavator.com\/es\/wp-json\/wp\/v2\/media?parent=3561"}],"wp:term":[{"taxonomy":"product_brand","embeddable":true,"href":"https:\/\/shenhuexcavator.com\/es\/wp-json\/wp\/v2\/product_brand?post=3561"},{"taxonomy":"product_cat","embeddable":true,"href":"https:\/\/shenhuexcavator.com\/es\/wp-json\/wp\/v2\/product_cat?post=3561"},{"taxonomy":"product_tag","embeddable":true,"href":"https:\/\/shenhuexcavator.com\/es\/wp-json\/wp\/v2\/product_tag?post=3561"}],"curies":[{"name":"wp","href":"https:\/\/api.w.org\/{rel}","templated":true}]}}