{"id":4208,"date":"2025-04-29T14:38:00","date_gmt":"2025-04-29T06:38:00","guid":{"rendered":"https:\/\/shenhuexcavator.com\/product\/used-kubota-kx161-excavator\/"},"modified":"2025-07-17T15:10:16","modified_gmt":"2025-07-17T07:10:16","slug":"used-kubota-kx161-excavator","status":"publish","type":"product","link":"https:\/\/shenhuexcavator.com\/es\/producto\/used-kubota-kx161-excavator\/","title":{"rendered":"Excavadora Kubota KX161 usada"},"content":{"rendered":"<p><img fetchpriority=\"high\" decoding=\"async\" class=\"aligncenter size-full wp-image-4372\" src=\"https:\/\/shenhuexcavator.com\/wp-content\/uploads\/2025\/04\/\u5fae\u4fe1\u56fe\u7247_202111041622158_WH_850x650px.webp\" alt=\"\" width=\"850\" height=\"650\" srcset=\"https:\/\/shenhuexcavator.com\/wp-content\/uploads\/2025\/04\/\u5fae\u4fe1\u56fe\u7247_202111041622158_WH_850x650px.webp 850w, https:\/\/shenhuexcavator.com\/wp-content\/uploads\/2025\/04\/\u5fae\u4fe1\u56fe\u7247_202111041622158_WH_850x650px-600x459.webp 600w, https:\/\/shenhuexcavator.com\/wp-content\/uploads\/2025\/04\/\u5fae\u4fe1\u56fe\u7247_202111041622158_WH_850x650px-300x229.webp 300w, https:\/\/shenhuexcavator.com\/wp-content\/uploads\/2025\/04\/\u5fae\u4fe1\u56fe\u7247_202111041622158_WH_850x650px-150x115.webp 150w, https:\/\/shenhuexcavator.com\/wp-content\/uploads\/2025\/04\/\u5fae\u4fe1\u56fe\u7247_202111041622158_WH_850x650px-768x587.webp 768w, https:\/\/shenhuexcavator.com\/wp-content\/uploads\/2025\/04\/\u5fae\u4fe1\u56fe\u7247_202111041622158_WH_850x650px-16x12.webp 16w\" sizes=\"(max-width: 850px) 100vw, 850px\" \/> <img decoding=\"async\" class=\"aligncenter size-full wp-image-4373\" src=\"https:\/\/shenhuexcavator.com\/wp-content\/uploads\/2025\/04\/\u5fae\u4fe1\u56fe\u7247_202111041622159_WH_850x650px.webp\" alt=\"\" width=\"850\" height=\"650\" srcset=\"https:\/\/shenhuexcavator.com\/wp-content\/uploads\/2025\/04\/\u5fae\u4fe1\u56fe\u7247_202111041622159_WH_850x650px.webp 850w, https:\/\/shenhuexcavator.com\/wp-content\/uploads\/2025\/04\/\u5fae\u4fe1\u56fe\u7247_202111041622159_WH_850x650px-600x459.webp 600w, https:\/\/shenhuexcavator.com\/wp-content\/uploads\/2025\/04\/\u5fae\u4fe1\u56fe\u7247_202111041622159_WH_850x650px-300x229.webp 300w, https:\/\/shenhuexcavator.com\/wp-content\/uploads\/2025\/04\/\u5fae\u4fe1\u56fe\u7247_202111041622159_WH_850x650px-150x115.webp 150w, https:\/\/shenhuexcavator.com\/wp-content\/uploads\/2025\/04\/\u5fae\u4fe1\u56fe\u7247_202111041622159_WH_850x650px-768x587.webp 768w, https:\/\/shenhuexcavator.com\/wp-content\/uploads\/2025\/04\/\u5fae\u4fe1\u56fe\u7247_202111041622159_WH_850x650px-16x12.webp 16w\" sizes=\"(max-width: 850px) 100vw, 850px\" \/> <img decoding=\"async\" class=\"aligncenter size-full wp-image-4374\" src=\"https:\/\/shenhuexcavator.com\/wp-content\/uploads\/2025\/04\/\u5fae\u4fe1\u56fe\u7247_2021110416221511_WH_850x650px.webp\" alt=\"\" width=\"850\" height=\"650\" srcset=\"https:\/\/shenhuexcavator.com\/wp-content\/uploads\/2025\/04\/\u5fae\u4fe1\u56fe\u7247_2021110416221511_WH_850x650px.webp 850w, https:\/\/shenhuexcavator.com\/wp-content\/uploads\/2025\/04\/\u5fae\u4fe1\u56fe\u7247_2021110416221511_WH_850x650px-600x459.webp 600w, https:\/\/shenhuexcavator.com\/wp-content\/uploads\/2025\/04\/\u5fae\u4fe1\u56fe\u7247_2021110416221511_WH_850x650px-300x229.webp 300w, https:\/\/shenhuexcavator.com\/wp-content\/uploads\/2025\/04\/\u5fae\u4fe1\u56fe\u7247_2021110416221511_WH_850x650px-150x115.webp 150w, https:\/\/shenhuexcavator.com\/wp-content\/uploads\/2025\/04\/\u5fae\u4fe1\u56fe\u7247_2021110416221511_WH_850x650px-768x587.webp 768w, https:\/\/shenhuexcavator.com\/wp-content\/uploads\/2025\/04\/\u5fae\u4fe1\u56fe\u7247_2021110416221511_WH_850x650px-16x12.webp 16w\" sizes=\"(max-width: 850px) 100vw, 850px\" \/> <img loading=\"lazy\" decoding=\"async\" class=\"aligncenter size-full wp-image-4375\" src=\"https:\/\/shenhuexcavator.com\/wp-content\/uploads\/2025\/04\/\u5fae\u4fe1\u56fe\u7247_2021110416221512_WH_850x650px.webp\" alt=\"\" width=\"850\" height=\"650\" srcset=\"https:\/\/shenhuexcavator.com\/wp-content\/uploads\/2025\/04\/\u5fae\u4fe1\u56fe\u7247_2021110416221512_WH_850x650px.webp 850w, https:\/\/shenhuexcavator.com\/wp-content\/uploads\/2025\/04\/\u5fae\u4fe1\u56fe\u7247_2021110416221512_WH_850x650px-600x459.webp 600w, https:\/\/shenhuexcavator.com\/wp-content\/uploads\/2025\/04\/\u5fae\u4fe1\u56fe\u7247_2021110416221512_WH_850x650px-300x229.webp 300w, https:\/\/shenhuexcavator.com\/wp-content\/uploads\/2025\/04\/\u5fae\u4fe1\u56fe\u7247_2021110416221512_WH_850x650px-150x115.webp 150w, https:\/\/shenhuexcavator.com\/wp-content\/uploads\/2025\/04\/\u5fae\u4fe1\u56fe\u7247_2021110416221512_WH_850x650px-768x587.webp 768w, https:\/\/shenhuexcavator.com\/wp-content\/uploads\/2025\/04\/\u5fae\u4fe1\u56fe\u7247_2021110416221512_WH_850x650px-16x12.webp 16w\" sizes=\"(max-width: 850px) 100vw, 850px\" \/> <img loading=\"lazy\" decoding=\"async\" class=\"aligncenter size-full wp-image-4376\" src=\"https:\/\/shenhuexcavator.com\/wp-content\/uploads\/2025\/04\/\u5fae\u4fe1\u56fe\u7247_2021110416221513_WH_850x650px.webp\" alt=\"\" width=\"850\" height=\"650\" srcset=\"https:\/\/shenhuexcavator.com\/wp-content\/uploads\/2025\/04\/\u5fae\u4fe1\u56fe\u7247_2021110416221513_WH_850x650px.webp 850w, https:\/\/shenhuexcavator.com\/wp-content\/uploads\/2025\/04\/\u5fae\u4fe1\u56fe\u7247_2021110416221513_WH_850x650px-600x459.webp 600w, https:\/\/shenhuexcavator.com\/wp-content\/uploads\/2025\/04\/\u5fae\u4fe1\u56fe\u7247_2021110416221513_WH_850x650px-300x229.webp 300w, https:\/\/shenhuexcavator.com\/wp-content\/uploads\/2025\/04\/\u5fae\u4fe1\u56fe\u7247_2021110416221513_WH_850x650px-150x115.webp 150w, https:\/\/shenhuexcavator.com\/wp-content\/uploads\/2025\/04\/\u5fae\u4fe1\u56fe\u7247_2021110416221513_WH_850x650px-768x587.webp 768w, https:\/\/shenhuexcavator.com\/wp-content\/uploads\/2025\/04\/\u5fae\u4fe1\u56fe\u7247_2021110416221513_WH_850x650px-16x12.webp 16w\" sizes=\"(max-width: 850px) 100vw, 850px\" \/><\/p>","protected":false},"excerpt":{"rendered":"<p>\"La Kubota KX161 usada es una excavadora de la categor\u00eda de 6 toneladas que ofrece una mezcla de potencia y maniobrabilidad. Su motor de 48,6 CV proporciona una gran fuerza de excavaci\u00f3n (cuchara de 38 kN, brazo de 26 kN), lo que la hace capaz de realizar tareas medias como zanjeo y trabajos de cimentaci\u00f3n. La KX161 dispone de una cabina espaciosa y aislada ac\u00fasticamente con mandos intuitivos tipo joystick y c\u00e1mara de visi\u00f3n trasera (en modelos posteriores). Las unidades usadas suelen mostrar desgaste en el tren de rodaje (especialmente en los brazos de orugas y rodillos) pero se benefician de los componentes de f\u00e1cil mantenimiento de Kubota. Con una profundidad de excavaci\u00f3n de 4,1 m y una capacidad de la cuchara de hasta 0,28 m\u00b3, es popular en la agricultura y el mantenimiento de carreteras. Los compradores deben inspeccionar los retenes del motor basculante y el bloque de v\u00e1lvulas hidr\u00e1ulicas en busca de fugas. Los ejemplares con un buen mantenimiento y entre 4.000 y 8.000 horas de servicio pueden seguir ofreciendo a\u00f1os de servicio, especialmente si se han seguido los intervalos de mantenimiento especificados de f\u00e1brica.\"<\/p>","protected":false},"featured_media":4377,"template":"","meta":[],"product_brand":[52],"product_cat":[103,120,47],"product_tag":[],"class_list":{"0":"post-4208","1":"product","2":"type-product","3":"status-publish","4":"has-post-thumbnail","6":"product_brand-kubota","7":"product_cat-1-6t","8":"product_cat-2020-2023","9":"product_cat-used-kubota-excavator","11":"first","12":"instock","13":"shipping-taxable","14":"purchasable","15":"product-type-simple"},"_links":{"self":[{"href":"https:\/\/shenhuexcavator.com\/es\/wp-json\/wp\/v2\/product\/4208","targetHints":{"allow":["GET"]}}],"collection":[{"href":"https:\/\/shenhuexcavator.com\/es\/wp-json\/wp\/v2\/product"}],"about":[{"href":"https:\/\/shenhuexcavator.com\/es\/wp-json\/wp\/v2\/types\/product"}],"wp:featuredmedia":[{"embeddable":true,"href":"https:\/\/shenhuexcavator.com\/es\/wp-json\/wp\/v2\/media\/4377"}],"wp:attachment":[{"href":"https:\/\/shenhuexcavator.com\/es\/wp-json\/wp\/v2\/media?parent=4208"}],"wp:term":[{"taxonomy":"product_brand","embeddable":true,"href":"https:\/\/shenhuexcavator.com\/es\/wp-json\/wp\/v2\/product_brand?post=4208"},{"taxonomy":"product_cat","embeddable":true,"href":"https:\/\/shenhuexcavator.com\/es\/wp-json\/wp\/v2\/product_cat?post=4208"},{"taxonomy":"product_tag","embeddable":true,"href":"https:\/\/shenhuexcavator.com\/es\/wp-json\/wp\/v2\/product_tag?post=4208"}],"curies":[{"name":"wp","href":"https:\/\/api.w.org\/{rel}","templated":true}]}}